{"id":15751,"date":"2025-04-22T17:30:42","date_gmt":"2025-04-22T17:30:42","guid":{"rendered":"https:\/\/www.globaltools.pt\/produto\/rebolo-de-esmeril-cinza\/"},"modified":"2025-09-05T08:24:27","modified_gmt":"2025-09-05T08:24:27","slug":"rebolo-de-esmeril-cinza","status":"publish","type":"product","link":"https:\/\/www.globaltools.pt\/en\/produto\/rebolo-de-esmeril-cinza\/","title":{"rendered":"Rebolo de Esmeril Cinza"},"content":{"rendered":"\t\t<div data-elementor-type=\"product-post\" data-elementor-id=\"15751\" class=\"elementor elementor-15751\" data-elementor-post-type=\"product\">\n\t\t\t\t<div class=\"wd-negative-gap elementor-element elementor-element-1f10487 e-grid e-con-boxed e-con e-parent\" data-id=\"1f10487\" data-element_type=\"container\">\n\t\t\t\t\t<div class=\"e-con-inner\">\n\t\t\t\t<div class=\"elementor-element elementor-element-2e4b78c elementor-widget elementor-widget-wd_text_block\" data-id=\"2e4b78c\" data-element_type=\"widget\" data-widget_type=\"wd_text_block.default\">\n\t\t\t\t<div class=\"elementor-widget-container\">\n\t\t\t\t\t\t\t<div class=\"wd-text-block reset-last-child text-left\">\n\t\t\t\n\t\t\t<p>Rebolo de Esmeril Cinzento DELTATOOLS<\/p><ul><li>Gr\u00e3os de \u00f3xido de alum\u00ednio arredondados com a\u00e7\u00e3o de macro-desgaste, efeito de polimento e cria\u00e7\u00e3o\u00a0 de camada de passiva\u00e7\u00e3o (que protege contra a corros\u00e3o).<\/li><li>Estrutura dura gr\u00e3os conectados por uma maior quantidade de liga que envolve o gr\u00e3o mais corretamente.<\/li><li>Alta densidade com gr\u00e3os dispostos de forma concentrada para um acabamento suave.<\/li><li>30 - Granulometria grossa<\/li><li>60 - Granulometria m\u00e9dia<\/li><\/ul>\n\t\t\t\t\t<\/div>\n\t\t\t\t\t\t<\/div>\n\t\t\t\t<\/div>\n\t\t\t\t<div class=\"elementor-element elementor-element-d1cbd2e elementor-widget elementor-widget-wd_image_or_svg\" data-id=\"d1cbd2e\" data-element_type=\"widget\" data-widget_type=\"wd_image_or_svg.default\">\n\t\t\t\t<div class=\"elementor-widget-container\">\n\t\t\t\t\t\n\t\t<div class=\"wd-image text-left\">\n\t\t\t\t\t\t\t\t<img fetchpriority=\"high\" decoding=\"async\" width=\"1201\" height=\"1200\" src=\"https:\/\/www.globaltools.pt\/wp-content\/uploads\/2025\/05\/7-REBOLO-CINZA.jpg\" class=\"attachment-full size-full\" alt=\"\" srcset=\"https:\/\/www.globaltools.pt\/wp-content\/uploads\/2025\/05\/7-REBOLO-CINZA.jpg 1201w, https:\/\/www.globaltools.pt\/wp-content\/uploads\/2025\/05\/7-REBOLO-CINZA-300x300.jpg 300w, https:\/\/www.globaltools.pt\/wp-content\/uploads\/2025\/05\/7-REBOLO-CINZA-801x800.jpg 801w, https:\/\/www.globaltools.pt\/wp-content\/uploads\/2025\/05\/7-REBOLO-CINZA-150x150.jpg 150w, https:\/\/www.globaltools.pt\/wp-content\/uploads\/2025\/05\/7-REBOLO-CINZA-768x767.jpg 768w, https:\/\/www.globaltools.pt\/wp-content\/uploads\/2025\/05\/7-REBOLO-CINZA-430x430.jpg 430w, https:\/\/www.globaltools.pt\/wp-content\/uploads\/2025\/05\/7-REBOLO-CINZA-700x699.jpg 700w\" sizes=\"(max-width: 1201px) 100vw, 1201px\" \/>\t\t\t\t\t<\/div>\n\n\t\t\t\t\t\t<\/div>\n\t\t\t\t<\/div>\n\t\t\t\t\t<\/div>\n\t\t\t\t<\/div>\n\t\t\t\t<\/div>\n\t\t","protected":false},"excerpt":{"rendered":"<p><img decoding=\"async\" class=\"alignnone wp-image-17863\" src=\"https:\/\/www.globaltools.pt\/wp-content\/uploads\/2025\/05\/DELTATOOLS-LOGO-400x89.jpg\" alt=\"\" width=\"153\" height=\"34\" srcset=\"https:\/\/www.globaltools.pt\/wp-content\/uploads\/2025\/05\/DELTATOOLS-LOGO-400x89.jpg 400w, https:\/\/www.globaltools.pt\/wp-content\/uploads\/2025\/05\/DELTATOOLS-LOGO-430x95.jpg 430w, https:\/\/www.globaltools.pt\/wp-content\/uploads\/2025\/05\/DELTATOOLS-LOGO-150x33.jpg 150w, https:\/\/www.globaltools.pt\/wp-content\/uploads\/2025\/05\/DELTATOOLS-LOGO.jpg 542w\" sizes=\"(max-width: 153px) 100vw, 153px\" \/><\/p>\n<p>Rebolo cinza para remo\u00e7\u00f5es pesadas e r\u00e1pidas. Ideal para desbastar.<\/p>\n<p><img decoding=\"async\" class=\"alignnone wp-image-19548 size-full\" src=\"https:\/\/www.globaltools.pt\/wp-content\/uploads\/2025\/04\/TAB-REBOLO-CINZA.png\" alt=\"\" width=\"501\" height=\"236\" srcset=\"https:\/\/www.globaltools.pt\/wp-content\/uploads\/2025\/04\/TAB-REBOLO-CINZA.png 501w, https:\/\/www.globaltools.pt\/wp-content\/uploads\/2025\/04\/TAB-REBOLO-CINZA-400x188.png 400w, https:\/\/www.globaltools.pt\/wp-content\/uploads\/2025\/04\/TAB-REBOLO-CINZA-430x203.png 430w, https:\/\/www.globaltools.pt\/wp-content\/uploads\/2025\/04\/TAB-REBOLO-CINZA-150x71.png 150w\" sizes=\"(max-width: 501px) 100vw, 501px\" \/><\/p>\n<p>&nbsp;<\/p>\n","protected":false},"featured_media":18173,"template":"","meta":[],"product_brand":[],"product_cat":[27],"product_tag":[],"class_list":{"0":"post-15751","1":"product","2":"type-product","3":"status-publish","4":"has-post-thumbnail","6":"product_cat-abrasivos-rigidos-e-flexiveis","8":"first","9":"instock","10":"shipping-taxable","11":"product-type-simple"},"yoast_head":"<!-- This site is optimized with the Yoast SEO plugin v26.7 - https:\/\/yoast.com\/wordpress\/plugins\/seo\/ -->\n<title>Rebolo de Esmeril Cinza - DELTATOOLS<\/title>\n<meta name=\"description\" content=\"Rebolo cinza para remo\u00e7\u00f5es pesadas e r\u00e1pidas. Ideal para desbastar. DELTATOOLS\" \/>\n<meta name=\"robots\" content=\"index, follow, max-snippet:-1, max-image-preview:large, max-video-preview:-1\" \/>\n<link rel=\"canonical\" href=\"https:\/\/www.globaltools.pt\/produto\/rebolo-de-esmeril-cinza\/\" \/>\n<meta property=\"og:locale\" content=\"en_US\" \/>\n<meta property=\"og:type\" content=\"article\" \/>\n<meta property=\"og:title\" content=\"Rebolo de Esmeril Cinza - DELTATOOLS\" \/>\n<meta property=\"og:description\" content=\"Rebolo cinza para remo\u00e7\u00f5es pesadas e r\u00e1pidas. Ideal para desbastar. DELTATOOLS\" \/>\n<meta property=\"og:url\" content=\"https:\/\/www.globaltools.pt\/produto\/rebolo-de-esmeril-cinza\/\" \/>\n<meta property=\"og:site_name\" content=\"GlobalTools\" \/>\n<meta property=\"article:modified_time\" content=\"2025-09-05T08:24:27+00:00\" \/>\n<meta property=\"og:image\" content=\"https:\/\/www.globaltools.pt\/wp-content\/uploads\/2025\/05\/REBOLO-CINZA.jpg\" \/>\n\t<meta property=\"og:image:width\" content=\"952\" \/>\n\t<meta property=\"og:image:height\" content=\"952\" \/>\n\t<meta property=\"og:image:type\" content=\"image\/jpeg\" \/>\n<meta name=\"twitter:card\" content=\"summary_large_image\" \/>\n<meta name=\"twitter:label1\" content=\"Est. reading time\" \/>\n\t<meta name=\"twitter:data1\" content=\"1 minute\" \/>\n<script type=\"application\/ld+json\" class=\"yoast-schema-graph\">{\"@context\":\"https:\/\/schema.org\",\"@graph\":[{\"@type\":\"WebPage\",\"@id\":\"https:\/\/www.globaltools.pt\/produto\/rebolo-de-esmeril-cinza\/\",\"url\":\"https:\/\/www.globaltools.pt\/produto\/rebolo-de-esmeril-cinza\/\",\"name\":\"Rebolo de Esmeril Cinza - DELTATOOLS\",\"isPartOf\":{\"@id\":\"https:\/\/www.globaltools.pt\/#website\"},\"primaryImageOfPage\":{\"@id\":\"https:\/\/www.globaltools.pt\/produto\/rebolo-de-esmeril-cinza\/#primaryimage\"},\"image\":{\"@id\":\"https:\/\/www.globaltools.pt\/produto\/rebolo-de-esmeril-cinza\/#primaryimage\"},\"thumbnailUrl\":\"https:\/\/www.globaltools.pt\/wp-content\/uploads\/2025\/05\/REBOLO-CINZA.jpg\",\"datePublished\":\"2025-04-22T17:30:42+00:00\",\"dateModified\":\"2025-09-05T08:24:27+00:00\",\"description\":\"Rebolo cinza para remo\u00e7\u00f5es pesadas e r\u00e1pidas. Ideal para desbastar. DELTATOOLS\",\"breadcrumb\":{\"@id\":\"https:\/\/www.globaltools.pt\/produto\/rebolo-de-esmeril-cinza\/#breadcrumb\"},\"inLanguage\":\"en-US\",\"potentialAction\":[{\"@type\":\"ReadAction\",\"target\":[\"https:\/\/www.globaltools.pt\/produto\/rebolo-de-esmeril-cinza\/\"]}]},{\"@type\":\"ImageObject\",\"inLanguage\":\"en-US\",\"@id\":\"https:\/\/www.globaltools.pt\/produto\/rebolo-de-esmeril-cinza\/#primaryimage\",\"url\":\"https:\/\/www.globaltools.pt\/wp-content\/uploads\/2025\/05\/REBOLO-CINZA.jpg\",\"contentUrl\":\"https:\/\/www.globaltools.pt\/wp-content\/uploads\/2025\/05\/REBOLO-CINZA.jpg\",\"width\":952,\"height\":952},{\"@type\":\"BreadcrumbList\",\"@id\":\"https:\/\/www.globaltools.pt\/produto\/rebolo-de-esmeril-cinza\/#breadcrumb\",\"itemListElement\":[{\"@type\":\"ListItem\",\"position\":1,\"name\":\"In\u00edcio\",\"item\":\"https:\/\/www.globaltools.pt\/\"},{\"@type\":\"ListItem\",\"position\":2,\"name\":\"Shop\",\"item\":\"https:\/\/www.globaltools.pt\/en\/shop\/\"},{\"@type\":\"ListItem\",\"position\":3,\"name\":\"Rebolo de Esmeril Cinza\"}]},{\"@type\":\"WebSite\",\"@id\":\"https:\/\/www.globaltools.pt\/#website\",\"url\":\"https:\/\/www.globaltools.pt\/\",\"name\":\"Globaltools\",\"description\":\"\",\"publisher\":{\"@id\":\"https:\/\/www.globaltools.pt\/#organization\"},\"potentialAction\":[{\"@type\":\"SearchAction\",\"target\":{\"@type\":\"EntryPoint\",\"urlTemplate\":\"https:\/\/www.globaltools.pt\/?s={search_term_string}\"},\"query-input\":{\"@type\":\"PropertyValueSpecification\",\"valueRequired\":true,\"valueName\":\"search_term_string\"}}],\"inLanguage\":\"en-US\"},{\"@type\":\"Organization\",\"@id\":\"https:\/\/www.globaltools.pt\/#organization\",\"name\":\"Globaltools\",\"url\":\"https:\/\/www.globaltools.pt\/\",\"logo\":{\"@type\":\"ImageObject\",\"inLanguage\":\"en-US\",\"@id\":\"https:\/\/www.globaltools.pt\/#\/schema\/logo\/image\/\",\"url\":\"https:\/\/www.globaltools.pt\/wp-content\/uploads\/2025\/05\/DELTATOOLS-LOGO.jpg\",\"contentUrl\":\"https:\/\/www.globaltools.pt\/wp-content\/uploads\/2025\/05\/DELTATOOLS-LOGO.jpg\",\"width\":542,\"height\":120,\"caption\":\"Globaltools\"},\"image\":{\"@id\":\"https:\/\/www.globaltools.pt\/#\/schema\/logo\/image\/\"}}]}<\/script>\n<!-- \/ Yoast SEO plugin. -->","yoast_head_json":{"title":"Rebolo de Esmeril Cinza - DELTATOOLS","description":"Rebolo cinza para remo\u00e7\u00f5es pesadas e r\u00e1pidas. Ideal para desbastar. DELTATOOLS","robots":{"index":"index","follow":"follow","max-snippet":"max-snippet:-1","max-image-preview":"max-image-preview:large","max-video-preview":"max-video-preview:-1"},"canonical":"https:\/\/www.globaltools.pt\/produto\/rebolo-de-esmeril-cinza\/","og_locale":"en_US","og_type":"article","og_title":"Rebolo de Esmeril Cinza - DELTATOOLS","og_description":"Rebolo cinza para remo\u00e7\u00f5es pesadas e r\u00e1pidas. Ideal para desbastar. DELTATOOLS","og_url":"https:\/\/www.globaltools.pt\/produto\/rebolo-de-esmeril-cinza\/","og_site_name":"GlobalTools","article_modified_time":"2025-09-05T08:24:27+00:00","og_image":[{"width":952,"height":952,"url":"https:\/\/www.globaltools.pt\/wp-content\/uploads\/2025\/05\/REBOLO-CINZA.jpg","type":"image\/jpeg"}],"twitter_card":"summary_large_image","twitter_misc":{"Est. reading time":"1 minute"},"schema":{"@context":"https:\/\/schema.org","@graph":[{"@type":"WebPage","@id":"https:\/\/www.globaltools.pt\/produto\/rebolo-de-esmeril-cinza\/","url":"https:\/\/www.globaltools.pt\/produto\/rebolo-de-esmeril-cinza\/","name":"Rebolo de Esmeril Cinza - DELTATOOLS","isPartOf":{"@id":"https:\/\/www.globaltools.pt\/#website"},"primaryImageOfPage":{"@id":"https:\/\/www.globaltools.pt\/produto\/rebolo-de-esmeril-cinza\/#primaryimage"},"image":{"@id":"https:\/\/www.globaltools.pt\/produto\/rebolo-de-esmeril-cinza\/#primaryimage"},"thumbnailUrl":"https:\/\/www.globaltools.pt\/wp-content\/uploads\/2025\/05\/REBOLO-CINZA.jpg","datePublished":"2025-04-22T17:30:42+00:00","dateModified":"2025-09-05T08:24:27+00:00","description":"Rebolo cinza para remo\u00e7\u00f5es pesadas e r\u00e1pidas. Ideal para desbastar. DELTATOOLS","breadcrumb":{"@id":"https:\/\/www.globaltools.pt\/produto\/rebolo-de-esmeril-cinza\/#breadcrumb"},"inLanguage":"en-US","potentialAction":[{"@type":"ReadAction","target":["https:\/\/www.globaltools.pt\/produto\/rebolo-de-esmeril-cinza\/"]}]},{"@type":"ImageObject","inLanguage":"en-US","@id":"https:\/\/www.globaltools.pt\/produto\/rebolo-de-esmeril-cinza\/#primaryimage","url":"https:\/\/www.globaltools.pt\/wp-content\/uploads\/2025\/05\/REBOLO-CINZA.jpg","contentUrl":"https:\/\/www.globaltools.pt\/wp-content\/uploads\/2025\/05\/REBOLO-CINZA.jpg","width":952,"height":952},{"@type":"BreadcrumbList","@id":"https:\/\/www.globaltools.pt\/produto\/rebolo-de-esmeril-cinza\/#breadcrumb","itemListElement":[{"@type":"ListItem","position":1,"name":"In\u00edcio","item":"https:\/\/www.globaltools.pt\/"},{"@type":"ListItem","position":2,"name":"Shop","item":"https:\/\/www.globaltools.pt\/en\/shop\/"},{"@type":"ListItem","position":3,"name":"Rebolo de Esmeril Cinza"}]},{"@type":"WebSite","@id":"https:\/\/www.globaltools.pt\/#website","url":"https:\/\/www.globaltools.pt\/","name":"Globaltools","description":"","publisher":{"@id":"https:\/\/www.globaltools.pt\/#organization"},"potentialAction":[{"@type":"SearchAction","target":{"@type":"EntryPoint","urlTemplate":"https:\/\/www.globaltools.pt\/?s={search_term_string}"},"query-input":{"@type":"PropertyValueSpecification","valueRequired":true,"valueName":"search_term_string"}}],"inLanguage":"en-US"},{"@type":"Organization","@id":"https:\/\/www.globaltools.pt\/#organization","name":"Globaltools","url":"https:\/\/www.globaltools.pt\/","logo":{"@type":"ImageObject","inLanguage":"en-US","@id":"https:\/\/www.globaltools.pt\/#\/schema\/logo\/image\/","url":"https:\/\/www.globaltools.pt\/wp-content\/uploads\/2025\/05\/DELTATOOLS-LOGO.jpg","contentUrl":"https:\/\/www.globaltools.pt\/wp-content\/uploads\/2025\/05\/DELTATOOLS-LOGO.jpg","width":542,"height":120,"caption":"Globaltools"},"image":{"@id":"https:\/\/www.globaltools.pt\/#\/schema\/logo\/image\/"}}]}},"_links":{"self":[{"href":"https:\/\/www.globaltools.pt\/en\/wp-json\/wp\/v2\/product\/15751","targetHints":{"allow":["GET"]}}],"collection":[{"href":"https:\/\/www.globaltools.pt\/en\/wp-json\/wp\/v2\/product"}],"about":[{"href":"https:\/\/www.globaltools.pt\/en\/wp-json\/wp\/v2\/types\/product"}],"version-history":[{"count":19,"href":"https:\/\/www.globaltools.pt\/en\/wp-json\/wp\/v2\/product\/15751\/revisions"}],"predecessor-version":[{"id":19551,"href":"https:\/\/www.globaltools.pt\/en\/wp-json\/wp\/v2\/product\/15751\/revisions\/19551"}],"wp:featuredmedia":[{"embeddable":true,"href":"https:\/\/www.globaltools.pt\/en\/wp-json\/wp\/v2\/media\/18173"}],"wp:attachment":[{"href":"https:\/\/www.globaltools.pt\/en\/wp-json\/wp\/v2\/media?parent=15751"}],"wp:term":[{"taxonomy":"product_brand","embeddable":true,"href":"https:\/\/www.globaltools.pt\/en\/wp-json\/wp\/v2\/product_brand?post=15751"},{"taxonomy":"product_cat","embeddable":true,"href":"https:\/\/www.globaltools.pt\/en\/wp-json\/wp\/v2\/product_cat?post=15751"},{"taxonomy":"product_tag","embeddable":true,"href":"https:\/\/www.globaltools.pt\/en\/wp-json\/wp\/v2\/product_tag?post=15751"}],"curies":[{"name":"wp","href":"https:\/\/api.w.org\/{rel}","templated":true}]}}