{"id":15753,"date":"2025-04-22T17:30:42","date_gmt":"2025-04-22T17:30:42","guid":{"rendered":"https:\/\/www.globaltools.pt\/produto\/discos-diamantados-turbo-universal-shpline\/"},"modified":"2025-09-05T08:46:31","modified_gmt":"2025-09-05T08:46:31","slug":"disco-diamantado-turbo-universal-shpline","status":"publish","type":"product","link":"https:\/\/www.globaltools.pt\/en\/produto\/disco-diamantado-turbo-universal-shpline\/","title":{"rendered":"Disco diamantado Turbo Universal SHPline"},"content":{"rendered":"\t\t<div data-elementor-type=\"product-post\" data-elementor-id=\"15753\" class=\"elementor elementor-15753\" data-elementor-post-type=\"product\">\n\t\t\t\t<div class=\"wd-negative-gap elementor-element elementor-element-a00cc79 e-grid e-con-boxed e-con e-parent\" data-id=\"a00cc79\" data-element_type=\"container\">\n\t\t\t\t\t<div class=\"e-con-inner\">\n\t\t\t\t<div class=\"elementor-element elementor-element-5cc61b1 elementor-widget elementor-widget-wd_text_block\" data-id=\"5cc61b1\" data-element_type=\"widget\" data-widget_type=\"wd_text_block.default\">\n\t\t\t\t<div class=\"elementor-widget-container\">\n\t\t\t\t\t\t\t<div class=\"wd-text-block reset-last-child text-left\">\n\t\t\t\n\t\t\t<p>\u00a0<\/p><p>Discos Diamantados Turbo Universal SHPline da DELTATOOLS<\/p><ul><li>Segmento de 15mm, oferece uma longevidade superior e um maior n\u00famero de cortes.<\/li><li>Segmento em diamante, com 22% de concentra\u00e7\u00e3o e sinteriza\u00e7\u00e3o em liga de cobre, ferro e n\u00edquel, garantindo resist\u00eancia.<\/li><li>Corpo em metal 65Mn proporciona elevada dureza e resist\u00eancia.<\/li><li>Faixas de velocidade para minimizar a fric\u00e7\u00e3o.<\/li><li>Design turbo para corte r\u00e1pido e maior escoamento de res\u00edduos.<\/li><li>Furos de refrigera\u00e7\u00e3o que reduzem vibra\u00e7\u00f5es e ru\u00eddo.<\/li><\/ul>\n\t\t\t\t\t<\/div>\n\t\t\t\t\t\t<\/div>\n\t\t\t\t<\/div>\n\t\t\t\t<div class=\"elementor-element elementor-element-1ac8da0 elementor-widget elementor-widget-wd_image_or_svg\" data-id=\"1ac8da0\" data-element_type=\"widget\" data-widget_type=\"wd_image_or_svg.default\">\n\t\t\t\t<div class=\"elementor-widget-container\">\n\t\t\t\t\t\n\t\t<div class=\"wd-image text-left\">\n\t\t\t\t\t\t\t\t<img fetchpriority=\"high\" decoding=\"async\" width=\"1200\" height=\"1200\" src=\"https:\/\/www.globaltools.pt\/wp-content\/uploads\/2025\/05\/10-DISCO-DIAM-SHP.jpg\" class=\"attachment-full size-full\" alt=\"\" srcset=\"https:\/\/www.globaltools.pt\/wp-content\/uploads\/2025\/05\/10-DISCO-DIAM-SHP.jpg 1200w, https:\/\/www.globaltools.pt\/wp-content\/uploads\/2025\/05\/10-DISCO-DIAM-SHP-300x300.jpg 300w, https:\/\/www.globaltools.pt\/wp-content\/uploads\/2025\/05\/10-DISCO-DIAM-SHP-800x800.jpg 800w, https:\/\/www.globaltools.pt\/wp-content\/uploads\/2025\/05\/10-DISCO-DIAM-SHP-150x150.jpg 150w, https:\/\/www.globaltools.pt\/wp-content\/uploads\/2025\/05\/10-DISCO-DIAM-SHP-768x768.jpg 768w, https:\/\/www.globaltools.pt\/wp-content\/uploads\/2025\/05\/10-DISCO-DIAM-SHP-430x430.jpg 430w, https:\/\/www.globaltools.pt\/wp-content\/uploads\/2025\/05\/10-DISCO-DIAM-SHP-700x700.jpg 700w\" sizes=\"(max-width: 1200px) 100vw, 1200px\" \/>\t\t\t\t\t<\/div>\n\n\t\t\t\t\t\t<\/div>\n\t\t\t\t<\/div>\n\t\t\t\t\t<\/div>\n\t\t\t\t<\/div>\n\t\t\t\t<\/div>\n\t\t","protected":false},"excerpt":{"rendered":"<p><img decoding=\"async\" class=\"alignnone wp-image-17863\" src=\"https:\/\/www.globaltools.pt\/wp-content\/uploads\/2025\/05\/DELTATOOLS-LOGO-400x89.jpg\" alt=\"\" width=\"153\" height=\"34\" srcset=\"https:\/\/www.globaltools.pt\/wp-content\/uploads\/2025\/05\/DELTATOOLS-LOGO-400x89.jpg 400w, https:\/\/www.globaltools.pt\/wp-content\/uploads\/2025\/05\/DELTATOOLS-LOGO-430x95.jpg 430w, https:\/\/www.globaltools.pt\/wp-content\/uploads\/2025\/05\/DELTATOOLS-LOGO-150x33.jpg 150w, https:\/\/www.globaltools.pt\/wp-content\/uploads\/2025\/05\/DELTATOOLS-LOGO.jpg 542w\" sizes=\"(max-width: 153px) 100vw, 153px\" \/><\/p>\n<p>Discos diamantados turbo universal SHPline com formato turbo para um avan\u00e7o mais r\u00e1pido em materiais mais exigentes. Possui<strong> segmentos de corte de 15 mm, maior do mercado, <\/strong>que garante maior durabilidade.<\/p>\n<p><img decoding=\"async\" class=\"alignnone wp-image-19562 size-full\" src=\"https:\/\/www.globaltools.pt\/wp-content\/uploads\/2025\/04\/TAB-DISCO-SHP.png\" alt=\"\" width=\"500\" height=\"60\" srcset=\"https:\/\/www.globaltools.pt\/wp-content\/uploads\/2025\/04\/TAB-DISCO-SHP.png 500w, https:\/\/www.globaltools.pt\/wp-content\/uploads\/2025\/04\/TAB-DISCO-SHP-400x48.png 400w, https:\/\/www.globaltools.pt\/wp-content\/uploads\/2025\/04\/TAB-DISCO-SHP-430x52.png 430w, https:\/\/www.globaltools.pt\/wp-content\/uploads\/2025\/04\/TAB-DISCO-SHP-150x18.png 150w\" sizes=\"(max-width: 500px) 100vw, 500px\" \/><\/p>\n","protected":false},"featured_media":18155,"template":"","meta":[],"product_brand":[],"product_cat":[28],"product_tag":[],"class_list":{"0":"post-15753","1":"product","2":"type-product","3":"status-publish","4":"has-post-thumbnail","6":"product_cat-discos-e-mos-diamante","8":"first","9":"instock","10":"shipping-taxable","11":"product-type-simple"},"yoast_head":"<!-- This site is optimized with the Yoast SEO plugin v26.7 - https:\/\/yoast.com\/wordpress\/plugins\/seo\/ -->\n<title>Discos diamantados turbo universal<\/title>\n<meta name=\"description\" content=\"Discos diamantados turbo universal SHPline segmentos de corte de 15 mm, com formato turbo para um avan\u00e7o mais r\u00e1pido em materiais mais exigentes. .\" \/>\n<meta name=\"robots\" content=\"index, follow, max-snippet:-1, max-image-preview:large, max-video-preview:-1\" \/>\n<link rel=\"canonical\" href=\"https:\/\/www.globaltools.pt\/produto\/disco-diamantado-turbo-universal-shpline\/\" \/>\n<meta property=\"og:locale\" content=\"en_US\" \/>\n<meta property=\"og:type\" content=\"article\" \/>\n<meta property=\"og:title\" content=\"Discos diamantados turbo universal\" \/>\n<meta property=\"og:description\" content=\"Discos diamantados turbo universal SHPline segmentos de corte de 15 mm, com formato turbo para um avan\u00e7o mais r\u00e1pido em materiais mais exigentes. .\" \/>\n<meta property=\"og:url\" content=\"https:\/\/www.globaltools.pt\/produto\/disco-diamantado-turbo-universal-shpline\/\" \/>\n<meta property=\"og:site_name\" content=\"GlobalTools\" \/>\n<meta property=\"article:modified_time\" content=\"2025-09-05T08:46:31+00:00\" \/>\n<meta property=\"og:image\" content=\"https:\/\/www.globaltools.pt\/wp-content\/uploads\/2025\/05\/DISCO-SHP-1.jpg\" \/>\n\t<meta property=\"og:image:width\" content=\"952\" \/>\n\t<meta property=\"og:image:height\" content=\"952\" \/>\n\t<meta property=\"og:image:type\" content=\"image\/jpeg\" \/>\n<meta name=\"twitter:card\" content=\"summary_large_image\" \/>\n<meta name=\"twitter:label1\" content=\"Est. reading time\" \/>\n\t<meta name=\"twitter:data1\" content=\"1 minute\" \/>\n<script type=\"application\/ld+json\" class=\"yoast-schema-graph\">{\"@context\":\"https:\/\/schema.org\",\"@graph\":[{\"@type\":\"WebPage\",\"@id\":\"https:\/\/www.globaltools.pt\/produto\/disco-diamantado-turbo-universal-shpline\/\",\"url\":\"https:\/\/www.globaltools.pt\/produto\/disco-diamantado-turbo-universal-shpline\/\",\"name\":\"Discos diamantados turbo universal\",\"isPartOf\":{\"@id\":\"https:\/\/www.globaltools.pt\/#website\"},\"primaryImageOfPage\":{\"@id\":\"https:\/\/www.globaltools.pt\/produto\/disco-diamantado-turbo-universal-shpline\/#primaryimage\"},\"image\":{\"@id\":\"https:\/\/www.globaltools.pt\/produto\/disco-diamantado-turbo-universal-shpline\/#primaryimage\"},\"thumbnailUrl\":\"https:\/\/www.globaltools.pt\/wp-content\/uploads\/2025\/05\/DISCO-SHP-1.jpg\",\"datePublished\":\"2025-04-22T17:30:42+00:00\",\"dateModified\":\"2025-09-05T08:46:31+00:00\",\"description\":\"Discos diamantados turbo universal SHPline segmentos de corte de 15 mm, com formato turbo para um avan\u00e7o mais r\u00e1pido em materiais mais exigentes. .\",\"breadcrumb\":{\"@id\":\"https:\/\/www.globaltools.pt\/produto\/disco-diamantado-turbo-universal-shpline\/#breadcrumb\"},\"inLanguage\":\"en-US\",\"potentialAction\":[{\"@type\":\"ReadAction\",\"target\":[\"https:\/\/www.globaltools.pt\/produto\/disco-diamantado-turbo-universal-shpline\/\"]}]},{\"@type\":\"ImageObject\",\"inLanguage\":\"en-US\",\"@id\":\"https:\/\/www.globaltools.pt\/produto\/disco-diamantado-turbo-universal-shpline\/#primaryimage\",\"url\":\"https:\/\/www.globaltools.pt\/wp-content\/uploads\/2025\/05\/DISCO-SHP-1.jpg\",\"contentUrl\":\"https:\/\/www.globaltools.pt\/wp-content\/uploads\/2025\/05\/DISCO-SHP-1.jpg\",\"width\":952,\"height\":952},{\"@type\":\"BreadcrumbList\",\"@id\":\"https:\/\/www.globaltools.pt\/produto\/disco-diamantado-turbo-universal-shpline\/#breadcrumb\",\"itemListElement\":[{\"@type\":\"ListItem\",\"position\":1,\"name\":\"In\u00edcio\",\"item\":\"https:\/\/www.globaltools.pt\/\"},{\"@type\":\"ListItem\",\"position\":2,\"name\":\"Shop\",\"item\":\"https:\/\/www.globaltools.pt\/en\/shop\/\"},{\"@type\":\"ListItem\",\"position\":3,\"name\":\"Disco diamantado Turbo Universal SHPline\"}]},{\"@type\":\"WebSite\",\"@id\":\"https:\/\/www.globaltools.pt\/#website\",\"url\":\"https:\/\/www.globaltools.pt\/\",\"name\":\"Globaltools\",\"description\":\"\",\"publisher\":{\"@id\":\"https:\/\/www.globaltools.pt\/#organization\"},\"potentialAction\":[{\"@type\":\"SearchAction\",\"target\":{\"@type\":\"EntryPoint\",\"urlTemplate\":\"https:\/\/www.globaltools.pt\/?s={search_term_string}\"},\"query-input\":{\"@type\":\"PropertyValueSpecification\",\"valueRequired\":true,\"valueName\":\"search_term_string\"}}],\"inLanguage\":\"en-US\"},{\"@type\":\"Organization\",\"@id\":\"https:\/\/www.globaltools.pt\/#organization\",\"name\":\"Globaltools\",\"url\":\"https:\/\/www.globaltools.pt\/\",\"logo\":{\"@type\":\"ImageObject\",\"inLanguage\":\"en-US\",\"@id\":\"https:\/\/www.globaltools.pt\/#\/schema\/logo\/image\/\",\"url\":\"https:\/\/www.globaltools.pt\/wp-content\/uploads\/2025\/05\/DELTATOOLS-LOGO.jpg\",\"contentUrl\":\"https:\/\/www.globaltools.pt\/wp-content\/uploads\/2025\/05\/DELTATOOLS-LOGO.jpg\",\"width\":542,\"height\":120,\"caption\":\"Globaltools\"},\"image\":{\"@id\":\"https:\/\/www.globaltools.pt\/#\/schema\/logo\/image\/\"}}]}<\/script>\n<!-- \/ Yoast SEO plugin. -->","yoast_head_json":{"title":"Discos diamantados turbo universal","description":"Discos diamantados turbo universal SHPline segmentos de corte de 15 mm, com formato turbo para um avan\u00e7o mais r\u00e1pido em materiais mais exigentes. .","robots":{"index":"index","follow":"follow","max-snippet":"max-snippet:-1","max-image-preview":"max-image-preview:large","max-video-preview":"max-video-preview:-1"},"canonical":"https:\/\/www.globaltools.pt\/produto\/disco-diamantado-turbo-universal-shpline\/","og_locale":"en_US","og_type":"article","og_title":"Discos diamantados turbo universal","og_description":"Discos diamantados turbo universal SHPline segmentos de corte de 15 mm, com formato turbo para um avan\u00e7o mais r\u00e1pido em materiais mais exigentes. .","og_url":"https:\/\/www.globaltools.pt\/produto\/disco-diamantado-turbo-universal-shpline\/","og_site_name":"GlobalTools","article_modified_time":"2025-09-05T08:46:31+00:00","og_image":[{"width":952,"height":952,"url":"https:\/\/www.globaltools.pt\/wp-content\/uploads\/2025\/05\/DISCO-SHP-1.jpg","type":"image\/jpeg"}],"twitter_card":"summary_large_image","twitter_misc":{"Est. reading time":"1 minute"},"schema":{"@context":"https:\/\/schema.org","@graph":[{"@type":"WebPage","@id":"https:\/\/www.globaltools.pt\/produto\/disco-diamantado-turbo-universal-shpline\/","url":"https:\/\/www.globaltools.pt\/produto\/disco-diamantado-turbo-universal-shpline\/","name":"Discos diamantados turbo universal","isPartOf":{"@id":"https:\/\/www.globaltools.pt\/#website"},"primaryImageOfPage":{"@id":"https:\/\/www.globaltools.pt\/produto\/disco-diamantado-turbo-universal-shpline\/#primaryimage"},"image":{"@id":"https:\/\/www.globaltools.pt\/produto\/disco-diamantado-turbo-universal-shpline\/#primaryimage"},"thumbnailUrl":"https:\/\/www.globaltools.pt\/wp-content\/uploads\/2025\/05\/DISCO-SHP-1.jpg","datePublished":"2025-04-22T17:30:42+00:00","dateModified":"2025-09-05T08:46:31+00:00","description":"Discos diamantados turbo universal SHPline segmentos de corte de 15 mm, com formato turbo para um avan\u00e7o mais r\u00e1pido em materiais mais exigentes. .","breadcrumb":{"@id":"https:\/\/www.globaltools.pt\/produto\/disco-diamantado-turbo-universal-shpline\/#breadcrumb"},"inLanguage":"en-US","potentialAction":[{"@type":"ReadAction","target":["https:\/\/www.globaltools.pt\/produto\/disco-diamantado-turbo-universal-shpline\/"]}]},{"@type":"ImageObject","inLanguage":"en-US","@id":"https:\/\/www.globaltools.pt\/produto\/disco-diamantado-turbo-universal-shpline\/#primaryimage","url":"https:\/\/www.globaltools.pt\/wp-content\/uploads\/2025\/05\/DISCO-SHP-1.jpg","contentUrl":"https:\/\/www.globaltools.pt\/wp-content\/uploads\/2025\/05\/DISCO-SHP-1.jpg","width":952,"height":952},{"@type":"BreadcrumbList","@id":"https:\/\/www.globaltools.pt\/produto\/disco-diamantado-turbo-universal-shpline\/#breadcrumb","itemListElement":[{"@type":"ListItem","position":1,"name":"In\u00edcio","item":"https:\/\/www.globaltools.pt\/"},{"@type":"ListItem","position":2,"name":"Shop","item":"https:\/\/www.globaltools.pt\/en\/shop\/"},{"@type":"ListItem","position":3,"name":"Disco diamantado Turbo Universal SHPline"}]},{"@type":"WebSite","@id":"https:\/\/www.globaltools.pt\/#website","url":"https:\/\/www.globaltools.pt\/","name":"Globaltools","description":"","publisher":{"@id":"https:\/\/www.globaltools.pt\/#organization"},"potentialAction":[{"@type":"SearchAction","target":{"@type":"EntryPoint","urlTemplate":"https:\/\/www.globaltools.pt\/?s={search_term_string}"},"query-input":{"@type":"PropertyValueSpecification","valueRequired":true,"valueName":"search_term_string"}}],"inLanguage":"en-US"},{"@type":"Organization","@id":"https:\/\/www.globaltools.pt\/#organization","name":"Globaltools","url":"https:\/\/www.globaltools.pt\/","logo":{"@type":"ImageObject","inLanguage":"en-US","@id":"https:\/\/www.globaltools.pt\/#\/schema\/logo\/image\/","url":"https:\/\/www.globaltools.pt\/wp-content\/uploads\/2025\/05\/DELTATOOLS-LOGO.jpg","contentUrl":"https:\/\/www.globaltools.pt\/wp-content\/uploads\/2025\/05\/DELTATOOLS-LOGO.jpg","width":542,"height":120,"caption":"Globaltools"},"image":{"@id":"https:\/\/www.globaltools.pt\/#\/schema\/logo\/image\/"}}]}},"_links":{"self":[{"href":"https:\/\/www.globaltools.pt\/en\/wp-json\/wp\/v2\/product\/15753","targetHints":{"allow":["GET"]}}],"collection":[{"href":"https:\/\/www.globaltools.pt\/en\/wp-json\/wp\/v2\/product"}],"about":[{"href":"https:\/\/www.globaltools.pt\/en\/wp-json\/wp\/v2\/types\/product"}],"version-history":[{"count":15,"href":"https:\/\/www.globaltools.pt\/en\/wp-json\/wp\/v2\/product\/15753\/revisions"}],"predecessor-version":[{"id":19566,"href":"https:\/\/www.globaltools.pt\/en\/wp-json\/wp\/v2\/product\/15753\/revisions\/19566"}],"wp:featuredmedia":[{"embeddable":true,"href":"https:\/\/www.globaltools.pt\/en\/wp-json\/wp\/v2\/media\/18155"}],"wp:attachment":[{"href":"https:\/\/www.globaltools.pt\/en\/wp-json\/wp\/v2\/media?parent=15753"}],"wp:term":[{"taxonomy":"product_brand","embeddable":true,"href":"https:\/\/www.globaltools.pt\/en\/wp-json\/wp\/v2\/product_brand?post=15753"},{"taxonomy":"product_cat","embeddable":true,"href":"https:\/\/www.globaltools.pt\/en\/wp-json\/wp\/v2\/product_cat?post=15753"},{"taxonomy":"product_tag","embeddable":true,"href":"https:\/\/www.globaltools.pt\/en\/wp-json\/wp\/v2\/product_tag?post=15753"}],"curies":[{"name":"wp","href":"https:\/\/api.w.org\/{rel}","templated":true}]}}