{"id":15755,"date":"2025-04-22T17:30:43","date_gmt":"2025-04-22T17:30:43","guid":{"rendered":"https:\/\/www.globaltools.pt\/produto\/discos-pastilhados-madeira-mad\/"},"modified":"2025-09-09T14:16:00","modified_gmt":"2025-09-09T14:16:00","slug":"disco-pastilhados-madeira-mad","status":"publish","type":"product","link":"https:\/\/www.globaltools.pt\/en\/produto\/disco-pastilhados-madeira-mad\/","title":{"rendered":"Disco Pastilhados Madeira (MAD)"},"content":{"rendered":"\t\t<div data-elementor-type=\"product-post\" data-elementor-id=\"15755\" class=\"elementor elementor-15755\" data-elementor-post-type=\"product\">\n\t\t\t\t<div class=\"wd-negative-gap elementor-element elementor-element-37ce44b e-grid e-con-boxed e-con e-parent\" data-id=\"37ce44b\" data-element_type=\"container\">\n\t\t\t\t\t<div class=\"e-con-inner\">\n\t\t\t\t<div class=\"elementor-element elementor-element-2a771e3 elementor-widget elementor-widget-wd_text_block\" data-id=\"2a771e3\" data-element_type=\"widget\" data-widget_type=\"wd_text_block.default\">\n\t\t\t\t<div class=\"elementor-widget-container\">\n\t\t\t\t\t\t\t<div class=\"wd-text-block reset-last-child text-left\">\n\t\t\t\n\t\t\t<p>\u00a0<\/p><p>Disco Pastilhado madeira (MAD) da DELTATOOLS<\/p><ul><li>Pastilhas TCT com tamanho industrial que permite um maior n\u00famero de afiamentos.<\/li><li>Carboneto de tungst\u00e9nio que \u00e9 um material robusto que promove cortes mais r\u00e1pidos e uma vida \u00fatil 4 vezes mais longa.<\/li><li>Geometria da pastilha \u00e9 do tipo ATB, corte obl\u00edquo alternado \u00e0 esquerda e \u00e0 direita. Melhor escoamento de res\u00edduos. Dente negativo (-5\u00ba) indicado para cortes transversais e longitudinais.<\/li><li>Corpo em metal 65Mn que cont\u00e9m grande quantidade de Carbono e Mangan\u00eas e oferece mais dureza e resist\u00eancia ao disco.<\/li><li>Ranhuras especialmente projetadas para cortes precisos e redu\u00e7\u00e3o de ru\u00eddos.<\/li><\/ul>\n\t\t\t\t\t<\/div>\n\t\t\t\t\t\t<\/div>\n\t\t\t\t<\/div>\n\t\t\t\t<div class=\"elementor-element elementor-element-e5f5e0a elementor-widget elementor-widget-wd_image_or_svg\" data-id=\"e5f5e0a\" data-element_type=\"widget\" data-widget_type=\"wd_image_or_svg.default\">\n\t\t\t\t<div class=\"elementor-widget-container\">\n\t\t\t\t\t\n\t\t<div class=\"wd-image text-left\">\n\t\t\t\t\t\t\t\t<img fetchpriority=\"high\" decoding=\"async\" width=\"1200\" height=\"1200\" src=\"https:\/\/www.globaltools.pt\/wp-content\/uploads\/2025\/04\/24-DISCO-PAST-MAD-1.jpg\" class=\"attachment-full size-full\" alt=\"\" srcset=\"https:\/\/www.globaltools.pt\/wp-content\/uploads\/2025\/04\/24-DISCO-PAST-MAD-1.jpg 1200w, https:\/\/www.globaltools.pt\/wp-content\/uploads\/2025\/04\/24-DISCO-PAST-MAD-1-300x300.jpg 300w, https:\/\/www.globaltools.pt\/wp-content\/uploads\/2025\/04\/24-DISCO-PAST-MAD-1-800x800.jpg 800w, https:\/\/www.globaltools.pt\/wp-content\/uploads\/2025\/04\/24-DISCO-PAST-MAD-1-150x150.jpg 150w, https:\/\/www.globaltools.pt\/wp-content\/uploads\/2025\/04\/24-DISCO-PAST-MAD-1-768x768.jpg 768w, https:\/\/www.globaltools.pt\/wp-content\/uploads\/2025\/04\/24-DISCO-PAST-MAD-1-430x430.jpg 430w, https:\/\/www.globaltools.pt\/wp-content\/uploads\/2025\/04\/24-DISCO-PAST-MAD-1-700x700.jpg 700w\" sizes=\"(max-width: 1200px) 100vw, 1200px\" \/>\t\t\t\t\t<\/div>\n\n\t\t\t\t\t\t<\/div>\n\t\t\t\t<\/div>\n\t\t\t\t\t<\/div>\n\t\t\t\t<\/div>\n\t\t\t\t<\/div>\n\t\t","protected":false},"excerpt":{"rendered":"<p><img decoding=\"async\" class=\"alignnone wp-image-17863\" src=\"https:\/\/www.globaltools.pt\/wp-content\/uploads\/2025\/05\/DELTATOOLS-LOGO-400x89.jpg\" alt=\"\" width=\"153\" height=\"34\" srcset=\"https:\/\/www.globaltools.pt\/wp-content\/uploads\/2025\/05\/DELTATOOLS-LOGO-400x89.jpg 400w, https:\/\/www.globaltools.pt\/wp-content\/uploads\/2025\/05\/DELTATOOLS-LOGO-430x95.jpg 430w, https:\/\/www.globaltools.pt\/wp-content\/uploads\/2025\/05\/DELTATOOLS-LOGO-150x33.jpg 150w, https:\/\/www.globaltools.pt\/wp-content\/uploads\/2025\/05\/DELTATOOLS-LOGO.jpg 542w\" sizes=\"(max-width: 153px) 100vw, 153px\" \/><\/p>\n<p>Disco pastilhado madeira (MAD) indicado para cortes de<strong> madeiras duras, macias, MDF e aglomerados(OBS).\u00a0<\/strong><\/p>\n<p><img decoding=\"async\" class=\"alignnone wp-image-19685 size-full\" src=\"https:\/\/www.globaltools.pt\/wp-content\/uploads\/2025\/04\/TAB-DISCO-PAST-MAD.png\" alt=\"\" width=\"499\" height=\"49\" srcset=\"https:\/\/www.globaltools.pt\/wp-content\/uploads\/2025\/04\/TAB-DISCO-PAST-MAD.png 499w, https:\/\/www.globaltools.pt\/wp-content\/uploads\/2025\/04\/TAB-DISCO-PAST-MAD-400x39.png 400w, https:\/\/www.globaltools.pt\/wp-content\/uploads\/2025\/04\/TAB-DISCO-PAST-MAD-430x42.png 430w, https:\/\/www.globaltools.pt\/wp-content\/uploads\/2025\/04\/TAB-DISCO-PAST-MAD-150x15.png 150w\" sizes=\"(max-width: 499px) 100vw, 499px\" \/><\/p>\n","protected":false},"featured_media":18087,"template":"","meta":[],"product_brand":[],"product_cat":[75],"product_tag":[],"class_list":{"0":"post-15755","1":"product","2":"type-product","3":"status-publish","4":"has-post-thumbnail","6":"product_cat-discos-pastilhados-madeira-madeira-com-pregos-e-multimaterial","8":"first","9":"instock","10":"shipping-taxable","11":"product-type-simple"},"yoast_head":"<!-- This site is optimized with the Yoast SEO plugin v26.7 - https:\/\/yoast.com\/wordpress\/plugins\/seo\/ -->\n<title>Disco Pastilhados Madeira (MAD) Disco pastilhado madeira<\/title>\n<meta name=\"description\" content=\"Disco pastilhado madeira (MAD) indicado para cortes de madeiras duras, macias, MDF e aglomerados(OBS).\u00a0\" \/>\n<meta name=\"robots\" content=\"index, follow, max-snippet:-1, max-image-preview:large, max-video-preview:-1\" \/>\n<link rel=\"canonical\" href=\"https:\/\/www.globaltools.pt\/produto\/disco-pastilhados-madeira-mad\/\" \/>\n<meta property=\"og:locale\" content=\"en_US\" \/>\n<meta property=\"og:type\" content=\"article\" \/>\n<meta property=\"og:title\" content=\"Disco Pastilhados Madeira (MAD) Disco pastilhado madeira\" \/>\n<meta property=\"og:description\" content=\"Disco pastilhado madeira (MAD) indicado para cortes de madeiras duras, macias, MDF e aglomerados(OBS).\u00a0\" \/>\n<meta property=\"og:url\" content=\"https:\/\/www.globaltools.pt\/produto\/disco-pastilhados-madeira-mad\/\" \/>\n<meta property=\"og:site_name\" content=\"GlobalTools\" \/>\n<meta property=\"article:modified_time\" content=\"2025-09-09T14:16:00+00:00\" \/>\n<meta property=\"og:image\" content=\"https:\/\/www.globaltools.pt\/wp-content\/uploads\/2025\/05\/discos-pastilhados-mad.jpg\" \/>\n\t<meta property=\"og:image:width\" content=\"952\" \/>\n\t<meta property=\"og:image:height\" content=\"952\" \/>\n\t<meta property=\"og:image:type\" content=\"image\/jpeg\" \/>\n<meta name=\"twitter:card\" content=\"summary_large_image\" \/>\n<meta name=\"twitter:label1\" content=\"Est. reading time\" \/>\n\t<meta name=\"twitter:data1\" content=\"1 minute\" \/>\n<script type=\"application\/ld+json\" class=\"yoast-schema-graph\">{\"@context\":\"https:\/\/schema.org\",\"@graph\":[{\"@type\":\"WebPage\",\"@id\":\"https:\/\/www.globaltools.pt\/produto\/disco-pastilhados-madeira-mad\/\",\"url\":\"https:\/\/www.globaltools.pt\/produto\/disco-pastilhados-madeira-mad\/\",\"name\":\"Disco Pastilhados Madeira (MAD) Disco pastilhado madeira\",\"isPartOf\":{\"@id\":\"https:\/\/www.globaltools.pt\/#website\"},\"primaryImageOfPage\":{\"@id\":\"https:\/\/www.globaltools.pt\/produto\/disco-pastilhados-madeira-mad\/#primaryimage\"},\"image\":{\"@id\":\"https:\/\/www.globaltools.pt\/produto\/disco-pastilhados-madeira-mad\/#primaryimage\"},\"thumbnailUrl\":\"https:\/\/www.globaltools.pt\/wp-content\/uploads\/2025\/05\/discos-pastilhados-mad.jpg\",\"datePublished\":\"2025-04-22T17:30:43+00:00\",\"dateModified\":\"2025-09-09T14:16:00+00:00\",\"description\":\"Disco pastilhado madeira (MAD) indicado para cortes de madeiras duras, macias, MDF e aglomerados(OBS).\u00a0\",\"breadcrumb\":{\"@id\":\"https:\/\/www.globaltools.pt\/produto\/disco-pastilhados-madeira-mad\/#breadcrumb\"},\"inLanguage\":\"en-US\",\"potentialAction\":[{\"@type\":\"ReadAction\",\"target\":[\"https:\/\/www.globaltools.pt\/produto\/disco-pastilhados-madeira-mad\/\"]}]},{\"@type\":\"ImageObject\",\"inLanguage\":\"en-US\",\"@id\":\"https:\/\/www.globaltools.pt\/produto\/disco-pastilhados-madeira-mad\/#primaryimage\",\"url\":\"https:\/\/www.globaltools.pt\/wp-content\/uploads\/2025\/05\/discos-pastilhados-mad.jpg\",\"contentUrl\":\"https:\/\/www.globaltools.pt\/wp-content\/uploads\/2025\/05\/discos-pastilhados-mad.jpg\",\"width\":952,\"height\":952},{\"@type\":\"BreadcrumbList\",\"@id\":\"https:\/\/www.globaltools.pt\/produto\/disco-pastilhados-madeira-mad\/#breadcrumb\",\"itemListElement\":[{\"@type\":\"ListItem\",\"position\":1,\"name\":\"In\u00edcio\",\"item\":\"https:\/\/www.globaltools.pt\/\"},{\"@type\":\"ListItem\",\"position\":2,\"name\":\"Shop\",\"item\":\"https:\/\/www.globaltools.pt\/en\/shop\/\"},{\"@type\":\"ListItem\",\"position\":3,\"name\":\"Disco Pastilhados Madeira (MAD)\"}]},{\"@type\":\"WebSite\",\"@id\":\"https:\/\/www.globaltools.pt\/#website\",\"url\":\"https:\/\/www.globaltools.pt\/\",\"name\":\"Globaltools\",\"description\":\"\",\"publisher\":{\"@id\":\"https:\/\/www.globaltools.pt\/#organization\"},\"potentialAction\":[{\"@type\":\"SearchAction\",\"target\":{\"@type\":\"EntryPoint\",\"urlTemplate\":\"https:\/\/www.globaltools.pt\/?s={search_term_string}\"},\"query-input\":{\"@type\":\"PropertyValueSpecification\",\"valueRequired\":true,\"valueName\":\"search_term_string\"}}],\"inLanguage\":\"en-US\"},{\"@type\":\"Organization\",\"@id\":\"https:\/\/www.globaltools.pt\/#organization\",\"name\":\"Globaltools\",\"url\":\"https:\/\/www.globaltools.pt\/\",\"logo\":{\"@type\":\"ImageObject\",\"inLanguage\":\"en-US\",\"@id\":\"https:\/\/www.globaltools.pt\/#\/schema\/logo\/image\/\",\"url\":\"https:\/\/www.globaltools.pt\/wp-content\/uploads\/2025\/05\/DELTATOOLS-LOGO.jpg\",\"contentUrl\":\"https:\/\/www.globaltools.pt\/wp-content\/uploads\/2025\/05\/DELTATOOLS-LOGO.jpg\",\"width\":542,\"height\":120,\"caption\":\"Globaltools\"},\"image\":{\"@id\":\"https:\/\/www.globaltools.pt\/#\/schema\/logo\/image\/\"}}]}<\/script>\n<!-- \/ Yoast SEO plugin. -->","yoast_head_json":{"title":"Disco Pastilhados Madeira (MAD) Disco pastilhado madeira","description":"Disco pastilhado madeira (MAD) indicado para cortes de madeiras duras, macias, MDF e aglomerados(OBS).\u00a0","robots":{"index":"index","follow":"follow","max-snippet":"max-snippet:-1","max-image-preview":"max-image-preview:large","max-video-preview":"max-video-preview:-1"},"canonical":"https:\/\/www.globaltools.pt\/produto\/disco-pastilhados-madeira-mad\/","og_locale":"en_US","og_type":"article","og_title":"Disco Pastilhados Madeira (MAD) Disco pastilhado madeira","og_description":"Disco pastilhado madeira (MAD) indicado para cortes de madeiras duras, macias, MDF e aglomerados(OBS).\u00a0","og_url":"https:\/\/www.globaltools.pt\/produto\/disco-pastilhados-madeira-mad\/","og_site_name":"GlobalTools","article_modified_time":"2025-09-09T14:16:00+00:00","og_image":[{"width":952,"height":952,"url":"https:\/\/www.globaltools.pt\/wp-content\/uploads\/2025\/05\/discos-pastilhados-mad.jpg","type":"image\/jpeg"}],"twitter_card":"summary_large_image","twitter_misc":{"Est. reading time":"1 minute"},"schema":{"@context":"https:\/\/schema.org","@graph":[{"@type":"WebPage","@id":"https:\/\/www.globaltools.pt\/produto\/disco-pastilhados-madeira-mad\/","url":"https:\/\/www.globaltools.pt\/produto\/disco-pastilhados-madeira-mad\/","name":"Disco Pastilhados Madeira (MAD) Disco pastilhado madeira","isPartOf":{"@id":"https:\/\/www.globaltools.pt\/#website"},"primaryImageOfPage":{"@id":"https:\/\/www.globaltools.pt\/produto\/disco-pastilhados-madeira-mad\/#primaryimage"},"image":{"@id":"https:\/\/www.globaltools.pt\/produto\/disco-pastilhados-madeira-mad\/#primaryimage"},"thumbnailUrl":"https:\/\/www.globaltools.pt\/wp-content\/uploads\/2025\/05\/discos-pastilhados-mad.jpg","datePublished":"2025-04-22T17:30:43+00:00","dateModified":"2025-09-09T14:16:00+00:00","description":"Disco pastilhado madeira (MAD) indicado para cortes de madeiras duras, macias, MDF e aglomerados(OBS).\u00a0","breadcrumb":{"@id":"https:\/\/www.globaltools.pt\/produto\/disco-pastilhados-madeira-mad\/#breadcrumb"},"inLanguage":"en-US","potentialAction":[{"@type":"ReadAction","target":["https:\/\/www.globaltools.pt\/produto\/disco-pastilhados-madeira-mad\/"]}]},{"@type":"ImageObject","inLanguage":"en-US","@id":"https:\/\/www.globaltools.pt\/produto\/disco-pastilhados-madeira-mad\/#primaryimage","url":"https:\/\/www.globaltools.pt\/wp-content\/uploads\/2025\/05\/discos-pastilhados-mad.jpg","contentUrl":"https:\/\/www.globaltools.pt\/wp-content\/uploads\/2025\/05\/discos-pastilhados-mad.jpg","width":952,"height":952},{"@type":"BreadcrumbList","@id":"https:\/\/www.globaltools.pt\/produto\/disco-pastilhados-madeira-mad\/#breadcrumb","itemListElement":[{"@type":"ListItem","position":1,"name":"In\u00edcio","item":"https:\/\/www.globaltools.pt\/"},{"@type":"ListItem","position":2,"name":"Shop","item":"https:\/\/www.globaltools.pt\/en\/shop\/"},{"@type":"ListItem","position":3,"name":"Disco Pastilhados Madeira (MAD)"}]},{"@type":"WebSite","@id":"https:\/\/www.globaltools.pt\/#website","url":"https:\/\/www.globaltools.pt\/","name":"Globaltools","description":"","publisher":{"@id":"https:\/\/www.globaltools.pt\/#organization"},"potentialAction":[{"@type":"SearchAction","target":{"@type":"EntryPoint","urlTemplate":"https:\/\/www.globaltools.pt\/?s={search_term_string}"},"query-input":{"@type":"PropertyValueSpecification","valueRequired":true,"valueName":"search_term_string"}}],"inLanguage":"en-US"},{"@type":"Organization","@id":"https:\/\/www.globaltools.pt\/#organization","name":"Globaltools","url":"https:\/\/www.globaltools.pt\/","logo":{"@type":"ImageObject","inLanguage":"en-US","@id":"https:\/\/www.globaltools.pt\/#\/schema\/logo\/image\/","url":"https:\/\/www.globaltools.pt\/wp-content\/uploads\/2025\/05\/DELTATOOLS-LOGO.jpg","contentUrl":"https:\/\/www.globaltools.pt\/wp-content\/uploads\/2025\/05\/DELTATOOLS-LOGO.jpg","width":542,"height":120,"caption":"Globaltools"},"image":{"@id":"https:\/\/www.globaltools.pt\/#\/schema\/logo\/image\/"}}]}},"_links":{"self":[{"href":"https:\/\/www.globaltools.pt\/en\/wp-json\/wp\/v2\/product\/15755","targetHints":{"allow":["GET"]}}],"collection":[{"href":"https:\/\/www.globaltools.pt\/en\/wp-json\/wp\/v2\/product"}],"about":[{"href":"https:\/\/www.globaltools.pt\/en\/wp-json\/wp\/v2\/types\/product"}],"version-history":[{"count":15,"href":"https:\/\/www.globaltools.pt\/en\/wp-json\/wp\/v2\/product\/15755\/revisions"}],"predecessor-version":[{"id":19688,"href":"https:\/\/www.globaltools.pt\/en\/wp-json\/wp\/v2\/product\/15755\/revisions\/19688"}],"wp:featuredmedia":[{"embeddable":true,"href":"https:\/\/www.globaltools.pt\/en\/wp-json\/wp\/v2\/media\/18087"}],"wp:attachment":[{"href":"https:\/\/www.globaltools.pt\/en\/wp-json\/wp\/v2\/media?parent=15755"}],"wp:term":[{"taxonomy":"product_brand","embeddable":true,"href":"https:\/\/www.globaltools.pt\/en\/wp-json\/wp\/v2\/product_brand?post=15755"},{"taxonomy":"product_cat","embeddable":true,"href":"https:\/\/www.globaltools.pt\/en\/wp-json\/wp\/v2\/product_cat?post=15755"},{"taxonomy":"product_tag","embeddable":true,"href":"https:\/\/www.globaltools.pt\/en\/wp-json\/wp\/v2\/product_tag?post=15755"}],"curies":[{"name":"wp","href":"https:\/\/api.w.org\/{rel}","templated":true}]}}