{"id":15758,"date":"2025-04-22T17:30:43","date_gmt":"2025-04-22T17:30:43","guid":{"rendered":"https:\/\/www.globaltools.pt\/produto\/escopro-ponteiro-sds-max-auto-afiavel\/"},"modified":"2025-09-08T13:08:16","modified_gmt":"2025-09-08T13:08:16","slug":"escopro-ponteiro-sds-max-auto-afiavel","status":"publish","type":"product","link":"https:\/\/www.globaltools.pt\/en\/produto\/escopro-ponteiro-sds-max-auto-afiavel\/","title":{"rendered":"Escopro | Ponteiro SDS MAX Auto Afi\u00e1vel"},"content":{"rendered":"\t\t<div data-elementor-type=\"product-post\" data-elementor-id=\"15758\" class=\"elementor elementor-15758\" data-elementor-post-type=\"product\">\n\t\t\t\t<div class=\"wd-negative-gap elementor-element elementor-element-9599ff9 e-grid e-con-boxed e-con e-parent\" data-id=\"9599ff9\" data-element_type=\"container\">\n\t\t\t\t\t<div class=\"e-con-inner\">\n\t\t\t\t<div class=\"elementor-element elementor-element-8ea9683 elementor-widget elementor-widget-wd_text_block\" data-id=\"8ea9683\" data-element_type=\"widget\" data-widget_type=\"wd_text_block.default\">\n\t\t\t\t<div class=\"elementor-widget-container\">\n\t\t\t\t\t\t\t<div class=\"wd-text-block reset-last-child text-left\">\n\t\t\t\n\t\t\t<p>\u00a0<\/p><p>\u00a0<\/p><p>O Escopro\/ponteiro SDS MAX da DELTATOOLS<\/p><ul><li>P\u00e1 raspadora auto-afi\u00e1vel, mant\u00e9m-se afiada e eficiente durante toda a vida \u00fatil.<\/li><li>Ranhuras de impacto, produzem vibra\u00e7\u00f5es entre pancadas que removem uma quantidade extra de material. A energiado impacto \u00e9 superior do que nos escopros tradicionais, oferecendo mais 100% de poder de remo\u00e7\u00e3o.<\/li><li>Ponteiro com ponta demolidora auto-afi\u00e1vel, mant\u00e9m-se afiada e eficiente durante toda a vida \u00fatil.<\/li><li>Ranhuras de impacto, produzem vibra\u00e7\u00f5es entre pancadas que removem uma quantidade extra de material. A energia do impacto \u00e9 superior do que nos ponteiros tradicionais, mais 30% de poder de remo\u00e7\u00e3o.<\/li><li>Sistema anti-vibra\u00e7\u00e3o que atrav\u00e9s do anel de bloqueio evita vibra\u00e7\u00f5es indesejadas e permite que toda a energia do martelo seja transferida.\u00a0<\/li><li>Material 40Cr, que \u00e9 um a\u00e7o especial de alta qualidade com tratamento t\u00e9rmico. \u00c9 bastante resistente ao impacto e desgaste.<\/li><\/ul>\n\t\t\t\t\t<\/div>\n\t\t\t\t\t\t<\/div>\n\t\t\t\t<\/div>\n\t\t\t\t<div class=\"elementor-element elementor-element-ada0663 elementor-widget elementor-widget-wd_image_or_svg\" data-id=\"ada0663\" data-element_type=\"widget\" data-widget_type=\"wd_image_or_svg.default\">\n\t\t\t\t<div class=\"elementor-widget-container\">\n\t\t\t\t\t\n\t\t<div class=\"wd-image text-left\">\n\t\t\t\t\t\t\t\t<img fetchpriority=\"high\" decoding=\"async\" width=\"1200\" height=\"1200\" src=\"https:\/\/www.globaltools.pt\/wp-content\/uploads\/2025\/05\/21-CINZEIS-SDS-MAX.jpg\" class=\"attachment-full size-full\" alt=\"\" srcset=\"https:\/\/www.globaltools.pt\/wp-content\/uploads\/2025\/05\/21-CINZEIS-SDS-MAX.jpg 1200w, https:\/\/www.globaltools.pt\/wp-content\/uploads\/2025\/05\/21-CINZEIS-SDS-MAX-300x300.jpg 300w, https:\/\/www.globaltools.pt\/wp-content\/uploads\/2025\/05\/21-CINZEIS-SDS-MAX-800x800.jpg 800w, https:\/\/www.globaltools.pt\/wp-content\/uploads\/2025\/05\/21-CINZEIS-SDS-MAX-150x150.jpg 150w, https:\/\/www.globaltools.pt\/wp-content\/uploads\/2025\/05\/21-CINZEIS-SDS-MAX-768x768.jpg 768w, https:\/\/www.globaltools.pt\/wp-content\/uploads\/2025\/05\/21-CINZEIS-SDS-MAX-430x430.jpg 430w, https:\/\/www.globaltools.pt\/wp-content\/uploads\/2025\/05\/21-CINZEIS-SDS-MAX-700x700.jpg 700w\" sizes=\"(max-width: 1200px) 100vw, 1200px\" \/>\t\t\t\t\t<\/div>\n\n\t\t\t\t\t\t<\/div>\n\t\t\t\t<\/div>\n\t\t\t\t\t<\/div>\n\t\t\t\t<\/div>\n\t\t\t\t<\/div>\n\t\t","protected":false},"excerpt":{"rendered":"<p><img decoding=\"async\" class=\"alignnone wp-image-17863\" src=\"https:\/\/www.globaltools.pt\/wp-content\/uploads\/2025\/05\/DELTATOOLS-LOGO-400x89.jpg\" alt=\"\" width=\"153\" height=\"34\" srcset=\"https:\/\/www.globaltools.pt\/wp-content\/uploads\/2025\/05\/DELTATOOLS-LOGO-400x89.jpg 400w, https:\/\/www.globaltools.pt\/wp-content\/uploads\/2025\/05\/DELTATOOLS-LOGO-430x95.jpg 430w, https:\/\/www.globaltools.pt\/wp-content\/uploads\/2025\/05\/DELTATOOLS-LOGO-150x33.jpg 150w, https:\/\/www.globaltools.pt\/wp-content\/uploads\/2025\/05\/DELTATOOLS-LOGO.jpg 542w\" sizes=\"(max-width: 153px) 100vw, 153px\" \/><\/p>\n<p>Escopro\/ponteiro SDS MAX produzido com <strong>material 40Cr<\/strong>, a\u00e7o especial de <strong>alta qualidade<\/strong> com grande resist\u00eancia ao impacto e ao desgaste. Com fun\u00e7\u00e3o de <strong>auto afia\u00e7\u00e3o<\/strong>, mantendo-se afiado e eficiente durante toda a vida \u00fatil.<\/p>\n<p><img decoding=\"async\" class=\"alignnone wp-image-19640 size-full\" src=\"https:\/\/www.globaltools.pt\/wp-content\/uploads\/2025\/04\/TAB-CINZEIS-MAX.png\" alt=\"\" width=\"500\" height=\"77\" srcset=\"https:\/\/www.globaltools.pt\/wp-content\/uploads\/2025\/04\/TAB-CINZEIS-MAX.png 500w, https:\/\/www.globaltools.pt\/wp-content\/uploads\/2025\/04\/TAB-CINZEIS-MAX-400x62.png 400w, https:\/\/www.globaltools.pt\/wp-content\/uploads\/2025\/04\/TAB-CINZEIS-MAX-430x66.png 430w, https:\/\/www.globaltools.pt\/wp-content\/uploads\/2025\/04\/TAB-CINZEIS-MAX-150x23.png 150w\" sizes=\"(max-width: 500px) 100vw, 500px\" \/><\/p>\n","protected":false},"featured_media":18083,"template":"","meta":[],"product_brand":[],"product_cat":[37],"product_tag":[],"class_list":{"0":"post-15758","1":"product","2":"type-product","3":"status-publish","4":"has-post-thumbnail","6":"product_cat-brocas-ponteiros-escopros-sds-plus-e-max","8":"first","9":"instock","10":"shipping-taxable","11":"product-type-simple"},"yoast_head":"<!-- This site is optimized with the Yoast SEO plugin v26.7 - https:\/\/yoast.com\/wordpress\/plugins\/seo\/ -->\n<title>Escopro\/ponteiro SDS MAX<\/title>\n<meta name=\"description\" content=\"Escopro\/ponteiro SDS MAX produzido com material 40Cr, a\u00e7o especial de alta qualidade grande resist\u00eancia ao impacto e ao desgaste. Com fun\u00e7\u00e3o de auto afia\u00e7\u00e3o.\" \/>\n<meta name=\"robots\" content=\"index, follow, max-snippet:-1, max-image-preview:large, max-video-preview:-1\" \/>\n<link rel=\"canonical\" href=\"https:\/\/www.globaltools.pt\/produto\/escopro-ponteiro-sds-max-auto-afiavel\/\" \/>\n<meta property=\"og:locale\" content=\"en_US\" \/>\n<meta property=\"og:type\" content=\"article\" \/>\n<meta property=\"og:title\" content=\"Escopro\/ponteiro SDS MAX\" \/>\n<meta property=\"og:description\" content=\"Escopro\/ponteiro SDS MAX produzido com material 40Cr, a\u00e7o especial de alta qualidade grande resist\u00eancia ao impacto e ao desgaste. Com fun\u00e7\u00e3o de auto afia\u00e7\u00e3o.\" \/>\n<meta property=\"og:url\" content=\"https:\/\/www.globaltools.pt\/produto\/escopro-ponteiro-sds-max-auto-afiavel\/\" \/>\n<meta property=\"og:site_name\" content=\"GlobalTools\" \/>\n<meta property=\"article:modified_time\" content=\"2025-09-08T13:08:16+00:00\" \/>\n<meta property=\"og:image\" content=\"https:\/\/www.globaltools.pt\/wp-content\/uploads\/2025\/05\/cinzeis-sds-max.jpg\" \/>\n\t<meta property=\"og:image:width\" content=\"952\" \/>\n\t<meta property=\"og:image:height\" content=\"952\" \/>\n\t<meta property=\"og:image:type\" content=\"image\/jpeg\" \/>\n<meta name=\"twitter:card\" content=\"summary_large_image\" \/>\n<meta name=\"twitter:label1\" content=\"Est. reading time\" \/>\n\t<meta name=\"twitter:data1\" content=\"2 minutes\" \/>\n<script type=\"application\/ld+json\" class=\"yoast-schema-graph\">{\"@context\":\"https:\/\/schema.org\",\"@graph\":[{\"@type\":\"WebPage\",\"@id\":\"https:\/\/www.globaltools.pt\/produto\/escopro-ponteiro-sds-max-auto-afiavel\/\",\"url\":\"https:\/\/www.globaltools.pt\/produto\/escopro-ponteiro-sds-max-auto-afiavel\/\",\"name\":\"Escopro\/ponteiro SDS MAX\",\"isPartOf\":{\"@id\":\"https:\/\/www.globaltools.pt\/#website\"},\"primaryImageOfPage\":{\"@id\":\"https:\/\/www.globaltools.pt\/produto\/escopro-ponteiro-sds-max-auto-afiavel\/#primaryimage\"},\"image\":{\"@id\":\"https:\/\/www.globaltools.pt\/produto\/escopro-ponteiro-sds-max-auto-afiavel\/#primaryimage\"},\"thumbnailUrl\":\"https:\/\/www.globaltools.pt\/wp-content\/uploads\/2025\/05\/cinzeis-sds-max.jpg\",\"datePublished\":\"2025-04-22T17:30:43+00:00\",\"dateModified\":\"2025-09-08T13:08:16+00:00\",\"description\":\"Escopro\/ponteiro SDS MAX produzido com material 40Cr, a\u00e7o especial de alta qualidade grande resist\u00eancia ao impacto e ao desgaste. Com fun\u00e7\u00e3o de auto afia\u00e7\u00e3o.\",\"breadcrumb\":{\"@id\":\"https:\/\/www.globaltools.pt\/produto\/escopro-ponteiro-sds-max-auto-afiavel\/#breadcrumb\"},\"inLanguage\":\"en-US\",\"potentialAction\":[{\"@type\":\"ReadAction\",\"target\":[\"https:\/\/www.globaltools.pt\/produto\/escopro-ponteiro-sds-max-auto-afiavel\/\"]}]},{\"@type\":\"ImageObject\",\"inLanguage\":\"en-US\",\"@id\":\"https:\/\/www.globaltools.pt\/produto\/escopro-ponteiro-sds-max-auto-afiavel\/#primaryimage\",\"url\":\"https:\/\/www.globaltools.pt\/wp-content\/uploads\/2025\/05\/cinzeis-sds-max.jpg\",\"contentUrl\":\"https:\/\/www.globaltools.pt\/wp-content\/uploads\/2025\/05\/cinzeis-sds-max.jpg\",\"width\":952,\"height\":952},{\"@type\":\"BreadcrumbList\",\"@id\":\"https:\/\/www.globaltools.pt\/produto\/escopro-ponteiro-sds-max-auto-afiavel\/#breadcrumb\",\"itemListElement\":[{\"@type\":\"ListItem\",\"position\":1,\"name\":\"In\u00edcio\",\"item\":\"https:\/\/www.globaltools.pt\/\"},{\"@type\":\"ListItem\",\"position\":2,\"name\":\"Shop\",\"item\":\"https:\/\/www.globaltools.pt\/en\/shop\/\"},{\"@type\":\"ListItem\",\"position\":3,\"name\":\"Escopro | Ponteiro SDS MAX Auto Afi\u00e1vel\"}]},{\"@type\":\"WebSite\",\"@id\":\"https:\/\/www.globaltools.pt\/#website\",\"url\":\"https:\/\/www.globaltools.pt\/\",\"name\":\"Globaltools\",\"description\":\"\",\"publisher\":{\"@id\":\"https:\/\/www.globaltools.pt\/#organization\"},\"potentialAction\":[{\"@type\":\"SearchAction\",\"target\":{\"@type\":\"EntryPoint\",\"urlTemplate\":\"https:\/\/www.globaltools.pt\/?s={search_term_string}\"},\"query-input\":{\"@type\":\"PropertyValueSpecification\",\"valueRequired\":true,\"valueName\":\"search_term_string\"}}],\"inLanguage\":\"en-US\"},{\"@type\":\"Organization\",\"@id\":\"https:\/\/www.globaltools.pt\/#organization\",\"name\":\"Globaltools\",\"url\":\"https:\/\/www.globaltools.pt\/\",\"logo\":{\"@type\":\"ImageObject\",\"inLanguage\":\"en-US\",\"@id\":\"https:\/\/www.globaltools.pt\/#\/schema\/logo\/image\/\",\"url\":\"https:\/\/www.globaltools.pt\/wp-content\/uploads\/2025\/05\/DELTATOOLS-LOGO.jpg\",\"contentUrl\":\"https:\/\/www.globaltools.pt\/wp-content\/uploads\/2025\/05\/DELTATOOLS-LOGO.jpg\",\"width\":542,\"height\":120,\"caption\":\"Globaltools\"},\"image\":{\"@id\":\"https:\/\/www.globaltools.pt\/#\/schema\/logo\/image\/\"}}]}<\/script>\n<!-- \/ Yoast SEO plugin. -->","yoast_head_json":{"title":"Escopro\/ponteiro SDS MAX","description":"Escopro\/ponteiro SDS MAX produzido com material 40Cr, a\u00e7o especial de alta qualidade grande resist\u00eancia ao impacto e ao desgaste. Com fun\u00e7\u00e3o de auto afia\u00e7\u00e3o.","robots":{"index":"index","follow":"follow","max-snippet":"max-snippet:-1","max-image-preview":"max-image-preview:large","max-video-preview":"max-video-preview:-1"},"canonical":"https:\/\/www.globaltools.pt\/produto\/escopro-ponteiro-sds-max-auto-afiavel\/","og_locale":"en_US","og_type":"article","og_title":"Escopro\/ponteiro SDS MAX","og_description":"Escopro\/ponteiro SDS MAX produzido com material 40Cr, a\u00e7o especial de alta qualidade grande resist\u00eancia ao impacto e ao desgaste. Com fun\u00e7\u00e3o de auto afia\u00e7\u00e3o.","og_url":"https:\/\/www.globaltools.pt\/produto\/escopro-ponteiro-sds-max-auto-afiavel\/","og_site_name":"GlobalTools","article_modified_time":"2025-09-08T13:08:16+00:00","og_image":[{"width":952,"height":952,"url":"https:\/\/www.globaltools.pt\/wp-content\/uploads\/2025\/05\/cinzeis-sds-max.jpg","type":"image\/jpeg"}],"twitter_card":"summary_large_image","twitter_misc":{"Est. reading time":"2 minutes"},"schema":{"@context":"https:\/\/schema.org","@graph":[{"@type":"WebPage","@id":"https:\/\/www.globaltools.pt\/produto\/escopro-ponteiro-sds-max-auto-afiavel\/","url":"https:\/\/www.globaltools.pt\/produto\/escopro-ponteiro-sds-max-auto-afiavel\/","name":"Escopro\/ponteiro SDS MAX","isPartOf":{"@id":"https:\/\/www.globaltools.pt\/#website"},"primaryImageOfPage":{"@id":"https:\/\/www.globaltools.pt\/produto\/escopro-ponteiro-sds-max-auto-afiavel\/#primaryimage"},"image":{"@id":"https:\/\/www.globaltools.pt\/produto\/escopro-ponteiro-sds-max-auto-afiavel\/#primaryimage"},"thumbnailUrl":"https:\/\/www.globaltools.pt\/wp-content\/uploads\/2025\/05\/cinzeis-sds-max.jpg","datePublished":"2025-04-22T17:30:43+00:00","dateModified":"2025-09-08T13:08:16+00:00","description":"Escopro\/ponteiro SDS MAX produzido com material 40Cr, a\u00e7o especial de alta qualidade grande resist\u00eancia ao impacto e ao desgaste. Com fun\u00e7\u00e3o de auto afia\u00e7\u00e3o.","breadcrumb":{"@id":"https:\/\/www.globaltools.pt\/produto\/escopro-ponteiro-sds-max-auto-afiavel\/#breadcrumb"},"inLanguage":"en-US","potentialAction":[{"@type":"ReadAction","target":["https:\/\/www.globaltools.pt\/produto\/escopro-ponteiro-sds-max-auto-afiavel\/"]}]},{"@type":"ImageObject","inLanguage":"en-US","@id":"https:\/\/www.globaltools.pt\/produto\/escopro-ponteiro-sds-max-auto-afiavel\/#primaryimage","url":"https:\/\/www.globaltools.pt\/wp-content\/uploads\/2025\/05\/cinzeis-sds-max.jpg","contentUrl":"https:\/\/www.globaltools.pt\/wp-content\/uploads\/2025\/05\/cinzeis-sds-max.jpg","width":952,"height":952},{"@type":"BreadcrumbList","@id":"https:\/\/www.globaltools.pt\/produto\/escopro-ponteiro-sds-max-auto-afiavel\/#breadcrumb","itemListElement":[{"@type":"ListItem","position":1,"name":"In\u00edcio","item":"https:\/\/www.globaltools.pt\/"},{"@type":"ListItem","position":2,"name":"Shop","item":"https:\/\/www.globaltools.pt\/en\/shop\/"},{"@type":"ListItem","position":3,"name":"Escopro | Ponteiro SDS MAX Auto Afi\u00e1vel"}]},{"@type":"WebSite","@id":"https:\/\/www.globaltools.pt\/#website","url":"https:\/\/www.globaltools.pt\/","name":"Globaltools","description":"","publisher":{"@id":"https:\/\/www.globaltools.pt\/#organization"},"potentialAction":[{"@type":"SearchAction","target":{"@type":"EntryPoint","urlTemplate":"https:\/\/www.globaltools.pt\/?s={search_term_string}"},"query-input":{"@type":"PropertyValueSpecification","valueRequired":true,"valueName":"search_term_string"}}],"inLanguage":"en-US"},{"@type":"Organization","@id":"https:\/\/www.globaltools.pt\/#organization","name":"Globaltools","url":"https:\/\/www.globaltools.pt\/","logo":{"@type":"ImageObject","inLanguage":"en-US","@id":"https:\/\/www.globaltools.pt\/#\/schema\/logo\/image\/","url":"https:\/\/www.globaltools.pt\/wp-content\/uploads\/2025\/05\/DELTATOOLS-LOGO.jpg","contentUrl":"https:\/\/www.globaltools.pt\/wp-content\/uploads\/2025\/05\/DELTATOOLS-LOGO.jpg","width":542,"height":120,"caption":"Globaltools"},"image":{"@id":"https:\/\/www.globaltools.pt\/#\/schema\/logo\/image\/"}}]}},"_links":{"self":[{"href":"https:\/\/www.globaltools.pt\/en\/wp-json\/wp\/v2\/product\/15758","targetHints":{"allow":["GET"]}}],"collection":[{"href":"https:\/\/www.globaltools.pt\/en\/wp-json\/wp\/v2\/product"}],"about":[{"href":"https:\/\/www.globaltools.pt\/en\/wp-json\/wp\/v2\/types\/product"}],"version-history":[{"count":14,"href":"https:\/\/www.globaltools.pt\/en\/wp-json\/wp\/v2\/product\/15758\/revisions"}],"predecessor-version":[{"id":19644,"href":"https:\/\/www.globaltools.pt\/en\/wp-json\/wp\/v2\/product\/15758\/revisions\/19644"}],"wp:featuredmedia":[{"embeddable":true,"href":"https:\/\/www.globaltools.pt\/en\/wp-json\/wp\/v2\/media\/18083"}],"wp:attachment":[{"href":"https:\/\/www.globaltools.pt\/en\/wp-json\/wp\/v2\/media?parent=15758"}],"wp:term":[{"taxonomy":"product_brand","embeddable":true,"href":"https:\/\/www.globaltools.pt\/en\/wp-json\/wp\/v2\/product_brand?post=15758"},{"taxonomy":"product_cat","embeddable":true,"href":"https:\/\/www.globaltools.pt\/en\/wp-json\/wp\/v2\/product_cat?post=15758"},{"taxonomy":"product_tag","embeddable":true,"href":"https:\/\/www.globaltools.pt\/en\/wp-json\/wp\/v2\/product_tag?post=15758"}],"curies":[{"name":"wp","href":"https:\/\/api.w.org\/{rel}","templated":true}]}}