{"id":15759,"date":"2025-04-22T17:30:43","date_gmt":"2025-04-22T17:30:43","guid":{"rendered":"https:\/\/www.globaltools.pt\/produto\/discos-lamelados-zirconium\/"},"modified":"2025-09-04T15:39:28","modified_gmt":"2025-09-04T15:39:28","slug":"disco-lamelado-zirconium","status":"publish","type":"product","link":"https:\/\/www.globaltools.pt\/en\/produto\/disco-lamelado-zirconium\/","title":{"rendered":"Disco lamelado Zirconium"},"content":{"rendered":"\t\t<div data-elementor-type=\"product-post\" data-elementor-id=\"15759\" class=\"elementor elementor-15759\" data-elementor-post-type=\"product\">\n\t\t\t\t<div class=\"wd-negative-gap elementor-element elementor-element-12b628e e-grid e-con-boxed e-con e-parent\" data-id=\"12b628e\" data-element_type=\"container\">\n\t\t\t\t\t<div class=\"e-con-inner\">\n\t\t\t\t<div class=\"elementor-element elementor-element-60aca1c elementor-widget elementor-widget-wd_text_block\" data-id=\"60aca1c\" data-element_type=\"widget\" data-widget_type=\"wd_text_block.default\">\n\t\t\t\t<div class=\"elementor-widget-container\">\n\t\t\t\t\t\t\t<div class=\"wd-text-block reset-last-child text-left\">\n\t\t\t\n\t\t\t<p>O Disco lamelado da DELTATOOLS<\/p><ul><li>Os gr\u00e3os de \u00f3xido zirc\u00f3nio s\u00e3o pontiagudos, com a\u00e7\u00e3o de micro-desgaste e auto-afia\u00e7\u00e3o, remo\u00e7\u00e3o total de material sem esfor\u00e7o e sem sobreaquecimento.<\/li><li>Os gr\u00e3os de \u00f3xido de alum\u00ednio calcinado s\u00e3o arredondados com a\u00e7\u00e3o de macro-desgaste, tem efeito de polimento e cria\u00e7\u00e3o de camada de passiva\u00e7\u00e3o( protege contra a corros\u00e3o).<\/li><li>Com 72 lamelas de 18 x 24 mm para uma maior amplitude de abras\u00e3o.<\/li><\/ul>\n\t\t\t\t\t<\/div>\n\t\t\t\t\t\t<\/div>\n\t\t\t\t<\/div>\n\t\t\t\t<div class=\"elementor-element elementor-element-27dafe0 elementor-widget__width-initial elementor-widget elementor-widget-wd_image_or_svg\" data-id=\"27dafe0\" data-element_type=\"widget\" data-widget_type=\"wd_image_or_svg.default\">\n\t\t\t\t<div class=\"elementor-widget-container\">\n\t\t\t\t\t\n\t\t<div class=\"wd-image text-left\">\n\t\t\t\t\t\t\t\t<img fetchpriority=\"high\" decoding=\"async\" width=\"1191\" height=\"1200\" src=\"https:\/\/www.globaltools.pt\/wp-content\/uploads\/2025\/05\/2-DISCO-LAMELADO.jpg\" class=\"attachment-full size-full\" alt=\"\" srcset=\"https:\/\/www.globaltools.pt\/wp-content\/uploads\/2025\/05\/2-DISCO-LAMELADO.jpg 1191w, https:\/\/www.globaltools.pt\/wp-content\/uploads\/2025\/05\/2-DISCO-LAMELADO-298x300.jpg 298w, https:\/\/www.globaltools.pt\/wp-content\/uploads\/2025\/05\/2-DISCO-LAMELADO-794x800.jpg 794w, https:\/\/www.globaltools.pt\/wp-content\/uploads\/2025\/05\/2-DISCO-LAMELADO-150x151.jpg 150w, https:\/\/www.globaltools.pt\/wp-content\/uploads\/2025\/05\/2-DISCO-LAMELADO-768x774.jpg 768w, https:\/\/www.globaltools.pt\/wp-content\/uploads\/2025\/05\/2-DISCO-LAMELADO-430x433.jpg 430w, https:\/\/www.globaltools.pt\/wp-content\/uploads\/2025\/05\/2-DISCO-LAMELADO-700x705.jpg 700w\" sizes=\"(max-width: 1191px) 100vw, 1191px\" \/>\t\t\t\t\t<\/div>\n\n\t\t\t\t\t\t<\/div>\n\t\t\t\t<\/div>\n\t\t\t\t\t<\/div>\n\t\t\t\t<\/div>\n\t\t\t\t<\/div>\n\t\t","protected":false},"excerpt":{"rendered":"<p><img decoding=\"async\" class=\"alignnone wp-image-17863\" src=\"https:\/\/www.globaltools.pt\/wp-content\/uploads\/2025\/05\/DELTATOOLS-LOGO-400x89.jpg\" alt=\"\" width=\"153\" height=\"34\" srcset=\"https:\/\/www.globaltools.pt\/wp-content\/uploads\/2025\/05\/DELTATOOLS-LOGO-400x89.jpg 400w, https:\/\/www.globaltools.pt\/wp-content\/uploads\/2025\/05\/DELTATOOLS-LOGO-430x95.jpg 430w, https:\/\/www.globaltools.pt\/wp-content\/uploads\/2025\/05\/DELTATOOLS-LOGO-150x33.jpg 150w, https:\/\/www.globaltools.pt\/wp-content\/uploads\/2025\/05\/DELTATOOLS-LOGO.jpg 542w\" sizes=\"(max-width: 153px) 100vw, 153px\" \/><\/p>\n<p>Discos lamelados especial para Inox, composto por gr\u00e3os de Zirconium garantem a remo\u00e7\u00e3o total de material resistente do metal e do inox.<\/p>\n<p><img decoding=\"async\" class=\"alignnone wp-image-18699 size-full\" src=\"https:\/\/www.globaltools.pt\/wp-content\/uploads\/2025\/04\/DISCOS-LAMELADOS-TABELA.png\" alt=\"\" width=\"501\" height=\"268\" srcset=\"https:\/\/www.globaltools.pt\/wp-content\/uploads\/2025\/04\/DISCOS-LAMELADOS-TABELA.png 501w, https:\/\/www.globaltools.pt\/wp-content\/uploads\/2025\/04\/DISCOS-LAMELADOS-TABELA-400x214.png 400w, https:\/\/www.globaltools.pt\/wp-content\/uploads\/2025\/04\/DISCOS-LAMELADOS-TABELA-430x230.png 430w, https:\/\/www.globaltools.pt\/wp-content\/uploads\/2025\/04\/DISCOS-LAMELADOS-TABELA-150x80.png 150w\" sizes=\"(max-width: 501px) 100vw, 501px\" \/><\/p>\n<p>&nbsp;<\/p>\n","protected":false},"featured_media":18185,"template":"","meta":[],"product_brand":[],"product_cat":[27],"product_tag":[],"class_list":{"0":"post-15759","1":"product","2":"type-product","3":"status-publish","4":"has-post-thumbnail","6":"product_cat-abrasivos-rigidos-e-flexiveis","8":"first","9":"instock","10":"shipping-taxable","11":"product-type-simple"},"yoast_head":"<!-- This site is optimized with the Yoast SEO plugin v26.7 - https:\/\/yoast.com\/wordpress\/plugins\/seo\/ -->\n<title>discos lameladosDisco lamelado Zirconium<\/title>\n<meta name=\"description\" content=\"Discos lamelados especial para Inox, composto por gr\u00e3os de Zirconium garantem a remo\u00e7\u00e3o total de material resistente do metal e do inox.\" \/>\n<meta name=\"robots\" content=\"index, follow, max-snippet:-1, max-image-preview:large, max-video-preview:-1\" \/>\n<link rel=\"canonical\" href=\"https:\/\/www.globaltools.pt\/produto\/disco-lamelado-zirconium\/\" \/>\n<meta property=\"og:locale\" content=\"en_US\" \/>\n<meta property=\"og:type\" content=\"article\" \/>\n<meta property=\"og:title\" content=\"discos lameladosDisco lamelado Zirconium\" \/>\n<meta property=\"og:description\" content=\"Discos lamelados especial para Inox, composto por gr\u00e3os de Zirconium garantem a remo\u00e7\u00e3o total de material resistente do metal e do inox.\" \/>\n<meta property=\"og:url\" content=\"https:\/\/www.globaltools.pt\/produto\/disco-lamelado-zirconium\/\" \/>\n<meta property=\"og:site_name\" content=\"GlobalTools\" \/>\n<meta property=\"article:modified_time\" content=\"2025-09-04T15:39:28+00:00\" \/>\n<meta property=\"og:image\" content=\"https:\/\/www.globaltools.pt\/wp-content\/uploads\/2025\/05\/DISCO-LAMELADO.jpg\" \/>\n\t<meta property=\"og:image:width\" content=\"952\" \/>\n\t<meta property=\"og:image:height\" content=\"952\" \/>\n\t<meta property=\"og:image:type\" content=\"image\/jpeg\" \/>\n<meta name=\"twitter:card\" content=\"summary_large_image\" \/>\n<meta name=\"twitter:label1\" content=\"Est. reading time\" \/>\n\t<meta name=\"twitter:data1\" content=\"1 minute\" \/>\n<script type=\"application\/ld+json\" class=\"yoast-schema-graph\">{\"@context\":\"https:\/\/schema.org\",\"@graph\":[{\"@type\":\"WebPage\",\"@id\":\"https:\/\/www.globaltools.pt\/produto\/disco-lamelado-zirconium\/\",\"url\":\"https:\/\/www.globaltools.pt\/produto\/disco-lamelado-zirconium\/\",\"name\":\"discos lameladosDisco lamelado Zirconium\",\"isPartOf\":{\"@id\":\"https:\/\/www.globaltools.pt\/#website\"},\"primaryImageOfPage\":{\"@id\":\"https:\/\/www.globaltools.pt\/produto\/disco-lamelado-zirconium\/#primaryimage\"},\"image\":{\"@id\":\"https:\/\/www.globaltools.pt\/produto\/disco-lamelado-zirconium\/#primaryimage\"},\"thumbnailUrl\":\"https:\/\/www.globaltools.pt\/wp-content\/uploads\/2025\/05\/DISCO-LAMELADO.jpg\",\"datePublished\":\"2025-04-22T17:30:43+00:00\",\"dateModified\":\"2025-09-04T15:39:28+00:00\",\"description\":\"Discos lamelados especial para Inox, composto por gr\u00e3os de Zirconium garantem a remo\u00e7\u00e3o total de material resistente do metal e do inox.\",\"breadcrumb\":{\"@id\":\"https:\/\/www.globaltools.pt\/produto\/disco-lamelado-zirconium\/#breadcrumb\"},\"inLanguage\":\"en-US\",\"potentialAction\":[{\"@type\":\"ReadAction\",\"target\":[\"https:\/\/www.globaltools.pt\/produto\/disco-lamelado-zirconium\/\"]}]},{\"@type\":\"ImageObject\",\"inLanguage\":\"en-US\",\"@id\":\"https:\/\/www.globaltools.pt\/produto\/disco-lamelado-zirconium\/#primaryimage\",\"url\":\"https:\/\/www.globaltools.pt\/wp-content\/uploads\/2025\/05\/DISCO-LAMELADO.jpg\",\"contentUrl\":\"https:\/\/www.globaltools.pt\/wp-content\/uploads\/2025\/05\/DISCO-LAMELADO.jpg\",\"width\":952,\"height\":952},{\"@type\":\"BreadcrumbList\",\"@id\":\"https:\/\/www.globaltools.pt\/produto\/disco-lamelado-zirconium\/#breadcrumb\",\"itemListElement\":[{\"@type\":\"ListItem\",\"position\":1,\"name\":\"In\u00edcio\",\"item\":\"https:\/\/www.globaltools.pt\/\"},{\"@type\":\"ListItem\",\"position\":2,\"name\":\"Shop\",\"item\":\"https:\/\/www.globaltools.pt\/en\/shop\/\"},{\"@type\":\"ListItem\",\"position\":3,\"name\":\"Disco lamelado Zirconium\"}]},{\"@type\":\"WebSite\",\"@id\":\"https:\/\/www.globaltools.pt\/#website\",\"url\":\"https:\/\/www.globaltools.pt\/\",\"name\":\"Globaltools\",\"description\":\"\",\"publisher\":{\"@id\":\"https:\/\/www.globaltools.pt\/#organization\"},\"potentialAction\":[{\"@type\":\"SearchAction\",\"target\":{\"@type\":\"EntryPoint\",\"urlTemplate\":\"https:\/\/www.globaltools.pt\/?s={search_term_string}\"},\"query-input\":{\"@type\":\"PropertyValueSpecification\",\"valueRequired\":true,\"valueName\":\"search_term_string\"}}],\"inLanguage\":\"en-US\"},{\"@type\":\"Organization\",\"@id\":\"https:\/\/www.globaltools.pt\/#organization\",\"name\":\"Globaltools\",\"url\":\"https:\/\/www.globaltools.pt\/\",\"logo\":{\"@type\":\"ImageObject\",\"inLanguage\":\"en-US\",\"@id\":\"https:\/\/www.globaltools.pt\/#\/schema\/logo\/image\/\",\"url\":\"https:\/\/www.globaltools.pt\/wp-content\/uploads\/2025\/05\/DELTATOOLS-LOGO.jpg\",\"contentUrl\":\"https:\/\/www.globaltools.pt\/wp-content\/uploads\/2025\/05\/DELTATOOLS-LOGO.jpg\",\"width\":542,\"height\":120,\"caption\":\"Globaltools\"},\"image\":{\"@id\":\"https:\/\/www.globaltools.pt\/#\/schema\/logo\/image\/\"}}]}<\/script>\n<!-- \/ Yoast SEO plugin. -->","yoast_head_json":{"title":"discos lameladosDisco lamelado Zirconium","description":"Discos lamelados especial para Inox, composto por gr\u00e3os de Zirconium garantem a remo\u00e7\u00e3o total de material resistente do metal e do inox.","robots":{"index":"index","follow":"follow","max-snippet":"max-snippet:-1","max-image-preview":"max-image-preview:large","max-video-preview":"max-video-preview:-1"},"canonical":"https:\/\/www.globaltools.pt\/produto\/disco-lamelado-zirconium\/","og_locale":"en_US","og_type":"article","og_title":"discos lameladosDisco lamelado Zirconium","og_description":"Discos lamelados especial para Inox, composto por gr\u00e3os de Zirconium garantem a remo\u00e7\u00e3o total de material resistente do metal e do inox.","og_url":"https:\/\/www.globaltools.pt\/produto\/disco-lamelado-zirconium\/","og_site_name":"GlobalTools","article_modified_time":"2025-09-04T15:39:28+00:00","og_image":[{"width":952,"height":952,"url":"https:\/\/www.globaltools.pt\/wp-content\/uploads\/2025\/05\/DISCO-LAMELADO.jpg","type":"image\/jpeg"}],"twitter_card":"summary_large_image","twitter_misc":{"Est. reading time":"1 minute"},"schema":{"@context":"https:\/\/schema.org","@graph":[{"@type":"WebPage","@id":"https:\/\/www.globaltools.pt\/produto\/disco-lamelado-zirconium\/","url":"https:\/\/www.globaltools.pt\/produto\/disco-lamelado-zirconium\/","name":"discos lameladosDisco lamelado Zirconium","isPartOf":{"@id":"https:\/\/www.globaltools.pt\/#website"},"primaryImageOfPage":{"@id":"https:\/\/www.globaltools.pt\/produto\/disco-lamelado-zirconium\/#primaryimage"},"image":{"@id":"https:\/\/www.globaltools.pt\/produto\/disco-lamelado-zirconium\/#primaryimage"},"thumbnailUrl":"https:\/\/www.globaltools.pt\/wp-content\/uploads\/2025\/05\/DISCO-LAMELADO.jpg","datePublished":"2025-04-22T17:30:43+00:00","dateModified":"2025-09-04T15:39:28+00:00","description":"Discos lamelados especial para Inox, composto por gr\u00e3os de Zirconium garantem a remo\u00e7\u00e3o total de material resistente do metal e do inox.","breadcrumb":{"@id":"https:\/\/www.globaltools.pt\/produto\/disco-lamelado-zirconium\/#breadcrumb"},"inLanguage":"en-US","potentialAction":[{"@type":"ReadAction","target":["https:\/\/www.globaltools.pt\/produto\/disco-lamelado-zirconium\/"]}]},{"@type":"ImageObject","inLanguage":"en-US","@id":"https:\/\/www.globaltools.pt\/produto\/disco-lamelado-zirconium\/#primaryimage","url":"https:\/\/www.globaltools.pt\/wp-content\/uploads\/2025\/05\/DISCO-LAMELADO.jpg","contentUrl":"https:\/\/www.globaltools.pt\/wp-content\/uploads\/2025\/05\/DISCO-LAMELADO.jpg","width":952,"height":952},{"@type":"BreadcrumbList","@id":"https:\/\/www.globaltools.pt\/produto\/disco-lamelado-zirconium\/#breadcrumb","itemListElement":[{"@type":"ListItem","position":1,"name":"In\u00edcio","item":"https:\/\/www.globaltools.pt\/"},{"@type":"ListItem","position":2,"name":"Shop","item":"https:\/\/www.globaltools.pt\/en\/shop\/"},{"@type":"ListItem","position":3,"name":"Disco lamelado Zirconium"}]},{"@type":"WebSite","@id":"https:\/\/www.globaltools.pt\/#website","url":"https:\/\/www.globaltools.pt\/","name":"Globaltools","description":"","publisher":{"@id":"https:\/\/www.globaltools.pt\/#organization"},"potentialAction":[{"@type":"SearchAction","target":{"@type":"EntryPoint","urlTemplate":"https:\/\/www.globaltools.pt\/?s={search_term_string}"},"query-input":{"@type":"PropertyValueSpecification","valueRequired":true,"valueName":"search_term_string"}}],"inLanguage":"en-US"},{"@type":"Organization","@id":"https:\/\/www.globaltools.pt\/#organization","name":"Globaltools","url":"https:\/\/www.globaltools.pt\/","logo":{"@type":"ImageObject","inLanguage":"en-US","@id":"https:\/\/www.globaltools.pt\/#\/schema\/logo\/image\/","url":"https:\/\/www.globaltools.pt\/wp-content\/uploads\/2025\/05\/DELTATOOLS-LOGO.jpg","contentUrl":"https:\/\/www.globaltools.pt\/wp-content\/uploads\/2025\/05\/DELTATOOLS-LOGO.jpg","width":542,"height":120,"caption":"Globaltools"},"image":{"@id":"https:\/\/www.globaltools.pt\/#\/schema\/logo\/image\/"}}]}},"_links":{"self":[{"href":"https:\/\/www.globaltools.pt\/en\/wp-json\/wp\/v2\/product\/15759","targetHints":{"allow":["GET"]}}],"collection":[{"href":"https:\/\/www.globaltools.pt\/en\/wp-json\/wp\/v2\/product"}],"about":[{"href":"https:\/\/www.globaltools.pt\/en\/wp-json\/wp\/v2\/types\/product"}],"version-history":[{"count":35,"href":"https:\/\/www.globaltools.pt\/en\/wp-json\/wp\/v2\/product\/15759\/revisions"}],"predecessor-version":[{"id":19534,"href":"https:\/\/www.globaltools.pt\/en\/wp-json\/wp\/v2\/product\/15759\/revisions\/19534"}],"wp:featuredmedia":[{"embeddable":true,"href":"https:\/\/www.globaltools.pt\/en\/wp-json\/wp\/v2\/media\/18185"}],"wp:attachment":[{"href":"https:\/\/www.globaltools.pt\/en\/wp-json\/wp\/v2\/media?parent=15759"}],"wp:term":[{"taxonomy":"product_brand","embeddable":true,"href":"https:\/\/www.globaltools.pt\/en\/wp-json\/wp\/v2\/product_brand?post=15759"},{"taxonomy":"product_cat","embeddable":true,"href":"https:\/\/www.globaltools.pt\/en\/wp-json\/wp\/v2\/product_cat?post=15759"},{"taxonomy":"product_tag","embeddable":true,"href":"https:\/\/www.globaltools.pt\/en\/wp-json\/wp\/v2\/product_tag?post=15759"}],"curies":[{"name":"wp","href":"https:\/\/api.w.org\/{rel}","templated":true}]}}