{"id":15760,"date":"2025-04-22T17:30:43","date_gmt":"2025-04-22T17:30:43","guid":{"rendered":"https:\/\/www.globaltools.pt\/produto\/discos-diamantados-universal-sstline\/"},"modified":"2025-09-05T08:43:11","modified_gmt":"2025-09-05T08:43:11","slug":"disco-diamantado-universal","status":"publish","type":"product","link":"https:\/\/www.globaltools.pt\/en\/produto\/disco-diamantado-universal\/","title":{"rendered":"Disco diamantado Universal SSTline"},"content":{"rendered":"\t\t<div data-elementor-type=\"product-post\" data-elementor-id=\"15760\" class=\"elementor elementor-15760\" data-elementor-post-type=\"product\">\n\t\t\t\t<div class=\"wd-negative-gap elementor-element elementor-element-f939964 e-flex e-con-boxed e-con e-parent\" data-id=\"f939964\" data-element_type=\"container\">\n\t\t\t\t\t<div class=\"e-con-inner\">\n\t\t<div class=\"elementor-element elementor-element-c1e19ff e-con-full e-flex e-con e-child\" data-id=\"c1e19ff\" data-element_type=\"container\">\n\t\t\t\t<div class=\"elementor-element elementor-element-6acc4397 color-scheme-inherit text-left elementor-widget elementor-widget-text-editor\" data-id=\"6acc4397\" data-element_type=\"widget\" data-widget_type=\"text-editor.default\">\n\t\t\t\t<div class=\"elementor-widget-container\">\n\t\t\t\t\t\t\t\t\t<p>O Discos Diamantados Universal SST line da DELTATOOLS \u00e9 uma solu\u00e7\u00e3o premium. Com um segmento de 12mm, oferece um elevado n\u00famero de cortes. Possui segmento em diamante, com 22% de concentra\u00e7\u00e3o e sinteriza\u00e7\u00e3o em liga de cobre, ferro e n\u00edquel, garantindo resist\u00eancia. O corpo em metal 65Mn proporciona elevada dureza e resist\u00eancia.Conta ainda com faixas de velocidade que minimizam a fric\u00e7\u00e3o e promovem cortes sem interrup\u00e7\u00f5es, entalhes de grandes dimens\u00f5es ajudam a escoar res\u00edduos e a refrigerar o disco, garantem cortes silenciosos e sem vibra\u00e7\u00f5es.<\/p>\t\t\t\t\t\t\t\t<\/div>\n\t\t\t\t<\/div>\n\t\t\t\t<\/div>\n\t\t<div class=\"elementor-element elementor-element-3538581 e-con-full e-flex e-con e-child\" data-id=\"3538581\" data-element_type=\"container\">\n\t\t\t\t<div class=\"elementor-element elementor-element-acc2ba8 elementor-widget elementor-widget-image\" data-id=\"acc2ba8\" data-element_type=\"widget\" data-widget_type=\"image.default\">\n\t\t\t\t<div class=\"elementor-widget-container\">\n\t\t\t\t\t\t\t\t\t\t\t\t\t\t\t<img fetchpriority=\"high\" decoding=\"async\" width=\"800\" height=\"800\" src=\"https:\/\/www.globaltools.pt\/wp-content\/uploads\/2025\/05\/9-DISCO-DIAM-SST-2-800x800.jpg\" class=\"attachment-large size-large wp-image-19196\" alt=\"\" srcset=\"https:\/\/www.globaltools.pt\/wp-content\/uploads\/2025\/05\/9-DISCO-DIAM-SST-2-800x800.jpg 800w, https:\/\/www.globaltools.pt\/wp-content\/uploads\/2025\/05\/9-DISCO-DIAM-SST-2-300x300.jpg 300w, https:\/\/www.globaltools.pt\/wp-content\/uploads\/2025\/05\/9-DISCO-DIAM-SST-2-150x150.jpg 150w, https:\/\/www.globaltools.pt\/wp-content\/uploads\/2025\/05\/9-DISCO-DIAM-SST-2-768x768.jpg 768w, https:\/\/www.globaltools.pt\/wp-content\/uploads\/2025\/05\/9-DISCO-DIAM-SST-2-430x430.jpg 430w, https:\/\/www.globaltools.pt\/wp-content\/uploads\/2025\/05\/9-DISCO-DIAM-SST-2-700x700.jpg 700w, https:\/\/www.globaltools.pt\/wp-content\/uploads\/2025\/05\/9-DISCO-DIAM-SST-2.jpg 1200w\" sizes=\"(max-width: 800px) 100vw, 800px\" \/>\t\t\t\t\t\t\t\t\t\t\t\t\t\t\t<\/div>\n\t\t\t\t<\/div>\n\t\t\t\t<\/div>\n\t\t\t\t\t<\/div>\n\t\t\t\t<\/div>\n\t\t<div class=\"wd-negative-gap elementor-element elementor-element-22c012f4 e-flex e-con-boxed e-con e-parent\" data-id=\"22c012f4\" data-element_type=\"container\">\n\t\t\t\t\t<div class=\"e-con-inner\">\n\t\t\t\t\t<\/div>\n\t\t\t\t<\/div>\n\t\t\t\t<\/div>\n\t\t","protected":false},"excerpt":{"rendered":"<p><img decoding=\"async\" class=\"alignnone wp-image-17863\" src=\"https:\/\/www.globaltools.pt\/wp-content\/uploads\/2025\/05\/DELTATOOLS-LOGO-400x89.jpg\" alt=\"\" width=\"153\" height=\"34\" srcset=\"https:\/\/www.globaltools.pt\/wp-content\/uploads\/2025\/05\/DELTATOOLS-LOGO-400x89.jpg 400w, https:\/\/www.globaltools.pt\/wp-content\/uploads\/2025\/05\/DELTATOOLS-LOGO-430x95.jpg 430w, https:\/\/www.globaltools.pt\/wp-content\/uploads\/2025\/05\/DELTATOOLS-LOGO-150x33.jpg 150w, https:\/\/www.globaltools.pt\/wp-content\/uploads\/2025\/05\/DELTATOOLS-LOGO.jpg 542w\" sizes=\"(max-width: 153px) 100vw, 153px\" \/><\/p>\n<p>Disco diamantado universal SSTline proporciona um corte<strong> suave, r\u00e1pido e uniforme<\/strong> em <strong>v\u00e1rios tipos<\/strong> de materiais.<\/p>\n<p><img decoding=\"async\" class=\"alignnone wp-image-19558 size-full\" src=\"https:\/\/www.globaltools.pt\/wp-content\/uploads\/2025\/04\/TAB-DISCOS-SST.png\" alt=\"\" width=\"501\" height=\"114\" srcset=\"https:\/\/www.globaltools.pt\/wp-content\/uploads\/2025\/04\/TAB-DISCOS-SST.png 501w, https:\/\/www.globaltools.pt\/wp-content\/uploads\/2025\/04\/TAB-DISCOS-SST-400x91.png 400w, https:\/\/www.globaltools.pt\/wp-content\/uploads\/2025\/04\/TAB-DISCOS-SST-430x98.png 430w, https:\/\/www.globaltools.pt\/wp-content\/uploads\/2025\/04\/TAB-DISCOS-SST-150x34.png 150w\" sizes=\"(max-width: 501px) 100vw, 501px\" \/><\/p>\n","protected":false},"featured_media":18157,"template":"","meta":[],"product_brand":[],"product_cat":[28],"product_tag":[],"class_list":{"0":"post-15760","1":"product","2":"type-product","3":"status-publish","4":"has-post-thumbnail","6":"product_cat-discos-e-mos-diamante","8":"first","9":"instock","10":"shipping-taxable","11":"product-type-simple"},"yoast_head":"<!-- This site is optimized with the Yoast SEO plugin v26.7 - https:\/\/yoast.com\/wordpress\/plugins\/seo\/ -->\n<title>Disco universal Disco diamantado Universal SSTline<\/title>\n<meta name=\"description\" content=\"Disco diamantado universal SSTline proporciona um corte suave, r\u00e1pido e uniforme em v\u00e1rios tipos de materiais. DELTATOOLS Disco universal cer\u00e2mica\" \/>\n<meta name=\"robots\" content=\"index, follow, max-snippet:-1, max-image-preview:large, max-video-preview:-1\" \/>\n<link rel=\"canonical\" href=\"https:\/\/www.globaltools.pt\/produto\/disco-diamantado-universal\/\" \/>\n<meta property=\"og:locale\" content=\"en_US\" \/>\n<meta property=\"og:type\" content=\"article\" \/>\n<meta property=\"og:title\" content=\"Disco universal Disco diamantado Universal SSTline\" \/>\n<meta property=\"og:description\" content=\"Disco diamantado universal SSTline proporciona um corte suave, r\u00e1pido e uniforme em v\u00e1rios tipos de materiais. DELTATOOLS Disco universal cer\u00e2mica\" \/>\n<meta property=\"og:url\" content=\"https:\/\/www.globaltools.pt\/produto\/disco-diamantado-universal\/\" \/>\n<meta property=\"og:site_name\" content=\"GlobalTools\" \/>\n<meta property=\"article:modified_time\" content=\"2025-09-05T08:43:11+00:00\" \/>\n<meta property=\"og:image\" content=\"https:\/\/www.globaltools.pt\/wp-content\/uploads\/2025\/05\/DISCO-SST-1.jpg\" \/>\n\t<meta property=\"og:image:width\" content=\"952\" \/>\n\t<meta property=\"og:image:height\" content=\"952\" \/>\n\t<meta property=\"og:image:type\" content=\"image\/jpeg\" \/>\n<meta name=\"twitter:card\" content=\"summary_large_image\" \/>\n<meta name=\"twitter:label1\" content=\"Est. reading time\" \/>\n\t<meta name=\"twitter:data1\" content=\"1 minute\" \/>\n<script type=\"application\/ld+json\" class=\"yoast-schema-graph\">{\"@context\":\"https:\/\/schema.org\",\"@graph\":[{\"@type\":\"WebPage\",\"@id\":\"https:\/\/www.globaltools.pt\/produto\/disco-diamantado-universal\/\",\"url\":\"https:\/\/www.globaltools.pt\/produto\/disco-diamantado-universal\/\",\"name\":\"Disco universal Disco diamantado Universal SSTline\",\"isPartOf\":{\"@id\":\"https:\/\/www.globaltools.pt\/#website\"},\"primaryImageOfPage\":{\"@id\":\"https:\/\/www.globaltools.pt\/produto\/disco-diamantado-universal\/#primaryimage\"},\"image\":{\"@id\":\"https:\/\/www.globaltools.pt\/produto\/disco-diamantado-universal\/#primaryimage\"},\"thumbnailUrl\":\"https:\/\/www.globaltools.pt\/wp-content\/uploads\/2025\/05\/DISCO-SST-1.jpg\",\"datePublished\":\"2025-04-22T17:30:43+00:00\",\"dateModified\":\"2025-09-05T08:43:11+00:00\",\"description\":\"Disco diamantado universal SSTline proporciona um corte suave, r\u00e1pido e uniforme em v\u00e1rios tipos de materiais. DELTATOOLS Disco universal cer\u00e2mica\",\"breadcrumb\":{\"@id\":\"https:\/\/www.globaltools.pt\/produto\/disco-diamantado-universal\/#breadcrumb\"},\"inLanguage\":\"en-US\",\"potentialAction\":[{\"@type\":\"ReadAction\",\"target\":[\"https:\/\/www.globaltools.pt\/produto\/disco-diamantado-universal\/\"]}]},{\"@type\":\"ImageObject\",\"inLanguage\":\"en-US\",\"@id\":\"https:\/\/www.globaltools.pt\/produto\/disco-diamantado-universal\/#primaryimage\",\"url\":\"https:\/\/www.globaltools.pt\/wp-content\/uploads\/2025\/05\/DISCO-SST-1.jpg\",\"contentUrl\":\"https:\/\/www.globaltools.pt\/wp-content\/uploads\/2025\/05\/DISCO-SST-1.jpg\",\"width\":952,\"height\":952},{\"@type\":\"BreadcrumbList\",\"@id\":\"https:\/\/www.globaltools.pt\/produto\/disco-diamantado-universal\/#breadcrumb\",\"itemListElement\":[{\"@type\":\"ListItem\",\"position\":1,\"name\":\"In\u00edcio\",\"item\":\"https:\/\/www.globaltools.pt\/\"},{\"@type\":\"ListItem\",\"position\":2,\"name\":\"Shop\",\"item\":\"https:\/\/www.globaltools.pt\/en\/shop\/\"},{\"@type\":\"ListItem\",\"position\":3,\"name\":\"Disco diamantado Universal SSTline\"}]},{\"@type\":\"WebSite\",\"@id\":\"https:\/\/www.globaltools.pt\/#website\",\"url\":\"https:\/\/www.globaltools.pt\/\",\"name\":\"Globaltools\",\"description\":\"\",\"publisher\":{\"@id\":\"https:\/\/www.globaltools.pt\/#organization\"},\"potentialAction\":[{\"@type\":\"SearchAction\",\"target\":{\"@type\":\"EntryPoint\",\"urlTemplate\":\"https:\/\/www.globaltools.pt\/?s={search_term_string}\"},\"query-input\":{\"@type\":\"PropertyValueSpecification\",\"valueRequired\":true,\"valueName\":\"search_term_string\"}}],\"inLanguage\":\"en-US\"},{\"@type\":\"Organization\",\"@id\":\"https:\/\/www.globaltools.pt\/#organization\",\"name\":\"Globaltools\",\"url\":\"https:\/\/www.globaltools.pt\/\",\"logo\":{\"@type\":\"ImageObject\",\"inLanguage\":\"en-US\",\"@id\":\"https:\/\/www.globaltools.pt\/#\/schema\/logo\/image\/\",\"url\":\"https:\/\/www.globaltools.pt\/wp-content\/uploads\/2025\/05\/DELTATOOLS-LOGO.jpg\",\"contentUrl\":\"https:\/\/www.globaltools.pt\/wp-content\/uploads\/2025\/05\/DELTATOOLS-LOGO.jpg\",\"width\":542,\"height\":120,\"caption\":\"Globaltools\"},\"image\":{\"@id\":\"https:\/\/www.globaltools.pt\/#\/schema\/logo\/image\/\"}}]}<\/script>\n<!-- \/ Yoast SEO plugin. -->","yoast_head_json":{"title":"Disco universal Disco diamantado Universal SSTline","description":"Disco diamantado universal SSTline proporciona um corte suave, r\u00e1pido e uniforme em v\u00e1rios tipos de materiais. DELTATOOLS Disco universal cer\u00e2mica","robots":{"index":"index","follow":"follow","max-snippet":"max-snippet:-1","max-image-preview":"max-image-preview:large","max-video-preview":"max-video-preview:-1"},"canonical":"https:\/\/www.globaltools.pt\/produto\/disco-diamantado-universal\/","og_locale":"en_US","og_type":"article","og_title":"Disco universal Disco diamantado Universal SSTline","og_description":"Disco diamantado universal SSTline proporciona um corte suave, r\u00e1pido e uniforme em v\u00e1rios tipos de materiais. DELTATOOLS Disco universal cer\u00e2mica","og_url":"https:\/\/www.globaltools.pt\/produto\/disco-diamantado-universal\/","og_site_name":"GlobalTools","article_modified_time":"2025-09-05T08:43:11+00:00","og_image":[{"width":952,"height":952,"url":"https:\/\/www.globaltools.pt\/wp-content\/uploads\/2025\/05\/DISCO-SST-1.jpg","type":"image\/jpeg"}],"twitter_card":"summary_large_image","twitter_misc":{"Est. reading time":"1 minute"},"schema":{"@context":"https:\/\/schema.org","@graph":[{"@type":"WebPage","@id":"https:\/\/www.globaltools.pt\/produto\/disco-diamantado-universal\/","url":"https:\/\/www.globaltools.pt\/produto\/disco-diamantado-universal\/","name":"Disco universal Disco diamantado Universal SSTline","isPartOf":{"@id":"https:\/\/www.globaltools.pt\/#website"},"primaryImageOfPage":{"@id":"https:\/\/www.globaltools.pt\/produto\/disco-diamantado-universal\/#primaryimage"},"image":{"@id":"https:\/\/www.globaltools.pt\/produto\/disco-diamantado-universal\/#primaryimage"},"thumbnailUrl":"https:\/\/www.globaltools.pt\/wp-content\/uploads\/2025\/05\/DISCO-SST-1.jpg","datePublished":"2025-04-22T17:30:43+00:00","dateModified":"2025-09-05T08:43:11+00:00","description":"Disco diamantado universal SSTline proporciona um corte suave, r\u00e1pido e uniforme em v\u00e1rios tipos de materiais. DELTATOOLS Disco universal cer\u00e2mica","breadcrumb":{"@id":"https:\/\/www.globaltools.pt\/produto\/disco-diamantado-universal\/#breadcrumb"},"inLanguage":"en-US","potentialAction":[{"@type":"ReadAction","target":["https:\/\/www.globaltools.pt\/produto\/disco-diamantado-universal\/"]}]},{"@type":"ImageObject","inLanguage":"en-US","@id":"https:\/\/www.globaltools.pt\/produto\/disco-diamantado-universal\/#primaryimage","url":"https:\/\/www.globaltools.pt\/wp-content\/uploads\/2025\/05\/DISCO-SST-1.jpg","contentUrl":"https:\/\/www.globaltools.pt\/wp-content\/uploads\/2025\/05\/DISCO-SST-1.jpg","width":952,"height":952},{"@type":"BreadcrumbList","@id":"https:\/\/www.globaltools.pt\/produto\/disco-diamantado-universal\/#breadcrumb","itemListElement":[{"@type":"ListItem","position":1,"name":"In\u00edcio","item":"https:\/\/www.globaltools.pt\/"},{"@type":"ListItem","position":2,"name":"Shop","item":"https:\/\/www.globaltools.pt\/en\/shop\/"},{"@type":"ListItem","position":3,"name":"Disco diamantado Universal SSTline"}]},{"@type":"WebSite","@id":"https:\/\/www.globaltools.pt\/#website","url":"https:\/\/www.globaltools.pt\/","name":"Globaltools","description":"","publisher":{"@id":"https:\/\/www.globaltools.pt\/#organization"},"potentialAction":[{"@type":"SearchAction","target":{"@type":"EntryPoint","urlTemplate":"https:\/\/www.globaltools.pt\/?s={search_term_string}"},"query-input":{"@type":"PropertyValueSpecification","valueRequired":true,"valueName":"search_term_string"}}],"inLanguage":"en-US"},{"@type":"Organization","@id":"https:\/\/www.globaltools.pt\/#organization","name":"Globaltools","url":"https:\/\/www.globaltools.pt\/","logo":{"@type":"ImageObject","inLanguage":"en-US","@id":"https:\/\/www.globaltools.pt\/#\/schema\/logo\/image\/","url":"https:\/\/www.globaltools.pt\/wp-content\/uploads\/2025\/05\/DELTATOOLS-LOGO.jpg","contentUrl":"https:\/\/www.globaltools.pt\/wp-content\/uploads\/2025\/05\/DELTATOOLS-LOGO.jpg","width":542,"height":120,"caption":"Globaltools"},"image":{"@id":"https:\/\/www.globaltools.pt\/#\/schema\/logo\/image\/"}}]}},"_links":{"self":[{"href":"https:\/\/www.globaltools.pt\/en\/wp-json\/wp\/v2\/product\/15760","targetHints":{"allow":["GET"]}}],"collection":[{"href":"https:\/\/www.globaltools.pt\/en\/wp-json\/wp\/v2\/product"}],"about":[{"href":"https:\/\/www.globaltools.pt\/en\/wp-json\/wp\/v2\/types\/product"}],"version-history":[{"count":28,"href":"https:\/\/www.globaltools.pt\/en\/wp-json\/wp\/v2\/product\/15760\/revisions"}],"predecessor-version":[{"id":19561,"href":"https:\/\/www.globaltools.pt\/en\/wp-json\/wp\/v2\/product\/15760\/revisions\/19561"}],"wp:featuredmedia":[{"embeddable":true,"href":"https:\/\/www.globaltools.pt\/en\/wp-json\/wp\/v2\/media\/18157"}],"wp:attachment":[{"href":"https:\/\/www.globaltools.pt\/en\/wp-json\/wp\/v2\/media?parent=15760"}],"wp:term":[{"taxonomy":"product_brand","embeddable":true,"href":"https:\/\/www.globaltools.pt\/en\/wp-json\/wp\/v2\/product_brand?post=15760"},{"taxonomy":"product_cat","embeddable":true,"href":"https:\/\/www.globaltools.pt\/en\/wp-json\/wp\/v2\/product_cat?post=15760"},{"taxonomy":"product_tag","embeddable":true,"href":"https:\/\/www.globaltools.pt\/en\/wp-json\/wp\/v2\/product_tag?post=15760"}],"curies":[{"name":"wp","href":"https:\/\/api.w.org\/{rel}","templated":true}]}}