{"id":16598,"date":"2025-05-07T10:33:28","date_gmt":"2025-05-07T10:33:28","guid":{"rendered":"https:\/\/www.globaltools.pt\/?post_type=product&#038;p=16598"},"modified":"2025-09-04T15:36:44","modified_gmt":"2025-09-04T15:36:44","slug":"disco-de-lixa-velcro-yellowline","status":"publish","type":"product","link":"https:\/\/www.globaltools.pt\/en\/produto\/disco-de-lixa-velcro-yellowline\/","title":{"rendered":"Disco de Lixa Velcro Yellowline"},"content":{"rendered":"\t\t<div data-elementor-type=\"product-post\" data-elementor-id=\"16598\" class=\"elementor elementor-16598\" data-elementor-post-type=\"product\">\n\t\t\t\t<div class=\"wd-negative-gap elementor-element elementor-element-12b628e e-grid e-con-boxed e-con e-parent\" data-id=\"12b628e\" data-element_type=\"container\">\n\t\t\t\t\t<div class=\"e-con-inner\">\n\t\t\t\t<div class=\"elementor-element elementor-element-60aca1c elementor-widget elementor-widget-wd_text_block\" data-id=\"60aca1c\" data-element_type=\"widget\" data-widget_type=\"wd_text_block.default\">\n\t\t\t\t<div class=\"elementor-widget-container\">\n\t\t\t\t\t\t\t<div class=\"wd-text-block reset-last-child text-left\">\n\t\t\t\n\t\t\t<p>Discos de lixa velcro YELLOWline da DELTATOOLS<\/p><ul><li>Gr\u00e3os de \u00d3xido Alum\u00ednio arredondados com a\u00e7\u00e3o de macro-desgaste.<\/li><li>Estrutura semi-aberta de gr\u00e3o dispostos de forma irregular de modo a garantir a refrigera\u00e7\u00e3o correta.<\/li><li>Resina dupla refor\u00e7ada que garante menos perda de gr\u00e3os.<\/li><li>Padr\u00e3o 18+1 furos - m\u00e1xima aspira\u00e7\u00e3o em lixadoras tipo girafa. Excelente performance em grandes&nbsp;superf\u00edcies.<\/li><li>Com suporte em papel D resistente e flex\u00edvel.<\/li><li>Velcro ultra resistente para r\u00e1pida fixa\u00e7\u00e3o do disco.<\/li><\/ul>\n\t\t\t\t\t<\/div>\n\t\t\t\t\t\t<\/div>\n\t\t\t\t<\/div>\n\t\t\t\t<div class=\"elementor-element elementor-element-27dafe0 elementor-widget__width-initial elementor-widget elementor-widget-wd_image_or_svg\" data-id=\"27dafe0\" data-element_type=\"widget\" data-widget_type=\"wd_image_or_svg.default\">\n\t\t\t\t<div class=\"elementor-widget-container\">\n\t\t\t\t\t\n\t\t<div class=\"wd-image text-left\">\n\t\t\t\t\t\t\t\t<img fetchpriority=\"high\" decoding=\"async\" width=\"1200\" height=\"1200\" src=\"https:\/\/www.globaltools.pt\/wp-content\/uploads\/2025\/05\/5-DISCO-LIXA-YELLOW-1.jpg\" class=\"attachment-full size-full\" alt=\"\" srcset=\"https:\/\/www.globaltools.pt\/wp-content\/uploads\/2025\/05\/5-DISCO-LIXA-YELLOW-1.jpg 1200w, https:\/\/www.globaltools.pt\/wp-content\/uploads\/2025\/05\/5-DISCO-LIXA-YELLOW-1-300x300.jpg 300w, https:\/\/www.globaltools.pt\/wp-content\/uploads\/2025\/05\/5-DISCO-LIXA-YELLOW-1-800x800.jpg 800w, https:\/\/www.globaltools.pt\/wp-content\/uploads\/2025\/05\/5-DISCO-LIXA-YELLOW-1-150x150.jpg 150w, https:\/\/www.globaltools.pt\/wp-content\/uploads\/2025\/05\/5-DISCO-LIXA-YELLOW-1-768x768.jpg 768w, https:\/\/www.globaltools.pt\/wp-content\/uploads\/2025\/05\/5-DISCO-LIXA-YELLOW-1-430x430.jpg 430w, https:\/\/www.globaltools.pt\/wp-content\/uploads\/2025\/05\/5-DISCO-LIXA-YELLOW-1-700x700.jpg 700w\" sizes=\"(max-width: 1200px) 100vw, 1200px\" \/>\t\t\t\t\t<\/div>\n\n\t\t\t\t\t\t<\/div>\n\t\t\t\t<\/div>\n\t\t\t\t\t<\/div>\n\t\t\t\t<\/div>\n\t\t\t\t<\/div>\n\t\t","protected":false},"excerpt":{"rendered":"<table border=\"0\" cellspacing=\"0\">\n<colgroup width=\"1126\"><\/colgroup>\n<tbody>\n<tr>\n<td align=\"left\" valign=\"bottom\" height=\"18\"><span style=\"color: #000000;\"><img decoding=\"async\" class=\"alignnone wp-image-17863\" src=\"https:\/\/www.globaltools.pt\/wp-content\/uploads\/2025\/05\/DELTATOOLS-LOGO-400x89.jpg\" alt=\"\" width=\"153\" height=\"34\" srcset=\"https:\/\/www.globaltools.pt\/wp-content\/uploads\/2025\/05\/DELTATOOLS-LOGO-400x89.jpg 400w, https:\/\/www.globaltools.pt\/wp-content\/uploads\/2025\/05\/DELTATOOLS-LOGO-430x95.jpg 430w, https:\/\/www.globaltools.pt\/wp-content\/uploads\/2025\/05\/DELTATOOLS-LOGO-150x33.jpg 150w, https:\/\/www.globaltools.pt\/wp-content\/uploads\/2025\/05\/DELTATOOLS-LOGO.jpg 542w\" sizes=\"(max-width: 153px) 100vw, 153px\" \/><\/span><\/p>\n<p><span style=\"color: #000000;\">Discos de lixa velcro Yellowline para tetos, paredes, superf\u00edcies e pladur. Com suporte em papel D<\/span><\/td>\n<\/tr>\n<\/tbody>\n<\/table>\n<p><img decoding=\"async\" class=\"alignnone wp-image-18790 size-full\" src=\"https:\/\/www.globaltools.pt\/wp-content\/uploads\/2025\/05\/DISCO-LIXA-YELLOW-TABELA-1.png\" alt=\"\" width=\"501\" height=\"286\" srcset=\"https:\/\/www.globaltools.pt\/wp-content\/uploads\/2025\/05\/DISCO-LIXA-YELLOW-TABELA-1.png 501w, https:\/\/www.globaltools.pt\/wp-content\/uploads\/2025\/05\/DISCO-LIXA-YELLOW-TABELA-1-400x228.png 400w, https:\/\/www.globaltools.pt\/wp-content\/uploads\/2025\/05\/DISCO-LIXA-YELLOW-TABELA-1-430x245.png 430w, https:\/\/www.globaltools.pt\/wp-content\/uploads\/2025\/05\/DISCO-LIXA-YELLOW-TABELA-1-150x86.png 150w\" sizes=\"(max-width: 501px) 100vw, 501px\" \/><\/p>\n<p>&nbsp;<\/p>\n","protected":false},"featured_media":18181,"template":"","meta":[],"product_brand":[],"product_cat":[27],"product_tag":[],"class_list":{"0":"post-16598","1":"product","2":"type-product","3":"status-publish","4":"has-post-thumbnail","6":"product_cat-abrasivos-rigidos-e-flexiveis","8":"first","9":"instock","10":"shipping-taxable","11":"product-type-simple"},"yoast_head":"<!-- This site is optimized with the Yoast SEO plugin v26.7 - https:\/\/yoast.com\/wordpress\/plugins\/seo\/ -->\n<title>Disco de Lixa Velcro Yellowline - GlobalTools<\/title>\n<meta name=\"description\" content=\"Discos de lixa velcro Yellowline para tetos, paredes, superf\u00edcies e pladur. Com suporte em papel D\" \/>\n<meta name=\"robots\" content=\"index, follow, max-snippet:-1, max-image-preview:large, max-video-preview:-1\" \/>\n<link rel=\"canonical\" href=\"https:\/\/www.globaltools.pt\/produto\/disco-de-lixa-velcro-yellowline\/\" \/>\n<meta property=\"og:locale\" content=\"en_US\" \/>\n<meta property=\"og:type\" content=\"article\" \/>\n<meta property=\"og:title\" content=\"Disco de Lixa Velcro Yellowline - GlobalTools\" \/>\n<meta property=\"og:description\" content=\"Discos de lixa velcro Yellowline para tetos, paredes, superf\u00edcies e pladur. Com suporte em papel D\" \/>\n<meta property=\"og:url\" content=\"https:\/\/www.globaltools.pt\/produto\/disco-de-lixa-velcro-yellowline\/\" \/>\n<meta property=\"og:site_name\" content=\"GlobalTools\" \/>\n<meta property=\"article:modified_time\" content=\"2025-09-04T15:36:44+00:00\" \/>\n<meta property=\"og:image\" content=\"https:\/\/www.globaltools.pt\/wp-content\/uploads\/2025\/05\/DISCO-LIXA-YELLOW-1.jpg\" \/>\n\t<meta property=\"og:image:width\" content=\"952\" \/>\n\t<meta property=\"og:image:height\" content=\"952\" \/>\n\t<meta property=\"og:image:type\" content=\"image\/jpeg\" \/>\n<meta name=\"twitter:card\" content=\"summary_large_image\" \/>\n<meta name=\"twitter:label1\" content=\"Est. reading time\" \/>\n\t<meta name=\"twitter:data1\" content=\"1 minute\" \/>\n<script type=\"application\/ld+json\" class=\"yoast-schema-graph\">{\"@context\":\"https:\/\/schema.org\",\"@graph\":[{\"@type\":\"WebPage\",\"@id\":\"https:\/\/www.globaltools.pt\/produto\/disco-de-lixa-velcro-yellowline\/\",\"url\":\"https:\/\/www.globaltools.pt\/produto\/disco-de-lixa-velcro-yellowline\/\",\"name\":\"Disco de Lixa Velcro Yellowline - GlobalTools\",\"isPartOf\":{\"@id\":\"https:\/\/www.globaltools.pt\/#website\"},\"primaryImageOfPage\":{\"@id\":\"https:\/\/www.globaltools.pt\/produto\/disco-de-lixa-velcro-yellowline\/#primaryimage\"},\"image\":{\"@id\":\"https:\/\/www.globaltools.pt\/produto\/disco-de-lixa-velcro-yellowline\/#primaryimage\"},\"thumbnailUrl\":\"https:\/\/www.globaltools.pt\/wp-content\/uploads\/2025\/05\/DISCO-LIXA-YELLOW-1.jpg\",\"datePublished\":\"2025-05-07T10:33:28+00:00\",\"dateModified\":\"2025-09-04T15:36:44+00:00\",\"description\":\"Discos de lixa velcro Yellowline para tetos, paredes, superf\u00edcies e pladur. Com suporte em papel D\",\"breadcrumb\":{\"@id\":\"https:\/\/www.globaltools.pt\/produto\/disco-de-lixa-velcro-yellowline\/#breadcrumb\"},\"inLanguage\":\"en-US\",\"potentialAction\":[{\"@type\":\"ReadAction\",\"target\":[\"https:\/\/www.globaltools.pt\/produto\/disco-de-lixa-velcro-yellowline\/\"]}]},{\"@type\":\"ImageObject\",\"inLanguage\":\"en-US\",\"@id\":\"https:\/\/www.globaltools.pt\/produto\/disco-de-lixa-velcro-yellowline\/#primaryimage\",\"url\":\"https:\/\/www.globaltools.pt\/wp-content\/uploads\/2025\/05\/DISCO-LIXA-YELLOW-1.jpg\",\"contentUrl\":\"https:\/\/www.globaltools.pt\/wp-content\/uploads\/2025\/05\/DISCO-LIXA-YELLOW-1.jpg\",\"width\":952,\"height\":952},{\"@type\":\"BreadcrumbList\",\"@id\":\"https:\/\/www.globaltools.pt\/produto\/disco-de-lixa-velcro-yellowline\/#breadcrumb\",\"itemListElement\":[{\"@type\":\"ListItem\",\"position\":1,\"name\":\"In\u00edcio\",\"item\":\"https:\/\/www.globaltools.pt\/\"},{\"@type\":\"ListItem\",\"position\":2,\"name\":\"Shop\",\"item\":\"https:\/\/www.globaltools.pt\/en\/shop\/\"},{\"@type\":\"ListItem\",\"position\":3,\"name\":\"Disco de Lixa Velcro Yellowline\"}]},{\"@type\":\"WebSite\",\"@id\":\"https:\/\/www.globaltools.pt\/#website\",\"url\":\"https:\/\/www.globaltools.pt\/\",\"name\":\"Globaltools\",\"description\":\"\",\"publisher\":{\"@id\":\"https:\/\/www.globaltools.pt\/#organization\"},\"potentialAction\":[{\"@type\":\"SearchAction\",\"target\":{\"@type\":\"EntryPoint\",\"urlTemplate\":\"https:\/\/www.globaltools.pt\/?s={search_term_string}\"},\"query-input\":{\"@type\":\"PropertyValueSpecification\",\"valueRequired\":true,\"valueName\":\"search_term_string\"}}],\"inLanguage\":\"en-US\"},{\"@type\":\"Organization\",\"@id\":\"https:\/\/www.globaltools.pt\/#organization\",\"name\":\"Globaltools\",\"url\":\"https:\/\/www.globaltools.pt\/\",\"logo\":{\"@type\":\"ImageObject\",\"inLanguage\":\"en-US\",\"@id\":\"https:\/\/www.globaltools.pt\/#\/schema\/logo\/image\/\",\"url\":\"https:\/\/www.globaltools.pt\/wp-content\/uploads\/2025\/05\/DELTATOOLS-LOGO.jpg\",\"contentUrl\":\"https:\/\/www.globaltools.pt\/wp-content\/uploads\/2025\/05\/DELTATOOLS-LOGO.jpg\",\"width\":542,\"height\":120,\"caption\":\"Globaltools\"},\"image\":{\"@id\":\"https:\/\/www.globaltools.pt\/#\/schema\/logo\/image\/\"}}]}<\/script>\n<!-- \/ Yoast SEO plugin. -->","yoast_head_json":{"title":"Disco de Lixa Velcro Yellowline - GlobalTools","description":"Discos de lixa velcro Yellowline para tetos, paredes, superf\u00edcies e pladur. Com suporte em papel D","robots":{"index":"index","follow":"follow","max-snippet":"max-snippet:-1","max-image-preview":"max-image-preview:large","max-video-preview":"max-video-preview:-1"},"canonical":"https:\/\/www.globaltools.pt\/produto\/disco-de-lixa-velcro-yellowline\/","og_locale":"en_US","og_type":"article","og_title":"Disco de Lixa Velcro Yellowline - GlobalTools","og_description":"Discos de lixa velcro Yellowline para tetos, paredes, superf\u00edcies e pladur. Com suporte em papel D","og_url":"https:\/\/www.globaltools.pt\/produto\/disco-de-lixa-velcro-yellowline\/","og_site_name":"GlobalTools","article_modified_time":"2025-09-04T15:36:44+00:00","og_image":[{"width":952,"height":952,"url":"https:\/\/www.globaltools.pt\/wp-content\/uploads\/2025\/05\/DISCO-LIXA-YELLOW-1.jpg","type":"image\/jpeg"}],"twitter_card":"summary_large_image","twitter_misc":{"Est. reading time":"1 minute"},"schema":{"@context":"https:\/\/schema.org","@graph":[{"@type":"WebPage","@id":"https:\/\/www.globaltools.pt\/produto\/disco-de-lixa-velcro-yellowline\/","url":"https:\/\/www.globaltools.pt\/produto\/disco-de-lixa-velcro-yellowline\/","name":"Disco de Lixa Velcro Yellowline - GlobalTools","isPartOf":{"@id":"https:\/\/www.globaltools.pt\/#website"},"primaryImageOfPage":{"@id":"https:\/\/www.globaltools.pt\/produto\/disco-de-lixa-velcro-yellowline\/#primaryimage"},"image":{"@id":"https:\/\/www.globaltools.pt\/produto\/disco-de-lixa-velcro-yellowline\/#primaryimage"},"thumbnailUrl":"https:\/\/www.globaltools.pt\/wp-content\/uploads\/2025\/05\/DISCO-LIXA-YELLOW-1.jpg","datePublished":"2025-05-07T10:33:28+00:00","dateModified":"2025-09-04T15:36:44+00:00","description":"Discos de lixa velcro Yellowline para tetos, paredes, superf\u00edcies e pladur. Com suporte em papel D","breadcrumb":{"@id":"https:\/\/www.globaltools.pt\/produto\/disco-de-lixa-velcro-yellowline\/#breadcrumb"},"inLanguage":"en-US","potentialAction":[{"@type":"ReadAction","target":["https:\/\/www.globaltools.pt\/produto\/disco-de-lixa-velcro-yellowline\/"]}]},{"@type":"ImageObject","inLanguage":"en-US","@id":"https:\/\/www.globaltools.pt\/produto\/disco-de-lixa-velcro-yellowline\/#primaryimage","url":"https:\/\/www.globaltools.pt\/wp-content\/uploads\/2025\/05\/DISCO-LIXA-YELLOW-1.jpg","contentUrl":"https:\/\/www.globaltools.pt\/wp-content\/uploads\/2025\/05\/DISCO-LIXA-YELLOW-1.jpg","width":952,"height":952},{"@type":"BreadcrumbList","@id":"https:\/\/www.globaltools.pt\/produto\/disco-de-lixa-velcro-yellowline\/#breadcrumb","itemListElement":[{"@type":"ListItem","position":1,"name":"In\u00edcio","item":"https:\/\/www.globaltools.pt\/"},{"@type":"ListItem","position":2,"name":"Shop","item":"https:\/\/www.globaltools.pt\/en\/shop\/"},{"@type":"ListItem","position":3,"name":"Disco de Lixa Velcro Yellowline"}]},{"@type":"WebSite","@id":"https:\/\/www.globaltools.pt\/#website","url":"https:\/\/www.globaltools.pt\/","name":"Globaltools","description":"","publisher":{"@id":"https:\/\/www.globaltools.pt\/#organization"},"potentialAction":[{"@type":"SearchAction","target":{"@type":"EntryPoint","urlTemplate":"https:\/\/www.globaltools.pt\/?s={search_term_string}"},"query-input":{"@type":"PropertyValueSpecification","valueRequired":true,"valueName":"search_term_string"}}],"inLanguage":"en-US"},{"@type":"Organization","@id":"https:\/\/www.globaltools.pt\/#organization","name":"Globaltools","url":"https:\/\/www.globaltools.pt\/","logo":{"@type":"ImageObject","inLanguage":"en-US","@id":"https:\/\/www.globaltools.pt\/#\/schema\/logo\/image\/","url":"https:\/\/www.globaltools.pt\/wp-content\/uploads\/2025\/05\/DELTATOOLS-LOGO.jpg","contentUrl":"https:\/\/www.globaltools.pt\/wp-content\/uploads\/2025\/05\/DELTATOOLS-LOGO.jpg","width":542,"height":120,"caption":"Globaltools"},"image":{"@id":"https:\/\/www.globaltools.pt\/#\/schema\/logo\/image\/"}}]}},"_links":{"self":[{"href":"https:\/\/www.globaltools.pt\/en\/wp-json\/wp\/v2\/product\/16598","targetHints":{"allow":["GET"]}}],"collection":[{"href":"https:\/\/www.globaltools.pt\/en\/wp-json\/wp\/v2\/product"}],"about":[{"href":"https:\/\/www.globaltools.pt\/en\/wp-json\/wp\/v2\/types\/product"}],"version-history":[{"count":22,"href":"https:\/\/www.globaltools.pt\/en\/wp-json\/wp\/v2\/product\/16598\/revisions"}],"predecessor-version":[{"id":19528,"href":"https:\/\/www.globaltools.pt\/en\/wp-json\/wp\/v2\/product\/16598\/revisions\/19528"}],"wp:featuredmedia":[{"embeddable":true,"href":"https:\/\/www.globaltools.pt\/en\/wp-json\/wp\/v2\/media\/18181"}],"wp:attachment":[{"href":"https:\/\/www.globaltools.pt\/en\/wp-json\/wp\/v2\/media?parent=16598"}],"wp:term":[{"taxonomy":"product_brand","embeddable":true,"href":"https:\/\/www.globaltools.pt\/en\/wp-json\/wp\/v2\/product_brand?post=16598"},{"taxonomy":"product_cat","embeddable":true,"href":"https:\/\/www.globaltools.pt\/en\/wp-json\/wp\/v2\/product_cat?post=16598"},{"taxonomy":"product_tag","embeddable":true,"href":"https:\/\/www.globaltools.pt\/en\/wp-json\/wp\/v2\/product_tag?post=16598"}],"curies":[{"name":"wp","href":"https:\/\/api.w.org\/{rel}","templated":true}]}}