{"id":16741,"date":"2025-05-07T15:47:01","date_gmt":"2025-05-07T15:47:01","guid":{"rendered":"https:\/\/www.globaltools.pt\/?post_type=product&#038;p=16741"},"modified":"2025-09-05T09:01:56","modified_gmt":"2025-09-05T09:01:56","slug":"disco-diamantado-corte-humido-materiais-muito-duros","status":"publish","type":"product","link":"https:\/\/www.globaltools.pt\/en\/produto\/disco-diamantado-corte-humido-materiais-muito-duros\/","title":{"rendered":"Disco Diamantado Corte H\u00famido Materiais Muito Duros HCRline"},"content":{"rendered":"\t\t<div data-elementor-type=\"product-post\" data-elementor-id=\"16741\" class=\"elementor elementor-16741\" data-elementor-post-type=\"product\">\n\t\t\t\t<div class=\"wd-negative-gap elementor-element elementor-element-9196392 e-grid e-con-boxed e-con e-parent\" data-id=\"9196392\" data-element_type=\"container\">\n\t\t\t\t\t<div class=\"e-con-inner\">\n\t\t\t\t<div class=\"elementor-element elementor-element-69ff81c elementor-widget elementor-widget-wd_text_block\" data-id=\"69ff81c\" data-element_type=\"widget\" data-widget_type=\"wd_text_block.default\">\n\t\t\t\t<div class=\"elementor-widget-container\">\n\t\t\t\t\t\t\t<div class=\"wd-text-block reset-last-child text-left\">\n\t\t\t\n\t\t\t<p>\u00a0<\/p><p>Discos diamantados granito muito duro MHCline da DELTATOOLS<\/p><ul><li>Segmento cont\u00ednuo de 10 mm, oferece elevado n\u00famero de cortes, as faixas de velocidade minimizam a fric\u00e7\u00e3o para cortes sem interrup\u00e7\u00f5es.<\/li><li>Segmento em diamante, com 22% de concentra\u00e7\u00e3o e sinteriza\u00e7\u00e3o em liga de cobre, ferro e n\u00edquel, garantindo resist\u00eancia.<\/li><li>Bolacha de refor\u00e7o de 3.06 mm de espessura oferecem estabilidade ao disco e evitam as vibra\u00e7\u00f5es indesejadas.<\/li><li>Corpo de metal 65Mn que cont\u00e9m grande quantidade de Carbono e Mangan\u00eas e oferece mais dureza e resist\u00eancia ao disco.<\/li><li>Corpo perfurado para arrefecimento do disco e redu\u00e7\u00e3o das vibra\u00e7\u00f5es e ru\u00eddos.<\/li><\/ul>\n\t\t\t\t\t<\/div>\n\t\t\t\t\t\t<\/div>\n\t\t\t\t<\/div>\n\t\t\t\t<div class=\"elementor-element elementor-element-146f0f3 elementor-widget elementor-widget-wd_image_or_svg\" data-id=\"146f0f3\" data-element_type=\"widget\" data-widget_type=\"wd_image_or_svg.default\">\n\t\t\t\t<div class=\"elementor-widget-container\">\n\t\t\t\t\t\n\t\t<div class=\"wd-image text-left\">\n\t\t\t\t\t\t\t\t<img fetchpriority=\"high\" decoding=\"async\" width=\"1200\" height=\"1200\" src=\"https:\/\/www.globaltools.pt\/wp-content\/uploads\/2025\/05\/DISCO-DIAM-HCR-2.jpg\" class=\"attachment-full size-full\" alt=\"\" srcset=\"https:\/\/www.globaltools.pt\/wp-content\/uploads\/2025\/05\/DISCO-DIAM-HCR-2.jpg 1200w, https:\/\/www.globaltools.pt\/wp-content\/uploads\/2025\/05\/DISCO-DIAM-HCR-2-300x300.jpg 300w, https:\/\/www.globaltools.pt\/wp-content\/uploads\/2025\/05\/DISCO-DIAM-HCR-2-800x800.jpg 800w, https:\/\/www.globaltools.pt\/wp-content\/uploads\/2025\/05\/DISCO-DIAM-HCR-2-150x150.jpg 150w, https:\/\/www.globaltools.pt\/wp-content\/uploads\/2025\/05\/DISCO-DIAM-HCR-2-768x768.jpg 768w, https:\/\/www.globaltools.pt\/wp-content\/uploads\/2025\/05\/DISCO-DIAM-HCR-2-430x430.jpg 430w, https:\/\/www.globaltools.pt\/wp-content\/uploads\/2025\/05\/DISCO-DIAM-HCR-2-700x700.jpg 700w\" sizes=\"(max-width: 1200px) 100vw, 1200px\" \/>\t\t\t\t\t<\/div>\n\n\t\t\t\t\t\t<\/div>\n\t\t\t\t<\/div>\n\t\t\t\t\t<\/div>\n\t\t\t\t<\/div>\n\t\t\t\t<\/div>\n\t\t","protected":false},"excerpt":{"rendered":"<p><img decoding=\"async\" class=\"alignnone wp-image-17863\" src=\"https:\/\/www.globaltools.pt\/wp-content\/uploads\/2025\/05\/DELTATOOLS-LOGO-400x89.jpg\" alt=\"\" width=\"153\" height=\"34\" srcset=\"https:\/\/www.globaltools.pt\/wp-content\/uploads\/2025\/05\/DELTATOOLS-LOGO-400x89.jpg 400w, https:\/\/www.globaltools.pt\/wp-content\/uploads\/2025\/05\/DELTATOOLS-LOGO-430x95.jpg 430w, https:\/\/www.globaltools.pt\/wp-content\/uploads\/2025\/05\/DELTATOOLS-LOGO-150x33.jpg 150w, https:\/\/www.globaltools.pt\/wp-content\/uploads\/2025\/05\/DELTATOOLS-LOGO.jpg 542w\" sizes=\"(max-width: 153px) 100vw, 153px\" \/><\/p>\n<p>Discos Diamantados Corte H\u00famido Materiais Muito Duros para <strong>gr\u00eas porcel\u00e2nico, granito e m\u00e1rmore.<\/strong> Recomendado para <strong>cortes retos e chanfrados<\/strong> de materiais com espessuras inferiores a 25mm. Segmento de 10mm oferece maior numero de cortes (+20%).<\/p>\n<p><img decoding=\"async\" class=\"alignnone wp-image-19576 size-full\" src=\"https:\/\/www.globaltools.pt\/wp-content\/uploads\/2025\/05\/TAB-DISCO-HCR.png\" alt=\"\" width=\"500\" height=\"152\" srcset=\"https:\/\/www.globaltools.pt\/wp-content\/uploads\/2025\/05\/TAB-DISCO-HCR.png 500w, https:\/\/www.globaltools.pt\/wp-content\/uploads\/2025\/05\/TAB-DISCO-HCR-400x122.png 400w, https:\/\/www.globaltools.pt\/wp-content\/uploads\/2025\/05\/TAB-DISCO-HCR-430x131.png 430w, https:\/\/www.globaltools.pt\/wp-content\/uploads\/2025\/05\/TAB-DISCO-HCR-150x46.png 150w\" sizes=\"(max-width: 500px) 100vw, 500px\" \/><\/p>\n<p>&nbsp;<\/p>\n","protected":false},"featured_media":18145,"template":"","meta":[],"product_brand":[],"product_cat":[28],"product_tag":[],"class_list":{"0":"post-16741","1":"product","2":"type-product","3":"status-publish","4":"has-post-thumbnail","6":"product_cat-discos-e-mos-diamante","8":"first","9":"instock","10":"shipping-taxable","11":"product-type-simple"},"yoast_head":"<!-- This site is optimized with the Yoast SEO plugin v26.7 - https:\/\/yoast.com\/wordpress\/plugins\/seo\/ -->\n<title>Disco Diamantado Corte H\u00famido<\/title>\n<meta name=\"description\" content=\"Disco Diamantado Corte H\u00famido Materiais Muito Duros para gr\u00eas porcel\u00e2nico, granito e m\u00e1rmore. Segmento de 10mm oferece maior numero de cortes(+20%).\" \/>\n<meta name=\"robots\" content=\"index, follow, max-snippet:-1, max-image-preview:large, max-video-preview:-1\" \/>\n<link rel=\"canonical\" href=\"https:\/\/www.globaltools.pt\/produto\/disco-diamantado-corte-humido-materiais-muito-duros\/\" \/>\n<meta property=\"og:locale\" content=\"en_US\" \/>\n<meta property=\"og:type\" content=\"article\" \/>\n<meta property=\"og:title\" content=\"Disco Diamantado Corte H\u00famido\" \/>\n<meta property=\"og:description\" content=\"Disco Diamantado Corte H\u00famido Materiais Muito Duros para gr\u00eas porcel\u00e2nico, granito e m\u00e1rmore. Segmento de 10mm oferece maior numero de cortes(+20%).\" \/>\n<meta property=\"og:url\" content=\"https:\/\/www.globaltools.pt\/produto\/disco-diamantado-corte-humido-materiais-muito-duros\/\" \/>\n<meta property=\"og:site_name\" content=\"GlobalTools\" \/>\n<meta property=\"article:modified_time\" content=\"2025-09-05T09:01:56+00:00\" \/>\n<meta property=\"og:image\" content=\"https:\/\/www.globaltools.pt\/wp-content\/uploads\/2025\/05\/DISCO-HCR-1.jpg\" \/>\n\t<meta property=\"og:image:width\" content=\"952\" \/>\n\t<meta property=\"og:image:height\" content=\"952\" \/>\n\t<meta property=\"og:image:type\" content=\"image\/jpeg\" \/>\n<meta name=\"twitter:card\" content=\"summary_large_image\" \/>\n<script type=\"application\/ld+json\" class=\"yoast-schema-graph\">{\"@context\":\"https:\/\/schema.org\",\"@graph\":[{\"@type\":\"WebPage\",\"@id\":\"https:\/\/www.globaltools.pt\/produto\/disco-diamantado-corte-humido-materiais-muito-duros\/\",\"url\":\"https:\/\/www.globaltools.pt\/produto\/disco-diamantado-corte-humido-materiais-muito-duros\/\",\"name\":\"Disco Diamantado Corte H\u00famido\",\"isPartOf\":{\"@id\":\"https:\/\/www.globaltools.pt\/#website\"},\"primaryImageOfPage\":{\"@id\":\"https:\/\/www.globaltools.pt\/produto\/disco-diamantado-corte-humido-materiais-muito-duros\/#primaryimage\"},\"image\":{\"@id\":\"https:\/\/www.globaltools.pt\/produto\/disco-diamantado-corte-humido-materiais-muito-duros\/#primaryimage\"},\"thumbnailUrl\":\"https:\/\/www.globaltools.pt\/wp-content\/uploads\/2025\/05\/DISCO-HCR-1.jpg\",\"datePublished\":\"2025-05-07T15:47:01+00:00\",\"dateModified\":\"2025-09-05T09:01:56+00:00\",\"description\":\"Disco Diamantado Corte H\u00famido Materiais Muito Duros para gr\u00eas porcel\u00e2nico, granito e m\u00e1rmore. Segmento de 10mm oferece maior numero de cortes(+20%).\",\"breadcrumb\":{\"@id\":\"https:\/\/www.globaltools.pt\/produto\/disco-diamantado-corte-humido-materiais-muito-duros\/#breadcrumb\"},\"inLanguage\":\"en-US\",\"potentialAction\":[{\"@type\":\"ReadAction\",\"target\":[\"https:\/\/www.globaltools.pt\/produto\/disco-diamantado-corte-humido-materiais-muito-duros\/\"]}]},{\"@type\":\"ImageObject\",\"inLanguage\":\"en-US\",\"@id\":\"https:\/\/www.globaltools.pt\/produto\/disco-diamantado-corte-humido-materiais-muito-duros\/#primaryimage\",\"url\":\"https:\/\/www.globaltools.pt\/wp-content\/uploads\/2025\/05\/DISCO-HCR-1.jpg\",\"contentUrl\":\"https:\/\/www.globaltools.pt\/wp-content\/uploads\/2025\/05\/DISCO-HCR-1.jpg\",\"width\":952,\"height\":952},{\"@type\":\"BreadcrumbList\",\"@id\":\"https:\/\/www.globaltools.pt\/produto\/disco-diamantado-corte-humido-materiais-muito-duros\/#breadcrumb\",\"itemListElement\":[{\"@type\":\"ListItem\",\"position\":1,\"name\":\"In\u00edcio\",\"item\":\"https:\/\/www.globaltools.pt\/\"},{\"@type\":\"ListItem\",\"position\":2,\"name\":\"Shop\",\"item\":\"https:\/\/www.globaltools.pt\/en\/shop\/\"},{\"@type\":\"ListItem\",\"position\":3,\"name\":\"Disco Diamantado Corte H\u00famido Materiais Muito Duros HCRline\"}]},{\"@type\":\"WebSite\",\"@id\":\"https:\/\/www.globaltools.pt\/#website\",\"url\":\"https:\/\/www.globaltools.pt\/\",\"name\":\"Globaltools\",\"description\":\"\",\"publisher\":{\"@id\":\"https:\/\/www.globaltools.pt\/#organization\"},\"potentialAction\":[{\"@type\":\"SearchAction\",\"target\":{\"@type\":\"EntryPoint\",\"urlTemplate\":\"https:\/\/www.globaltools.pt\/?s={search_term_string}\"},\"query-input\":{\"@type\":\"PropertyValueSpecification\",\"valueRequired\":true,\"valueName\":\"search_term_string\"}}],\"inLanguage\":\"en-US\"},{\"@type\":\"Organization\",\"@id\":\"https:\/\/www.globaltools.pt\/#organization\",\"name\":\"Globaltools\",\"url\":\"https:\/\/www.globaltools.pt\/\",\"logo\":{\"@type\":\"ImageObject\",\"inLanguage\":\"en-US\",\"@id\":\"https:\/\/www.globaltools.pt\/#\/schema\/logo\/image\/\",\"url\":\"https:\/\/www.globaltools.pt\/wp-content\/uploads\/2025\/05\/DELTATOOLS-LOGO.jpg\",\"contentUrl\":\"https:\/\/www.globaltools.pt\/wp-content\/uploads\/2025\/05\/DELTATOOLS-LOGO.jpg\",\"width\":542,\"height\":120,\"caption\":\"Globaltools\"},\"image\":{\"@id\":\"https:\/\/www.globaltools.pt\/#\/schema\/logo\/image\/\"}}]}<\/script>\n<!-- \/ Yoast SEO plugin. -->","yoast_head_json":{"title":"Disco Diamantado Corte H\u00famido","description":"Disco Diamantado Corte H\u00famido Materiais Muito Duros para gr\u00eas porcel\u00e2nico, granito e m\u00e1rmore. Segmento de 10mm oferece maior numero de cortes(+20%).","robots":{"index":"index","follow":"follow","max-snippet":"max-snippet:-1","max-image-preview":"max-image-preview:large","max-video-preview":"max-video-preview:-1"},"canonical":"https:\/\/www.globaltools.pt\/produto\/disco-diamantado-corte-humido-materiais-muito-duros\/","og_locale":"en_US","og_type":"article","og_title":"Disco Diamantado Corte H\u00famido","og_description":"Disco Diamantado Corte H\u00famido Materiais Muito Duros para gr\u00eas porcel\u00e2nico, granito e m\u00e1rmore. Segmento de 10mm oferece maior numero de cortes(+20%).","og_url":"https:\/\/www.globaltools.pt\/produto\/disco-diamantado-corte-humido-materiais-muito-duros\/","og_site_name":"GlobalTools","article_modified_time":"2025-09-05T09:01:56+00:00","og_image":[{"width":952,"height":952,"url":"https:\/\/www.globaltools.pt\/wp-content\/uploads\/2025\/05\/DISCO-HCR-1.jpg","type":"image\/jpeg"}],"twitter_card":"summary_large_image","schema":{"@context":"https:\/\/schema.org","@graph":[{"@type":"WebPage","@id":"https:\/\/www.globaltools.pt\/produto\/disco-diamantado-corte-humido-materiais-muito-duros\/","url":"https:\/\/www.globaltools.pt\/produto\/disco-diamantado-corte-humido-materiais-muito-duros\/","name":"Disco Diamantado Corte H\u00famido","isPartOf":{"@id":"https:\/\/www.globaltools.pt\/#website"},"primaryImageOfPage":{"@id":"https:\/\/www.globaltools.pt\/produto\/disco-diamantado-corte-humido-materiais-muito-duros\/#primaryimage"},"image":{"@id":"https:\/\/www.globaltools.pt\/produto\/disco-diamantado-corte-humido-materiais-muito-duros\/#primaryimage"},"thumbnailUrl":"https:\/\/www.globaltools.pt\/wp-content\/uploads\/2025\/05\/DISCO-HCR-1.jpg","datePublished":"2025-05-07T15:47:01+00:00","dateModified":"2025-09-05T09:01:56+00:00","description":"Disco Diamantado Corte H\u00famido Materiais Muito Duros para gr\u00eas porcel\u00e2nico, granito e m\u00e1rmore. Segmento de 10mm oferece maior numero de cortes(+20%).","breadcrumb":{"@id":"https:\/\/www.globaltools.pt\/produto\/disco-diamantado-corte-humido-materiais-muito-duros\/#breadcrumb"},"inLanguage":"en-US","potentialAction":[{"@type":"ReadAction","target":["https:\/\/www.globaltools.pt\/produto\/disco-diamantado-corte-humido-materiais-muito-duros\/"]}]},{"@type":"ImageObject","inLanguage":"en-US","@id":"https:\/\/www.globaltools.pt\/produto\/disco-diamantado-corte-humido-materiais-muito-duros\/#primaryimage","url":"https:\/\/www.globaltools.pt\/wp-content\/uploads\/2025\/05\/DISCO-HCR-1.jpg","contentUrl":"https:\/\/www.globaltools.pt\/wp-content\/uploads\/2025\/05\/DISCO-HCR-1.jpg","width":952,"height":952},{"@type":"BreadcrumbList","@id":"https:\/\/www.globaltools.pt\/produto\/disco-diamantado-corte-humido-materiais-muito-duros\/#breadcrumb","itemListElement":[{"@type":"ListItem","position":1,"name":"In\u00edcio","item":"https:\/\/www.globaltools.pt\/"},{"@type":"ListItem","position":2,"name":"Shop","item":"https:\/\/www.globaltools.pt\/en\/shop\/"},{"@type":"ListItem","position":3,"name":"Disco Diamantado Corte H\u00famido Materiais Muito Duros HCRline"}]},{"@type":"WebSite","@id":"https:\/\/www.globaltools.pt\/#website","url":"https:\/\/www.globaltools.pt\/","name":"Globaltools","description":"","publisher":{"@id":"https:\/\/www.globaltools.pt\/#organization"},"potentialAction":[{"@type":"SearchAction","target":{"@type":"EntryPoint","urlTemplate":"https:\/\/www.globaltools.pt\/?s={search_term_string}"},"query-input":{"@type":"PropertyValueSpecification","valueRequired":true,"valueName":"search_term_string"}}],"inLanguage":"en-US"},{"@type":"Organization","@id":"https:\/\/www.globaltools.pt\/#organization","name":"Globaltools","url":"https:\/\/www.globaltools.pt\/","logo":{"@type":"ImageObject","inLanguage":"en-US","@id":"https:\/\/www.globaltools.pt\/#\/schema\/logo\/image\/","url":"https:\/\/www.globaltools.pt\/wp-content\/uploads\/2025\/05\/DELTATOOLS-LOGO.jpg","contentUrl":"https:\/\/www.globaltools.pt\/wp-content\/uploads\/2025\/05\/DELTATOOLS-LOGO.jpg","width":542,"height":120,"caption":"Globaltools"},"image":{"@id":"https:\/\/www.globaltools.pt\/#\/schema\/logo\/image\/"}}]}},"_links":{"self":[{"href":"https:\/\/www.globaltools.pt\/en\/wp-json\/wp\/v2\/product\/16741","targetHints":{"allow":["GET"]}}],"collection":[{"href":"https:\/\/www.globaltools.pt\/en\/wp-json\/wp\/v2\/product"}],"about":[{"href":"https:\/\/www.globaltools.pt\/en\/wp-json\/wp\/v2\/types\/product"}],"version-history":[{"count":15,"href":"https:\/\/www.globaltools.pt\/en\/wp-json\/wp\/v2\/product\/16741\/revisions"}],"predecessor-version":[{"id":19578,"href":"https:\/\/www.globaltools.pt\/en\/wp-json\/wp\/v2\/product\/16741\/revisions\/19578"}],"wp:featuredmedia":[{"embeddable":true,"href":"https:\/\/www.globaltools.pt\/en\/wp-json\/wp\/v2\/media\/18145"}],"wp:attachment":[{"href":"https:\/\/www.globaltools.pt\/en\/wp-json\/wp\/v2\/media?parent=16741"}],"wp:term":[{"taxonomy":"product_brand","embeddable":true,"href":"https:\/\/www.globaltools.pt\/en\/wp-json\/wp\/v2\/product_brand?post=16741"},{"taxonomy":"product_cat","embeddable":true,"href":"https:\/\/www.globaltools.pt\/en\/wp-json\/wp\/v2\/product_cat?post=16741"},{"taxonomy":"product_tag","embeddable":true,"href":"https:\/\/www.globaltools.pt\/en\/wp-json\/wp\/v2\/product_tag?post=16741"}],"curies":[{"name":"wp","href":"https:\/\/api.w.org\/{rel}","templated":true}]}}