{"id":16785,"date":"2025-05-07T16:41:01","date_gmt":"2025-05-07T16:41:01","guid":{"rendered":"https:\/\/www.globaltools.pt\/?post_type=product&#038;p=16785"},"modified":"2025-09-05T10:29:11","modified_gmt":"2025-09-05T10:29:11","slug":"broca-diamante-materias-muito-duros","status":"publish","type":"product","link":"https:\/\/www.globaltools.pt\/en\/produto\/broca-diamante-materias-muito-duros\/","title":{"rendered":"Broca Diamante Materias Muito Duros"},"content":{"rendered":"\t\t<div data-elementor-type=\"product-post\" data-elementor-id=\"16785\" class=\"elementor elementor-16785\" data-elementor-post-type=\"product\">\n\t\t\t\t<div class=\"wd-negative-gap elementor-element elementor-element-9196392 e-grid e-con-boxed e-con e-parent\" data-id=\"9196392\" data-element_type=\"container\">\n\t\t\t\t\t<div class=\"e-con-inner\">\n\t\t\t\t<div class=\"elementor-element elementor-element-69ff81c elementor-widget elementor-widget-wd_text_block\" data-id=\"69ff81c\" data-element_type=\"widget\" data-widget_type=\"wd_text_block.default\">\n\t\t\t\t<div class=\"elementor-widget-container\">\n\t\t\t\t\t\t\t<div class=\"wd-text-block reset-last-child text-left\">\n\t\t\t\n\t\t\t<p>&nbsp;<\/p><table border=\"0\" cellspacing=\"0\"><colgroup width=\"1160\"><\/colgroup><tbody><tr><td align=\"left\" valign=\"bottom\" height=\"18\"><p><span style=\"color: #000000;\">Broca Diamante DELTATOOLS <\/span><\/p><ul><li><span style=\"color: #000000;\">Ponta triangular TCT ideal para perfura\u00e7\u00f5es de alta precis\u00e3o devido \u00e0 sua ponta auto-centralizadora. <\/span><\/li><li><span style=\"color: #000000;\">Carboneto de tungst\u00e9nio, material robusto que promove cortes mais r\u00e1pidos e uma vida \u00fatil 4x mais prolongada. <\/span><\/li><li><span style=\"color: #000000;\">Geometria inovadora de espiral dupla em U, divide e solta livremente os res\u00edduos. Perfura\u00e7\u00f5es mais suaves e tempo de trabalho rentabilizado. <\/span><\/li><li><span style=\"color: #000000;\">Haste triangular que garante mais estabilidade e evita o desgaste interior da bucha. <\/span><\/li><li><span style=\"color: #000000;\">USAR SEMPRE SEM PERCURS\u00c2O<\/span><\/li><\/ul><\/td><\/tr><\/tbody><\/table>\n\t\t\t\t\t<\/div>\n\t\t\t\t\t\t<\/div>\n\t\t\t\t<\/div>\n\t\t\t\t<div class=\"elementor-element elementor-element-146f0f3 elementor-widget elementor-widget-wd_image_or_svg\" data-id=\"146f0f3\" data-element_type=\"widget\" data-widget_type=\"wd_image_or_svg.default\">\n\t\t\t\t<div class=\"elementor-widget-container\">\n\t\t\t\t\t\n\t\t<div class=\"wd-image text-left\">\n\t\t\t\t\t\t\t\t<img fetchpriority=\"high\" decoding=\"async\" width=\"1200\" height=\"1200\" src=\"https:\/\/www.globaltools.pt\/wp-content\/uploads\/2025\/05\/14-BROCA-DIAM-1.jpg\" class=\"attachment-full size-full\" alt=\"\" srcset=\"https:\/\/www.globaltools.pt\/wp-content\/uploads\/2025\/05\/14-BROCA-DIAM-1.jpg 1200w, https:\/\/www.globaltools.pt\/wp-content\/uploads\/2025\/05\/14-BROCA-DIAM-1-300x300.jpg 300w, https:\/\/www.globaltools.pt\/wp-content\/uploads\/2025\/05\/14-BROCA-DIAM-1-800x800.jpg 800w, https:\/\/www.globaltools.pt\/wp-content\/uploads\/2025\/05\/14-BROCA-DIAM-1-150x150.jpg 150w, https:\/\/www.globaltools.pt\/wp-content\/uploads\/2025\/05\/14-BROCA-DIAM-1-768x768.jpg 768w, https:\/\/www.globaltools.pt\/wp-content\/uploads\/2025\/05\/14-BROCA-DIAM-1-430x430.jpg 430w, https:\/\/www.globaltools.pt\/wp-content\/uploads\/2025\/05\/14-BROCA-DIAM-1-700x700.jpg 700w\" sizes=\"(max-width: 1200px) 100vw, 1200px\" \/>\t\t\t\t\t<\/div>\n\n\t\t\t\t\t\t<\/div>\n\t\t\t\t<\/div>\n\t\t\t\t\t<\/div>\n\t\t\t\t<\/div>\n\t\t\t\t<\/div>\n\t\t","protected":false},"excerpt":{"rendered":"<p><span style=\"color: #000000;\"><img decoding=\"async\" class=\"alignnone wp-image-17863\" src=\"https:\/\/www.globaltools.pt\/wp-content\/uploads\/2025\/05\/DELTATOOLS-LOGO-400x89.jpg\" alt=\"\" width=\"153\" height=\"34\" srcset=\"https:\/\/www.globaltools.pt\/wp-content\/uploads\/2025\/05\/DELTATOOLS-LOGO-400x89.jpg 400w, https:\/\/www.globaltools.pt\/wp-content\/uploads\/2025\/05\/DELTATOOLS-LOGO-430x95.jpg 430w, https:\/\/www.globaltools.pt\/wp-content\/uploads\/2025\/05\/DELTATOOLS-LOGO-150x33.jpg 150w, https:\/\/www.globaltools.pt\/wp-content\/uploads\/2025\/05\/DELTATOOLS-LOGO.jpg 542w\" sizes=\"(max-width: 153px) 100vw, 153px\" \/><\/span><\/p>\n<p><span style=\"color: #000000;\">Brocas Diamante corte a seco ou a h\u00famido (mais rendimento) ideal para <strong>gr\u00eas porcel\u00e2nico, granito e outros materiais.<\/strong><\/span><\/p>\n<p><img decoding=\"async\" class=\"alignnone wp-image-19595\" src=\"https:\/\/www.globaltools.pt\/wp-content\/uploads\/2025\/05\/TAB-B-DIAMANTE.png\" alt=\"\" width=\"600\" height=\"133\" srcset=\"https:\/\/www.globaltools.pt\/wp-content\/uploads\/2025\/05\/TAB-B-DIAMANTE.png 501w, https:\/\/www.globaltools.pt\/wp-content\/uploads\/2025\/05\/TAB-B-DIAMANTE-400x89.png 400w, https:\/\/www.globaltools.pt\/wp-content\/uploads\/2025\/05\/TAB-B-DIAMANTE-430x95.png 430w, https:\/\/www.globaltools.pt\/wp-content\/uploads\/2025\/05\/TAB-B-DIAMANTE-150x33.png 150w\" sizes=\"(max-width: 600px) 100vw, 600px\" \/><\/p>\n","protected":false},"featured_media":18127,"template":"","meta":[],"product_brand":[],"product_cat":[30],"product_tag":[],"class_list":{"0":"post-16785","1":"product","2":"type-product","3":"status-publish","4":"has-post-thumbnail","6":"product_cat-brocas-e-coroas-diamante","8":"first","9":"instock","10":"shipping-taxable","11":"product-type-simple"},"yoast_head":"<!-- This site is optimized with the Yoast SEO plugin v26.7 - https:\/\/yoast.com\/wordpress\/plugins\/seo\/ -->\n<title>Broca Diamante Materias Muito Duros Broca Diamante<\/title>\n<meta name=\"description\" content=\"Broca Diamante corte a seco ou a h\u00famido( mais rendimento) ideal para gr\u00eas porcel\u00e2nico, granito e outros materiais. DELTATOOLS\" \/>\n<meta name=\"robots\" content=\"index, follow, max-snippet:-1, max-image-preview:large, max-video-preview:-1\" \/>\n<link rel=\"canonical\" href=\"https:\/\/www.globaltools.pt\/produto\/broca-diamante-materias-muito-duros\/\" \/>\n<meta property=\"og:locale\" content=\"en_US\" \/>\n<meta property=\"og:type\" content=\"article\" \/>\n<meta property=\"og:title\" content=\"Broca Diamante Materias Muito Duros Broca Diamante\" \/>\n<meta property=\"og:description\" content=\"Broca Diamante corte a seco ou a h\u00famido( mais rendimento) ideal para gr\u00eas porcel\u00e2nico, granito e outros materiais. DELTATOOLS\" \/>\n<meta property=\"og:url\" content=\"https:\/\/www.globaltools.pt\/produto\/broca-diamante-materias-muito-duros\/\" \/>\n<meta property=\"og:site_name\" content=\"GlobalTools\" \/>\n<meta property=\"article:modified_time\" content=\"2025-09-05T10:29:11+00:00\" \/>\n<meta property=\"og:image\" content=\"https:\/\/www.globaltools.pt\/wp-content\/uploads\/2025\/05\/BROCA-DIAM-3.jpg\" \/>\n\t<meta property=\"og:image:width\" content=\"952\" \/>\n\t<meta property=\"og:image:height\" content=\"952\" \/>\n\t<meta property=\"og:image:type\" content=\"image\/jpeg\" \/>\n<meta name=\"twitter:card\" content=\"summary_large_image\" \/>\n<meta name=\"twitter:label1\" content=\"Est. reading time\" \/>\n\t<meta name=\"twitter:data1\" content=\"1 minute\" \/>\n<script type=\"application\/ld+json\" class=\"yoast-schema-graph\">{\"@context\":\"https:\/\/schema.org\",\"@graph\":[{\"@type\":\"WebPage\",\"@id\":\"https:\/\/www.globaltools.pt\/produto\/broca-diamante-materias-muito-duros\/\",\"url\":\"https:\/\/www.globaltools.pt\/produto\/broca-diamante-materias-muito-duros\/\",\"name\":\"Broca Diamante Materias Muito Duros Broca Diamante\",\"isPartOf\":{\"@id\":\"https:\/\/www.globaltools.pt\/#website\"},\"primaryImageOfPage\":{\"@id\":\"https:\/\/www.globaltools.pt\/produto\/broca-diamante-materias-muito-duros\/#primaryimage\"},\"image\":{\"@id\":\"https:\/\/www.globaltools.pt\/produto\/broca-diamante-materias-muito-duros\/#primaryimage\"},\"thumbnailUrl\":\"https:\/\/www.globaltools.pt\/wp-content\/uploads\/2025\/05\/BROCA-DIAM-3.jpg\",\"datePublished\":\"2025-05-07T16:41:01+00:00\",\"dateModified\":\"2025-09-05T10:29:11+00:00\",\"description\":\"Broca Diamante corte a seco ou a h\u00famido( mais rendimento) ideal para gr\u00eas porcel\u00e2nico, granito e outros materiais. DELTATOOLS\",\"breadcrumb\":{\"@id\":\"https:\/\/www.globaltools.pt\/produto\/broca-diamante-materias-muito-duros\/#breadcrumb\"},\"inLanguage\":\"en-US\",\"potentialAction\":[{\"@type\":\"ReadAction\",\"target\":[\"https:\/\/www.globaltools.pt\/produto\/broca-diamante-materias-muito-duros\/\"]}]},{\"@type\":\"ImageObject\",\"inLanguage\":\"en-US\",\"@id\":\"https:\/\/www.globaltools.pt\/produto\/broca-diamante-materias-muito-duros\/#primaryimage\",\"url\":\"https:\/\/www.globaltools.pt\/wp-content\/uploads\/2025\/05\/BROCA-DIAM-3.jpg\",\"contentUrl\":\"https:\/\/www.globaltools.pt\/wp-content\/uploads\/2025\/05\/BROCA-DIAM-3.jpg\",\"width\":952,\"height\":952},{\"@type\":\"BreadcrumbList\",\"@id\":\"https:\/\/www.globaltools.pt\/produto\/broca-diamante-materias-muito-duros\/#breadcrumb\",\"itemListElement\":[{\"@type\":\"ListItem\",\"position\":1,\"name\":\"In\u00edcio\",\"item\":\"https:\/\/www.globaltools.pt\/\"},{\"@type\":\"ListItem\",\"position\":2,\"name\":\"Shop\",\"item\":\"https:\/\/www.globaltools.pt\/en\/shop\/\"},{\"@type\":\"ListItem\",\"position\":3,\"name\":\"Broca Diamante Materias Muito Duros\"}]},{\"@type\":\"WebSite\",\"@id\":\"https:\/\/www.globaltools.pt\/#website\",\"url\":\"https:\/\/www.globaltools.pt\/\",\"name\":\"Globaltools\",\"description\":\"\",\"publisher\":{\"@id\":\"https:\/\/www.globaltools.pt\/#organization\"},\"potentialAction\":[{\"@type\":\"SearchAction\",\"target\":{\"@type\":\"EntryPoint\",\"urlTemplate\":\"https:\/\/www.globaltools.pt\/?s={search_term_string}\"},\"query-input\":{\"@type\":\"PropertyValueSpecification\",\"valueRequired\":true,\"valueName\":\"search_term_string\"}}],\"inLanguage\":\"en-US\"},{\"@type\":\"Organization\",\"@id\":\"https:\/\/www.globaltools.pt\/#organization\",\"name\":\"Globaltools\",\"url\":\"https:\/\/www.globaltools.pt\/\",\"logo\":{\"@type\":\"ImageObject\",\"inLanguage\":\"en-US\",\"@id\":\"https:\/\/www.globaltools.pt\/#\/schema\/logo\/image\/\",\"url\":\"https:\/\/www.globaltools.pt\/wp-content\/uploads\/2025\/05\/DELTATOOLS-LOGO.jpg\",\"contentUrl\":\"https:\/\/www.globaltools.pt\/wp-content\/uploads\/2025\/05\/DELTATOOLS-LOGO.jpg\",\"width\":542,\"height\":120,\"caption\":\"Globaltools\"},\"image\":{\"@id\":\"https:\/\/www.globaltools.pt\/#\/schema\/logo\/image\/\"}}]}<\/script>\n<!-- \/ Yoast SEO plugin. -->","yoast_head_json":{"title":"Broca Diamante Materias Muito Duros Broca Diamante","description":"Broca Diamante corte a seco ou a h\u00famido( mais rendimento) ideal para gr\u00eas porcel\u00e2nico, granito e outros materiais. DELTATOOLS","robots":{"index":"index","follow":"follow","max-snippet":"max-snippet:-1","max-image-preview":"max-image-preview:large","max-video-preview":"max-video-preview:-1"},"canonical":"https:\/\/www.globaltools.pt\/produto\/broca-diamante-materias-muito-duros\/","og_locale":"en_US","og_type":"article","og_title":"Broca Diamante Materias Muito Duros Broca Diamante","og_description":"Broca Diamante corte a seco ou a h\u00famido( mais rendimento) ideal para gr\u00eas porcel\u00e2nico, granito e outros materiais. DELTATOOLS","og_url":"https:\/\/www.globaltools.pt\/produto\/broca-diamante-materias-muito-duros\/","og_site_name":"GlobalTools","article_modified_time":"2025-09-05T10:29:11+00:00","og_image":[{"width":952,"height":952,"url":"https:\/\/www.globaltools.pt\/wp-content\/uploads\/2025\/05\/BROCA-DIAM-3.jpg","type":"image\/jpeg"}],"twitter_card":"summary_large_image","twitter_misc":{"Est. reading time":"1 minute"},"schema":{"@context":"https:\/\/schema.org","@graph":[{"@type":"WebPage","@id":"https:\/\/www.globaltools.pt\/produto\/broca-diamante-materias-muito-duros\/","url":"https:\/\/www.globaltools.pt\/produto\/broca-diamante-materias-muito-duros\/","name":"Broca Diamante Materias Muito Duros Broca Diamante","isPartOf":{"@id":"https:\/\/www.globaltools.pt\/#website"},"primaryImageOfPage":{"@id":"https:\/\/www.globaltools.pt\/produto\/broca-diamante-materias-muito-duros\/#primaryimage"},"image":{"@id":"https:\/\/www.globaltools.pt\/produto\/broca-diamante-materias-muito-duros\/#primaryimage"},"thumbnailUrl":"https:\/\/www.globaltools.pt\/wp-content\/uploads\/2025\/05\/BROCA-DIAM-3.jpg","datePublished":"2025-05-07T16:41:01+00:00","dateModified":"2025-09-05T10:29:11+00:00","description":"Broca Diamante corte a seco ou a h\u00famido( mais rendimento) ideal para gr\u00eas porcel\u00e2nico, granito e outros materiais. DELTATOOLS","breadcrumb":{"@id":"https:\/\/www.globaltools.pt\/produto\/broca-diamante-materias-muito-duros\/#breadcrumb"},"inLanguage":"en-US","potentialAction":[{"@type":"ReadAction","target":["https:\/\/www.globaltools.pt\/produto\/broca-diamante-materias-muito-duros\/"]}]},{"@type":"ImageObject","inLanguage":"en-US","@id":"https:\/\/www.globaltools.pt\/produto\/broca-diamante-materias-muito-duros\/#primaryimage","url":"https:\/\/www.globaltools.pt\/wp-content\/uploads\/2025\/05\/BROCA-DIAM-3.jpg","contentUrl":"https:\/\/www.globaltools.pt\/wp-content\/uploads\/2025\/05\/BROCA-DIAM-3.jpg","width":952,"height":952},{"@type":"BreadcrumbList","@id":"https:\/\/www.globaltools.pt\/produto\/broca-diamante-materias-muito-duros\/#breadcrumb","itemListElement":[{"@type":"ListItem","position":1,"name":"In\u00edcio","item":"https:\/\/www.globaltools.pt\/"},{"@type":"ListItem","position":2,"name":"Shop","item":"https:\/\/www.globaltools.pt\/en\/shop\/"},{"@type":"ListItem","position":3,"name":"Broca Diamante Materias Muito Duros"}]},{"@type":"WebSite","@id":"https:\/\/www.globaltools.pt\/#website","url":"https:\/\/www.globaltools.pt\/","name":"Globaltools","description":"","publisher":{"@id":"https:\/\/www.globaltools.pt\/#organization"},"potentialAction":[{"@type":"SearchAction","target":{"@type":"EntryPoint","urlTemplate":"https:\/\/www.globaltools.pt\/?s={search_term_string}"},"query-input":{"@type":"PropertyValueSpecification","valueRequired":true,"valueName":"search_term_string"}}],"inLanguage":"en-US"},{"@type":"Organization","@id":"https:\/\/www.globaltools.pt\/#organization","name":"Globaltools","url":"https:\/\/www.globaltools.pt\/","logo":{"@type":"ImageObject","inLanguage":"en-US","@id":"https:\/\/www.globaltools.pt\/#\/schema\/logo\/image\/","url":"https:\/\/www.globaltools.pt\/wp-content\/uploads\/2025\/05\/DELTATOOLS-LOGO.jpg","contentUrl":"https:\/\/www.globaltools.pt\/wp-content\/uploads\/2025\/05\/DELTATOOLS-LOGO.jpg","width":542,"height":120,"caption":"Globaltools"},"image":{"@id":"https:\/\/www.globaltools.pt\/#\/schema\/logo\/image\/"}}]}},"_links":{"self":[{"href":"https:\/\/www.globaltools.pt\/en\/wp-json\/wp\/v2\/product\/16785","targetHints":{"allow":["GET"]}}],"collection":[{"href":"https:\/\/www.globaltools.pt\/en\/wp-json\/wp\/v2\/product"}],"about":[{"href":"https:\/\/www.globaltools.pt\/en\/wp-json\/wp\/v2\/types\/product"}],"version-history":[{"count":19,"href":"https:\/\/www.globaltools.pt\/en\/wp-json\/wp\/v2\/product\/16785\/revisions"}],"predecessor-version":[{"id":19604,"href":"https:\/\/www.globaltools.pt\/en\/wp-json\/wp\/v2\/product\/16785\/revisions\/19604"}],"wp:featuredmedia":[{"embeddable":true,"href":"https:\/\/www.globaltools.pt\/en\/wp-json\/wp\/v2\/media\/18127"}],"wp:attachment":[{"href":"https:\/\/www.globaltools.pt\/en\/wp-json\/wp\/v2\/media?parent=16785"}],"wp:term":[{"taxonomy":"product_brand","embeddable":true,"href":"https:\/\/www.globaltools.pt\/en\/wp-json\/wp\/v2\/product_brand?post=16785"},{"taxonomy":"product_cat","embeddable":true,"href":"https:\/\/www.globaltools.pt\/en\/wp-json\/wp\/v2\/product_cat?post=16785"},{"taxonomy":"product_tag","embeddable":true,"href":"https:\/\/www.globaltools.pt\/en\/wp-json\/wp\/v2\/product_tag?post=16785"}],"curies":[{"name":"wp","href":"https:\/\/api.w.org\/{rel}","templated":true}]}}