{"id":16799,"date":"2025-05-07T16:49:55","date_gmt":"2025-05-07T16:49:55","guid":{"rendered":"https:\/\/www.globaltools.pt\/?post_type=product&#038;p=16799"},"modified":"2026-01-12T11:31:27","modified_gmt":"2026-01-12T11:31:27","slug":"broca-coroa-diamante-bcdline","status":"publish","type":"product","link":"https:\/\/www.globaltools.pt\/en\/produto\/broca-coroa-diamante-bcdline\/","title":{"rendered":"Broca Coroa Diamante BCDline"},"content":{"rendered":"\t\t<div data-elementor-type=\"product-post\" data-elementor-id=\"16799\" class=\"elementor elementor-16799\" data-elementor-post-type=\"product\">\n\t\t\t\t<div class=\"wd-negative-gap elementor-element elementor-element-9196392 e-grid e-con-boxed e-con e-parent\" data-id=\"9196392\" data-element_type=\"container\">\n\t\t\t\t\t<div class=\"e-con-inner\">\n\t\t\t\t<div class=\"elementor-element elementor-element-69ff81c elementor-widget elementor-widget-wd_text_block\" data-id=\"69ff81c\" data-element_type=\"widget\" data-widget_type=\"wd_text_block.default\">\n\t\t\t\t<div class=\"elementor-widget-container\">\n\t\t\t\t\t\t\t<div class=\"wd-text-block reset-last-child text-left\">\n\t\t\t\n\t\t\t<p>\u00a0<\/p><table border=\"0\" cellspacing=\"0\"><colgroup width=\"1160\"><\/colgroup><tbody><tr><td align=\"left\" valign=\"bottom\" height=\"18\"><p><span style=\"color: #000000;\"> Broca Coroa Diamante BCDline<\/span><\/p><p><span style=\"color: #000000;\">DELTATOOLS<\/span><\/p><ul><li><span style=\"color: #000000;\">Segmento de diamante 10mm: durabilidade aumentada e cortes a seco em gr\u00eas porcel\u00e2nico, granito e outros materiais. <\/span><\/li><li><span style=\"color: #000000;\">Brasagem a v\u00e1cuo: processo t\u00e9rmico que fixa os diamantes ao metal de suporte atrav\u00e9s da fundi\u00e7\u00e3o de uma liga de metal.<\/span><\/li><li>Com cera refrigerante em todo o interior: derrete gradualmente com o calor da fura\u00e7\u00e3o; evita o sobreaquecimento e reduz o desgaste; remove part\u00edculas de p\u00f3 da \u00e1rea de fura\u00e7\u00e3o; sem necessidade de refrigera\u00e7\u00e3o com \u00e1gua.<\/li><li><span style=\"color: #000000;\">Haste hexagonal garante maior estabilidade e evita o desgaste interior da bucha. <\/span><span style=\"color: #000000;\">USAR SEMPRE SEM PERCUSS\u00c3O<\/span><\/li><\/ul><\/td><\/tr><\/tbody><\/table>\n\t\t\t\t\t<\/div>\n\t\t\t\t\t\t<\/div>\n\t\t\t\t<\/div>\n\t\t\t\t<div class=\"elementor-element elementor-element-146f0f3 elementor-widget elementor-widget-wd_image_or_svg\" data-id=\"146f0f3\" data-element_type=\"widget\" data-widget_type=\"wd_image_or_svg.default\">\n\t\t\t\t<div class=\"elementor-widget-container\">\n\t\t\t\t\t\n\t\t<div class=\"wd-image text-left\">\n\t\t\t\t\t\t\t\t<img fetchpriority=\"high\" decoding=\"async\" width=\"1200\" height=\"1200\" src=\"https:\/\/www.globaltools.pt\/wp-content\/uploads\/2025\/05\/NOVO-BROCAS-COROAS-DIAMANTE.jpg\" class=\"attachment-full size-full\" alt=\"\" srcset=\"https:\/\/www.globaltools.pt\/wp-content\/uploads\/2025\/05\/NOVO-BROCAS-COROAS-DIAMANTE.jpg 1200w, https:\/\/www.globaltools.pt\/wp-content\/uploads\/2025\/05\/NOVO-BROCAS-COROAS-DIAMANTE-300x300.jpg 300w, https:\/\/www.globaltools.pt\/wp-content\/uploads\/2025\/05\/NOVO-BROCAS-COROAS-DIAMANTE-800x800.jpg 800w, https:\/\/www.globaltools.pt\/wp-content\/uploads\/2025\/05\/NOVO-BROCAS-COROAS-DIAMANTE-150x150.jpg 150w, https:\/\/www.globaltools.pt\/wp-content\/uploads\/2025\/05\/NOVO-BROCAS-COROAS-DIAMANTE-768x768.jpg 768w, https:\/\/www.globaltools.pt\/wp-content\/uploads\/2025\/05\/NOVO-BROCAS-COROAS-DIAMANTE-430x430.jpg 430w, https:\/\/www.globaltools.pt\/wp-content\/uploads\/2025\/05\/NOVO-BROCAS-COROAS-DIAMANTE-700x700.jpg 700w\" sizes=\"(max-width: 1200px) 100vw, 1200px\" \/>\t\t\t\t\t<\/div>\n\n\t\t\t\t\t\t<\/div>\n\t\t\t\t<\/div>\n\t\t\t\t\t<\/div>\n\t\t\t\t<\/div>\n\t\t\t\t<\/div>\n\t\t","protected":false},"excerpt":{"rendered":"<p><span style=\"color: #000000;\"><img decoding=\"async\" class=\"alignnone wp-image-17863\" src=\"https:\/\/www.globaltools.pt\/wp-content\/uploads\/2025\/05\/DELTATOOLS-LOGO-400x89.jpg\" alt=\"\" width=\"153\" height=\"34\" srcset=\"https:\/\/www.globaltools.pt\/wp-content\/uploads\/2025\/05\/DELTATOOLS-LOGO-400x89.jpg 400w, https:\/\/www.globaltools.pt\/wp-content\/uploads\/2025\/05\/DELTATOOLS-LOGO-430x95.jpg 430w, https:\/\/www.globaltools.pt\/wp-content\/uploads\/2025\/05\/DELTATOOLS-LOGO-150x33.jpg 150w, https:\/\/www.globaltools.pt\/wp-content\/uploads\/2025\/05\/DELTATOOLS-LOGO.jpg 542w\" sizes=\"(max-width: 153px) 100vw, 153px\" \/><\/span><\/p>\n<p><img decoding=\"async\" class=\"alignnone wp-image-19954\" src=\"https:\/\/www.globaltools.pt\/wp-content\/uploads\/2025\/10\/DISPONIVEL-BREVEMENTE-2-400x125.png\" alt=\"\" width=\"200\" height=\"62\" \/><\/p>\n<p><span style=\"color: #000000;\">Broca Coroa Diamante com cera refrigerante em todo o seu interior, ideal para fura\u00e7\u00e3o a seco de <strong>gr\u00eas porcel\u00e2nico, granito e outros materiais.<br \/>\n<\/strong>Garante<strong> at\u00e9 40 furos <\/strong>em porcelanato de<strong> 10mm de espessura.<\/strong><\/span><\/p>\n<p>&nbsp;<\/p>\n<p><img loading=\"lazy\" decoding=\"async\" class=\"alignnone size-medium wp-image-20156\" src=\"https:\/\/www.globaltools.pt\/wp-content\/uploads\/2025\/05\/TABELA-BROCAS-COROAS-400x208.png\" alt=\"\" width=\"400\" height=\"208\" srcset=\"https:\/\/www.globaltools.pt\/wp-content\/uploads\/2025\/05\/TABELA-BROCAS-COROAS-400x208.png 400w, https:\/\/www.globaltools.pt\/wp-content\/uploads\/2025\/05\/TABELA-BROCAS-COROAS-768x400.png 768w, https:\/\/www.globaltools.pt\/wp-content\/uploads\/2025\/05\/TABELA-BROCAS-COROAS-430x224.png 430w, https:\/\/www.globaltools.pt\/wp-content\/uploads\/2025\/05\/TABELA-BROCAS-COROAS-700x364.png 700w, https:\/\/www.globaltools.pt\/wp-content\/uploads\/2025\/05\/TABELA-BROCAS-COROAS-150x78.png 150w, https:\/\/www.globaltools.pt\/wp-content\/uploads\/2025\/05\/TABELA-BROCAS-COROAS.png 978w\" sizes=\"(max-width: 400px) 100vw, 400px\" \/><\/p>\n<p>&nbsp;<\/p>\n<p>&nbsp;<\/p>\n","protected":false},"featured_media":20153,"template":"","meta":[],"product_brand":[],"product_cat":[30],"product_tag":[],"class_list":{"0":"post-16799","1":"product","2":"type-product","3":"status-publish","4":"has-post-thumbnail","6":"product_cat-brocas-e-coroas-diamante","8":"first","9":"instock","10":"shipping-taxable","11":"product-type-simple"},"yoast_head":"<!-- This site is optimized with the Yoast SEO plugin v26.7 - https:\/\/yoast.com\/wordpress\/plugins\/seo\/ -->\n<title>Broca Coroa Diamante BCDline<\/title>\n<meta name=\"description\" content=\"Broca Coroa Diamante com cera refrigerante em todo o seu interior, ideal para fura\u00e7\u00e3o a seco de gr\u00eas porcel\u00e2nico, granito e outros materiais. DELTATOOLS\" \/>\n<meta name=\"robots\" content=\"index, follow, max-snippet:-1, max-image-preview:large, max-video-preview:-1\" \/>\n<link rel=\"canonical\" href=\"https:\/\/www.globaltools.pt\/produto\/broca-coroa-diamante-bcdline\/\" \/>\n<meta property=\"og:locale\" content=\"en_US\" \/>\n<meta property=\"og:type\" content=\"article\" \/>\n<meta property=\"og:title\" content=\"Broca Coroa Diamante BCDline\" \/>\n<meta property=\"og:description\" content=\"Broca Coroa Diamante com cera refrigerante em todo o seu interior, ideal para fura\u00e7\u00e3o a seco de gr\u00eas porcel\u00e2nico, granito e outros materiais. DELTATOOLS\" \/>\n<meta property=\"og:url\" content=\"https:\/\/www.globaltools.pt\/produto\/broca-coroa-diamante-bcdline\/\" \/>\n<meta property=\"og:site_name\" content=\"GlobalTools\" \/>\n<meta property=\"article:modified_time\" content=\"2026-01-12T11:31:27+00:00\" \/>\n<meta property=\"og:image\" content=\"https:\/\/www.globaltools.pt\/wp-content\/uploads\/2025\/05\/broca-coroa-diamantada.jpg\" \/>\n\t<meta property=\"og:image:width\" content=\"953\" \/>\n\t<meta property=\"og:image:height\" content=\"953\" \/>\n\t<meta property=\"og:image:type\" content=\"image\/jpeg\" \/>\n<meta name=\"twitter:card\" content=\"summary_large_image\" \/>\n<meta name=\"twitter:label1\" content=\"Est. reading time\" \/>\n\t<meta name=\"twitter:data1\" content=\"1 minute\" \/>\n<script type=\"application\/ld+json\" class=\"yoast-schema-graph\">{\"@context\":\"https:\/\/schema.org\",\"@graph\":[{\"@type\":\"WebPage\",\"@id\":\"https:\/\/www.globaltools.pt\/produto\/broca-coroa-diamante-bcdline\/\",\"url\":\"https:\/\/www.globaltools.pt\/produto\/broca-coroa-diamante-bcdline\/\",\"name\":\"Broca Coroa Diamante BCDline\",\"isPartOf\":{\"@id\":\"https:\/\/www.globaltools.pt\/#website\"},\"primaryImageOfPage\":{\"@id\":\"https:\/\/www.globaltools.pt\/produto\/broca-coroa-diamante-bcdline\/#primaryimage\"},\"image\":{\"@id\":\"https:\/\/www.globaltools.pt\/produto\/broca-coroa-diamante-bcdline\/#primaryimage\"},\"thumbnailUrl\":\"https:\/\/www.globaltools.pt\/wp-content\/uploads\/2025\/05\/broca-coroa-diamantada.jpg\",\"datePublished\":\"2025-05-07T16:49:55+00:00\",\"dateModified\":\"2026-01-12T11:31:27+00:00\",\"description\":\"Broca Coroa Diamante com cera refrigerante em todo o seu interior, ideal para fura\u00e7\u00e3o a seco de gr\u00eas porcel\u00e2nico, granito e outros materiais. DELTATOOLS\",\"breadcrumb\":{\"@id\":\"https:\/\/www.globaltools.pt\/produto\/broca-coroa-diamante-bcdline\/#breadcrumb\"},\"inLanguage\":\"en-US\",\"potentialAction\":[{\"@type\":\"ReadAction\",\"target\":[\"https:\/\/www.globaltools.pt\/produto\/broca-coroa-diamante-bcdline\/\"]}]},{\"@type\":\"ImageObject\",\"inLanguage\":\"en-US\",\"@id\":\"https:\/\/www.globaltools.pt\/produto\/broca-coroa-diamante-bcdline\/#primaryimage\",\"url\":\"https:\/\/www.globaltools.pt\/wp-content\/uploads\/2025\/05\/broca-coroa-diamantada.jpg\",\"contentUrl\":\"https:\/\/www.globaltools.pt\/wp-content\/uploads\/2025\/05\/broca-coroa-diamantada.jpg\",\"width\":953,\"height\":953},{\"@type\":\"BreadcrumbList\",\"@id\":\"https:\/\/www.globaltools.pt\/produto\/broca-coroa-diamante-bcdline\/#breadcrumb\",\"itemListElement\":[{\"@type\":\"ListItem\",\"position\":1,\"name\":\"In\u00edcio\",\"item\":\"https:\/\/www.globaltools.pt\/\"},{\"@type\":\"ListItem\",\"position\":2,\"name\":\"Shop\",\"item\":\"https:\/\/www.globaltools.pt\/en\/shop\/\"},{\"@type\":\"ListItem\",\"position\":3,\"name\":\"Broca Coroa Diamante BCDline\"}]},{\"@type\":\"WebSite\",\"@id\":\"https:\/\/www.globaltools.pt\/#website\",\"url\":\"https:\/\/www.globaltools.pt\/\",\"name\":\"Globaltools\",\"description\":\"\",\"publisher\":{\"@id\":\"https:\/\/www.globaltools.pt\/#organization\"},\"potentialAction\":[{\"@type\":\"SearchAction\",\"target\":{\"@type\":\"EntryPoint\",\"urlTemplate\":\"https:\/\/www.globaltools.pt\/?s={search_term_string}\"},\"query-input\":{\"@type\":\"PropertyValueSpecification\",\"valueRequired\":true,\"valueName\":\"search_term_string\"}}],\"inLanguage\":\"en-US\"},{\"@type\":\"Organization\",\"@id\":\"https:\/\/www.globaltools.pt\/#organization\",\"name\":\"Globaltools\",\"url\":\"https:\/\/www.globaltools.pt\/\",\"logo\":{\"@type\":\"ImageObject\",\"inLanguage\":\"en-US\",\"@id\":\"https:\/\/www.globaltools.pt\/#\/schema\/logo\/image\/\",\"url\":\"https:\/\/www.globaltools.pt\/wp-content\/uploads\/2025\/05\/DELTATOOLS-LOGO.jpg\",\"contentUrl\":\"https:\/\/www.globaltools.pt\/wp-content\/uploads\/2025\/05\/DELTATOOLS-LOGO.jpg\",\"width\":542,\"height\":120,\"caption\":\"Globaltools\"},\"image\":{\"@id\":\"https:\/\/www.globaltools.pt\/#\/schema\/logo\/image\/\"}}]}<\/script>\n<!-- \/ Yoast SEO plugin. -->","yoast_head_json":{"title":"Broca Coroa Diamante BCDline","description":"Broca Coroa Diamante com cera refrigerante em todo o seu interior, ideal para fura\u00e7\u00e3o a seco de gr\u00eas porcel\u00e2nico, granito e outros materiais. DELTATOOLS","robots":{"index":"index","follow":"follow","max-snippet":"max-snippet:-1","max-image-preview":"max-image-preview:large","max-video-preview":"max-video-preview:-1"},"canonical":"https:\/\/www.globaltools.pt\/produto\/broca-coroa-diamante-bcdline\/","og_locale":"en_US","og_type":"article","og_title":"Broca Coroa Diamante BCDline","og_description":"Broca Coroa Diamante com cera refrigerante em todo o seu interior, ideal para fura\u00e7\u00e3o a seco de gr\u00eas porcel\u00e2nico, granito e outros materiais. DELTATOOLS","og_url":"https:\/\/www.globaltools.pt\/produto\/broca-coroa-diamante-bcdline\/","og_site_name":"GlobalTools","article_modified_time":"2026-01-12T11:31:27+00:00","og_image":[{"width":953,"height":953,"url":"https:\/\/www.globaltools.pt\/wp-content\/uploads\/2025\/05\/broca-coroa-diamantada.jpg","type":"image\/jpeg"}],"twitter_card":"summary_large_image","twitter_misc":{"Est. reading time":"1 minute"},"schema":{"@context":"https:\/\/schema.org","@graph":[{"@type":"WebPage","@id":"https:\/\/www.globaltools.pt\/produto\/broca-coroa-diamante-bcdline\/","url":"https:\/\/www.globaltools.pt\/produto\/broca-coroa-diamante-bcdline\/","name":"Broca Coroa Diamante BCDline","isPartOf":{"@id":"https:\/\/www.globaltools.pt\/#website"},"primaryImageOfPage":{"@id":"https:\/\/www.globaltools.pt\/produto\/broca-coroa-diamante-bcdline\/#primaryimage"},"image":{"@id":"https:\/\/www.globaltools.pt\/produto\/broca-coroa-diamante-bcdline\/#primaryimage"},"thumbnailUrl":"https:\/\/www.globaltools.pt\/wp-content\/uploads\/2025\/05\/broca-coroa-diamantada.jpg","datePublished":"2025-05-07T16:49:55+00:00","dateModified":"2026-01-12T11:31:27+00:00","description":"Broca Coroa Diamante com cera refrigerante em todo o seu interior, ideal para fura\u00e7\u00e3o a seco de gr\u00eas porcel\u00e2nico, granito e outros materiais. DELTATOOLS","breadcrumb":{"@id":"https:\/\/www.globaltools.pt\/produto\/broca-coroa-diamante-bcdline\/#breadcrumb"},"inLanguage":"en-US","potentialAction":[{"@type":"ReadAction","target":["https:\/\/www.globaltools.pt\/produto\/broca-coroa-diamante-bcdline\/"]}]},{"@type":"ImageObject","inLanguage":"en-US","@id":"https:\/\/www.globaltools.pt\/produto\/broca-coroa-diamante-bcdline\/#primaryimage","url":"https:\/\/www.globaltools.pt\/wp-content\/uploads\/2025\/05\/broca-coroa-diamantada.jpg","contentUrl":"https:\/\/www.globaltools.pt\/wp-content\/uploads\/2025\/05\/broca-coroa-diamantada.jpg","width":953,"height":953},{"@type":"BreadcrumbList","@id":"https:\/\/www.globaltools.pt\/produto\/broca-coroa-diamante-bcdline\/#breadcrumb","itemListElement":[{"@type":"ListItem","position":1,"name":"In\u00edcio","item":"https:\/\/www.globaltools.pt\/"},{"@type":"ListItem","position":2,"name":"Shop","item":"https:\/\/www.globaltools.pt\/en\/shop\/"},{"@type":"ListItem","position":3,"name":"Broca Coroa Diamante BCDline"}]},{"@type":"WebSite","@id":"https:\/\/www.globaltools.pt\/#website","url":"https:\/\/www.globaltools.pt\/","name":"Globaltools","description":"","publisher":{"@id":"https:\/\/www.globaltools.pt\/#organization"},"potentialAction":[{"@type":"SearchAction","target":{"@type":"EntryPoint","urlTemplate":"https:\/\/www.globaltools.pt\/?s={search_term_string}"},"query-input":{"@type":"PropertyValueSpecification","valueRequired":true,"valueName":"search_term_string"}}],"inLanguage":"en-US"},{"@type":"Organization","@id":"https:\/\/www.globaltools.pt\/#organization","name":"Globaltools","url":"https:\/\/www.globaltools.pt\/","logo":{"@type":"ImageObject","inLanguage":"en-US","@id":"https:\/\/www.globaltools.pt\/#\/schema\/logo\/image\/","url":"https:\/\/www.globaltools.pt\/wp-content\/uploads\/2025\/05\/DELTATOOLS-LOGO.jpg","contentUrl":"https:\/\/www.globaltools.pt\/wp-content\/uploads\/2025\/05\/DELTATOOLS-LOGO.jpg","width":542,"height":120,"caption":"Globaltools"},"image":{"@id":"https:\/\/www.globaltools.pt\/#\/schema\/logo\/image\/"}}]}},"_links":{"self":[{"href":"https:\/\/www.globaltools.pt\/en\/wp-json\/wp\/v2\/product\/16799","targetHints":{"allow":["GET"]}}],"collection":[{"href":"https:\/\/www.globaltools.pt\/en\/wp-json\/wp\/v2\/product"}],"about":[{"href":"https:\/\/www.globaltools.pt\/en\/wp-json\/wp\/v2\/types\/product"}],"version-history":[{"count":19,"href":"https:\/\/www.globaltools.pt\/en\/wp-json\/wp\/v2\/product\/16799\/revisions"}],"predecessor-version":[{"id":20183,"href":"https:\/\/www.globaltools.pt\/en\/wp-json\/wp\/v2\/product\/16799\/revisions\/20183"}],"wp:featuredmedia":[{"embeddable":true,"href":"https:\/\/www.globaltools.pt\/en\/wp-json\/wp\/v2\/media\/20153"}],"wp:attachment":[{"href":"https:\/\/www.globaltools.pt\/en\/wp-json\/wp\/v2\/media?parent=16799"}],"wp:term":[{"taxonomy":"product_brand","embeddable":true,"href":"https:\/\/www.globaltools.pt\/en\/wp-json\/wp\/v2\/product_brand?post=16799"},{"taxonomy":"product_cat","embeddable":true,"href":"https:\/\/www.globaltools.pt\/en\/wp-json\/wp\/v2\/product_cat?post=16799"},{"taxonomy":"product_tag","embeddable":true,"href":"https:\/\/www.globaltools.pt\/en\/wp-json\/wp\/v2\/product_tag?post=16799"}],"curies":[{"name":"wp","href":"https:\/\/api.w.org\/{rel}","templated":true}]}}