{"id":16826,"date":"2025-05-08T08:12:09","date_gmt":"2025-05-08T08:12:09","guid":{"rendered":"https:\/\/www.globaltools.pt\/?post_type=product&#038;p=16826"},"modified":"2025-09-08T11:03:44","modified_gmt":"2025-09-08T11:03:44","slug":"broca-sds-max","status":"publish","type":"product","link":"https:\/\/www.globaltools.pt\/en\/produto\/broca-sds-max\/","title":{"rendered":"Broca SDS Max"},"content":{"rendered":"\t\t<div data-elementor-type=\"product-post\" data-elementor-id=\"16826\" class=\"elementor elementor-16826\" data-elementor-post-type=\"product\">\n\t\t\t\t<div class=\"wd-negative-gap elementor-element elementor-element-9196392 e-grid e-con-boxed e-con e-parent\" data-id=\"9196392\" data-element_type=\"container\">\n\t\t\t\t\t<div class=\"e-con-inner\">\n\t\t\t\t<div class=\"elementor-element elementor-element-69ff81c elementor-widget elementor-widget-wd_text_block\" data-id=\"69ff81c\" data-element_type=\"widget\" data-widget_type=\"wd_text_block.default\">\n\t\t\t\t<div class=\"elementor-widget-container\">\n\t\t\t\t\t\t\t<div class=\"wd-text-block reset-last-child text-left\">\n\t\t\t\n\t\t\t<table border=\"0\" cellspacing=\"0\"><colgroup width=\"1160\"><\/colgroup><tbody><tr><td align=\"left\" valign=\"bottom\" height=\"18\"><p><span style=\"color: #000000;\">Brocas SDS Max <\/span><\/p><ul><li><span style=\"color: #000000;\">Pastilhas em x que s\u00e3o geometricamente indicadas para f\u00e1cil posicionamento da broca. Ideal para perfura\u00e7\u00f5es r\u00e1pidas em materiais exigentes, <\/span><\/li><li><span style=\"color: #000000;\">TCT \u2013 Carboneto de tungst\u00e9nio material robusto que promove cortes mais r\u00e1pidos e uma vida \u00fatil 4x mais longa.\u00a0 <\/span><\/li><li><span style=\"color: #000000;\">4 h\u00e9lices que de possibilitam o escoamento r\u00e1pido de res\u00edduos permite alta velocidade de perfura\u00e7\u00e3o. <\/span><\/li><li><span style=\"color: #000000;\">A\u00e7o especial 40cr de alta qualidade com tratamento t\u00e9rmico. Grande resist\u00eancia ao impacto e ao desgaste. <\/span><\/li><\/ul><\/td><\/tr><\/tbody><\/table>\n\t\t\t\t\t<\/div>\n\t\t\t\t\t\t<\/div>\n\t\t\t\t<\/div>\n\t\t\t\t<div class=\"elementor-element elementor-element-146f0f3 elementor-widget elementor-widget-wd_image_or_svg\" data-id=\"146f0f3\" data-element_type=\"widget\" data-widget_type=\"wd_image_or_svg.default\">\n\t\t\t\t<div class=\"elementor-widget-container\">\n\t\t\t\t\t\n\t\t<div class=\"wd-image text-left\">\n\t\t\t\t\t\t\t\t<img fetchpriority=\"high\" decoding=\"async\" width=\"1200\" height=\"1200\" src=\"https:\/\/www.globaltools.pt\/wp-content\/uploads\/2025\/05\/18-BROCA-SDS-MAX-1.jpg\" class=\"attachment-full size-full\" alt=\"\" srcset=\"https:\/\/www.globaltools.pt\/wp-content\/uploads\/2025\/05\/18-BROCA-SDS-MAX-1.jpg 1200w, https:\/\/www.globaltools.pt\/wp-content\/uploads\/2025\/05\/18-BROCA-SDS-MAX-1-300x300.jpg 300w, https:\/\/www.globaltools.pt\/wp-content\/uploads\/2025\/05\/18-BROCA-SDS-MAX-1-800x800.jpg 800w, https:\/\/www.globaltools.pt\/wp-content\/uploads\/2025\/05\/18-BROCA-SDS-MAX-1-150x150.jpg 150w, https:\/\/www.globaltools.pt\/wp-content\/uploads\/2025\/05\/18-BROCA-SDS-MAX-1-768x768.jpg 768w, https:\/\/www.globaltools.pt\/wp-content\/uploads\/2025\/05\/18-BROCA-SDS-MAX-1-430x430.jpg 430w, https:\/\/www.globaltools.pt\/wp-content\/uploads\/2025\/05\/18-BROCA-SDS-MAX-1-700x700.jpg 700w\" sizes=\"(max-width: 1200px) 100vw, 1200px\" \/>\t\t\t\t\t<\/div>\n\n\t\t\t\t\t\t<\/div>\n\t\t\t\t<\/div>\n\t\t\t\t\t<\/div>\n\t\t\t\t<\/div>\n\t\t\t\t<\/div>\n\t\t","protected":false},"excerpt":{"rendered":"<p><span style=\"color: #000000;\"><img decoding=\"async\" class=\"alignnone wp-image-17863\" src=\"https:\/\/www.globaltools.pt\/wp-content\/uploads\/2025\/05\/DELTATOOLS-LOGO-400x89.jpg\" alt=\"\" width=\"153\" height=\"34\" srcset=\"https:\/\/www.globaltools.pt\/wp-content\/uploads\/2025\/05\/DELTATOOLS-LOGO-400x89.jpg 400w, https:\/\/www.globaltools.pt\/wp-content\/uploads\/2025\/05\/DELTATOOLS-LOGO-430x95.jpg 430w, https:\/\/www.globaltools.pt\/wp-content\/uploads\/2025\/05\/DELTATOOLS-LOGO-150x33.jpg 150w, https:\/\/www.globaltools.pt\/wp-content\/uploads\/2025\/05\/DELTATOOLS-LOGO.jpg 542w\" sizes=\"(max-width: 153px) 100vw, 153px\" \/><\/span><\/p>\n<p><span style=\"color: #000000;\">Brocas SDS Max com pastilhas em cruz carboneto de tungst\u00e9nio, 4 h\u00e9lices para r\u00e1pido escoamento, Encaixe SDS Max.<\/span><\/p>\n<p><img decoding=\"async\" class=\"alignnone wp-image-19628 \" src=\"https:\/\/www.globaltools.pt\/wp-content\/uploads\/2025\/05\/TAB-BROCAS-MAX.png\" alt=\"\" width=\"338\" height=\"376\" srcset=\"https:\/\/www.globaltools.pt\/wp-content\/uploads\/2025\/05\/TAB-BROCAS-MAX.png 501w, https:\/\/www.globaltools.pt\/wp-content\/uploads\/2025\/05\/TAB-BROCAS-MAX-269x300.png 269w, https:\/\/www.globaltools.pt\/wp-content\/uploads\/2025\/05\/TAB-BROCAS-MAX-430x479.png 430w, https:\/\/www.globaltools.pt\/wp-content\/uploads\/2025\/05\/TAB-BROCAS-MAX-150x167.png 150w\" sizes=\"(max-width: 338px) 100vw, 338px\" \/>\u00a0 \u00a0 \u00a0\u00a0<img loading=\"lazy\" decoding=\"async\" class=\"alignnone wp-image-16971 \" src=\"https:\/\/www.globaltools.pt\/wp-content\/uploads\/2025\/05\/sds-max.jpg\" alt=\"\" width=\"305\" height=\"382\" srcset=\"https:\/\/www.globaltools.pt\/wp-content\/uploads\/2025\/05\/sds-max.jpg 1135w, https:\/\/www.globaltools.pt\/wp-content\/uploads\/2025\/05\/sds-max-239x300.jpg 239w, https:\/\/www.globaltools.pt\/wp-content\/uploads\/2025\/05\/sds-max-639x800.jpg 639w, https:\/\/www.globaltools.pt\/wp-content\/uploads\/2025\/05\/sds-max-768x962.jpg 768w, https:\/\/www.globaltools.pt\/wp-content\/uploads\/2025\/05\/sds-max-430x539.jpg 430w, https:\/\/www.globaltools.pt\/wp-content\/uploads\/2025\/05\/sds-max-700x877.jpg 700w, https:\/\/www.globaltools.pt\/wp-content\/uploads\/2025\/05\/sds-max-150x188.jpg 150w\" sizes=\"(max-width: 305px) 100vw, 305px\" \/><\/p>\n<p>&nbsp;<\/p>\n<p>&nbsp;<\/p>\n","protected":false},"featured_media":18131,"template":"","meta":[],"product_brand":[],"product_cat":[37],"product_tag":[],"class_list":{"0":"post-16826","1":"product","2":"type-product","3":"status-publish","4":"has-post-thumbnail","6":"product_cat-brocas-ponteiros-escopros-sds-plus-e-max","8":"first","9":"instock","10":"shipping-taxable","11":"product-type-simple"},"yoast_head":"<!-- This site is optimized with the Yoast SEO plugin v26.7 - https:\/\/yoast.com\/wordpress\/plugins\/seo\/ -->\n<title>Broca SDS Max Broca SDS Max<\/title>\n<meta name=\"description\" content=\"Broca SDS Max com pastilhas em cruz carboneto de tungst\u00e9nio, 4 h\u00e9lices para r\u00e1pido escoamento, Encaixe SDS Max. DELTATOOLS\" \/>\n<meta name=\"robots\" content=\"index, follow, max-snippet:-1, max-image-preview:large, max-video-preview:-1\" \/>\n<link rel=\"canonical\" href=\"https:\/\/www.globaltools.pt\/produto\/broca-sds-max\/\" \/>\n<meta property=\"og:locale\" content=\"en_US\" \/>\n<meta property=\"og:type\" content=\"article\" \/>\n<meta property=\"og:title\" content=\"Broca SDS Max Broca SDS Max\" \/>\n<meta property=\"og:description\" content=\"Broca SDS Max com pastilhas em cruz carboneto de tungst\u00e9nio, 4 h\u00e9lices para r\u00e1pido escoamento, Encaixe SDS Max. DELTATOOLS\" \/>\n<meta property=\"og:url\" content=\"https:\/\/www.globaltools.pt\/produto\/broca-sds-max\/\" \/>\n<meta property=\"og:site_name\" content=\"GlobalTools\" \/>\n<meta property=\"article:modified_time\" content=\"2025-09-08T11:03:44+00:00\" \/>\n<meta property=\"og:image\" content=\"https:\/\/www.globaltools.pt\/wp-content\/uploads\/2025\/05\/broca-sds-max-2.jpg\" \/>\n\t<meta property=\"og:image:width\" content=\"952\" \/>\n\t<meta property=\"og:image:height\" content=\"952\" \/>\n\t<meta property=\"og:image:type\" content=\"image\/jpeg\" \/>\n<meta name=\"twitter:card\" content=\"summary_large_image\" \/>\n<meta name=\"twitter:label1\" content=\"Est. reading time\" \/>\n\t<meta name=\"twitter:data1\" content=\"1 minute\" \/>\n<script type=\"application\/ld+json\" class=\"yoast-schema-graph\">{\"@context\":\"https:\/\/schema.org\",\"@graph\":[{\"@type\":\"WebPage\",\"@id\":\"https:\/\/www.globaltools.pt\/produto\/broca-sds-max\/\",\"url\":\"https:\/\/www.globaltools.pt\/produto\/broca-sds-max\/\",\"name\":\"Broca SDS Max Broca SDS Max\",\"isPartOf\":{\"@id\":\"https:\/\/www.globaltools.pt\/#website\"},\"primaryImageOfPage\":{\"@id\":\"https:\/\/www.globaltools.pt\/produto\/broca-sds-max\/#primaryimage\"},\"image\":{\"@id\":\"https:\/\/www.globaltools.pt\/produto\/broca-sds-max\/#primaryimage\"},\"thumbnailUrl\":\"https:\/\/www.globaltools.pt\/wp-content\/uploads\/2025\/05\/broca-sds-max-2.jpg\",\"datePublished\":\"2025-05-08T08:12:09+00:00\",\"dateModified\":\"2025-09-08T11:03:44+00:00\",\"description\":\"Broca SDS Max com pastilhas em cruz carboneto de tungst\u00e9nio, 4 h\u00e9lices para r\u00e1pido escoamento, Encaixe SDS Max. DELTATOOLS\",\"breadcrumb\":{\"@id\":\"https:\/\/www.globaltools.pt\/produto\/broca-sds-max\/#breadcrumb\"},\"inLanguage\":\"en-US\",\"potentialAction\":[{\"@type\":\"ReadAction\",\"target\":[\"https:\/\/www.globaltools.pt\/produto\/broca-sds-max\/\"]}]},{\"@type\":\"ImageObject\",\"inLanguage\":\"en-US\",\"@id\":\"https:\/\/www.globaltools.pt\/produto\/broca-sds-max\/#primaryimage\",\"url\":\"https:\/\/www.globaltools.pt\/wp-content\/uploads\/2025\/05\/broca-sds-max-2.jpg\",\"contentUrl\":\"https:\/\/www.globaltools.pt\/wp-content\/uploads\/2025\/05\/broca-sds-max-2.jpg\",\"width\":952,\"height\":952},{\"@type\":\"BreadcrumbList\",\"@id\":\"https:\/\/www.globaltools.pt\/produto\/broca-sds-max\/#breadcrumb\",\"itemListElement\":[{\"@type\":\"ListItem\",\"position\":1,\"name\":\"In\u00edcio\",\"item\":\"https:\/\/www.globaltools.pt\/\"},{\"@type\":\"ListItem\",\"position\":2,\"name\":\"Shop\",\"item\":\"https:\/\/www.globaltools.pt\/en\/shop\/\"},{\"@type\":\"ListItem\",\"position\":3,\"name\":\"Broca SDS Max\"}]},{\"@type\":\"WebSite\",\"@id\":\"https:\/\/www.globaltools.pt\/#website\",\"url\":\"https:\/\/www.globaltools.pt\/\",\"name\":\"Globaltools\",\"description\":\"\",\"publisher\":{\"@id\":\"https:\/\/www.globaltools.pt\/#organization\"},\"potentialAction\":[{\"@type\":\"SearchAction\",\"target\":{\"@type\":\"EntryPoint\",\"urlTemplate\":\"https:\/\/www.globaltools.pt\/?s={search_term_string}\"},\"query-input\":{\"@type\":\"PropertyValueSpecification\",\"valueRequired\":true,\"valueName\":\"search_term_string\"}}],\"inLanguage\":\"en-US\"},{\"@type\":\"Organization\",\"@id\":\"https:\/\/www.globaltools.pt\/#organization\",\"name\":\"Globaltools\",\"url\":\"https:\/\/www.globaltools.pt\/\",\"logo\":{\"@type\":\"ImageObject\",\"inLanguage\":\"en-US\",\"@id\":\"https:\/\/www.globaltools.pt\/#\/schema\/logo\/image\/\",\"url\":\"https:\/\/www.globaltools.pt\/wp-content\/uploads\/2025\/05\/DELTATOOLS-LOGO.jpg\",\"contentUrl\":\"https:\/\/www.globaltools.pt\/wp-content\/uploads\/2025\/05\/DELTATOOLS-LOGO.jpg\",\"width\":542,\"height\":120,\"caption\":\"Globaltools\"},\"image\":{\"@id\":\"https:\/\/www.globaltools.pt\/#\/schema\/logo\/image\/\"}}]}<\/script>\n<!-- \/ Yoast SEO plugin. -->","yoast_head_json":{"title":"Broca SDS Max Broca SDS Max","description":"Broca SDS Max com pastilhas em cruz carboneto de tungst\u00e9nio, 4 h\u00e9lices para r\u00e1pido escoamento, Encaixe SDS Max. DELTATOOLS","robots":{"index":"index","follow":"follow","max-snippet":"max-snippet:-1","max-image-preview":"max-image-preview:large","max-video-preview":"max-video-preview:-1"},"canonical":"https:\/\/www.globaltools.pt\/produto\/broca-sds-max\/","og_locale":"en_US","og_type":"article","og_title":"Broca SDS Max Broca SDS Max","og_description":"Broca SDS Max com pastilhas em cruz carboneto de tungst\u00e9nio, 4 h\u00e9lices para r\u00e1pido escoamento, Encaixe SDS Max. DELTATOOLS","og_url":"https:\/\/www.globaltools.pt\/produto\/broca-sds-max\/","og_site_name":"GlobalTools","article_modified_time":"2025-09-08T11:03:44+00:00","og_image":[{"width":952,"height":952,"url":"https:\/\/www.globaltools.pt\/wp-content\/uploads\/2025\/05\/broca-sds-max-2.jpg","type":"image\/jpeg"}],"twitter_card":"summary_large_image","twitter_misc":{"Est. reading time":"1 minute"},"schema":{"@context":"https:\/\/schema.org","@graph":[{"@type":"WebPage","@id":"https:\/\/www.globaltools.pt\/produto\/broca-sds-max\/","url":"https:\/\/www.globaltools.pt\/produto\/broca-sds-max\/","name":"Broca SDS Max Broca SDS Max","isPartOf":{"@id":"https:\/\/www.globaltools.pt\/#website"},"primaryImageOfPage":{"@id":"https:\/\/www.globaltools.pt\/produto\/broca-sds-max\/#primaryimage"},"image":{"@id":"https:\/\/www.globaltools.pt\/produto\/broca-sds-max\/#primaryimage"},"thumbnailUrl":"https:\/\/www.globaltools.pt\/wp-content\/uploads\/2025\/05\/broca-sds-max-2.jpg","datePublished":"2025-05-08T08:12:09+00:00","dateModified":"2025-09-08T11:03:44+00:00","description":"Broca SDS Max com pastilhas em cruz carboneto de tungst\u00e9nio, 4 h\u00e9lices para r\u00e1pido escoamento, Encaixe SDS Max. DELTATOOLS","breadcrumb":{"@id":"https:\/\/www.globaltools.pt\/produto\/broca-sds-max\/#breadcrumb"},"inLanguage":"en-US","potentialAction":[{"@type":"ReadAction","target":["https:\/\/www.globaltools.pt\/produto\/broca-sds-max\/"]}]},{"@type":"ImageObject","inLanguage":"en-US","@id":"https:\/\/www.globaltools.pt\/produto\/broca-sds-max\/#primaryimage","url":"https:\/\/www.globaltools.pt\/wp-content\/uploads\/2025\/05\/broca-sds-max-2.jpg","contentUrl":"https:\/\/www.globaltools.pt\/wp-content\/uploads\/2025\/05\/broca-sds-max-2.jpg","width":952,"height":952},{"@type":"BreadcrumbList","@id":"https:\/\/www.globaltools.pt\/produto\/broca-sds-max\/#breadcrumb","itemListElement":[{"@type":"ListItem","position":1,"name":"In\u00edcio","item":"https:\/\/www.globaltools.pt\/"},{"@type":"ListItem","position":2,"name":"Shop","item":"https:\/\/www.globaltools.pt\/en\/shop\/"},{"@type":"ListItem","position":3,"name":"Broca SDS Max"}]},{"@type":"WebSite","@id":"https:\/\/www.globaltools.pt\/#website","url":"https:\/\/www.globaltools.pt\/","name":"Globaltools","description":"","publisher":{"@id":"https:\/\/www.globaltools.pt\/#organization"},"potentialAction":[{"@type":"SearchAction","target":{"@type":"EntryPoint","urlTemplate":"https:\/\/www.globaltools.pt\/?s={search_term_string}"},"query-input":{"@type":"PropertyValueSpecification","valueRequired":true,"valueName":"search_term_string"}}],"inLanguage":"en-US"},{"@type":"Organization","@id":"https:\/\/www.globaltools.pt\/#organization","name":"Globaltools","url":"https:\/\/www.globaltools.pt\/","logo":{"@type":"ImageObject","inLanguage":"en-US","@id":"https:\/\/www.globaltools.pt\/#\/schema\/logo\/image\/","url":"https:\/\/www.globaltools.pt\/wp-content\/uploads\/2025\/05\/DELTATOOLS-LOGO.jpg","contentUrl":"https:\/\/www.globaltools.pt\/wp-content\/uploads\/2025\/05\/DELTATOOLS-LOGO.jpg","width":542,"height":120,"caption":"Globaltools"},"image":{"@id":"https:\/\/www.globaltools.pt\/#\/schema\/logo\/image\/"}}]}},"_links":{"self":[{"href":"https:\/\/www.globaltools.pt\/en\/wp-json\/wp\/v2\/product\/16826","targetHints":{"allow":["GET"]}}],"collection":[{"href":"https:\/\/www.globaltools.pt\/en\/wp-json\/wp\/v2\/product"}],"about":[{"href":"https:\/\/www.globaltools.pt\/en\/wp-json\/wp\/v2\/types\/product"}],"version-history":[{"count":17,"href":"https:\/\/www.globaltools.pt\/en\/wp-json\/wp\/v2\/product\/16826\/revisions"}],"predecessor-version":[{"id":19630,"href":"https:\/\/www.globaltools.pt\/en\/wp-json\/wp\/v2\/product\/16826\/revisions\/19630"}],"wp:featuredmedia":[{"embeddable":true,"href":"https:\/\/www.globaltools.pt\/en\/wp-json\/wp\/v2\/media\/18131"}],"wp:attachment":[{"href":"https:\/\/www.globaltools.pt\/en\/wp-json\/wp\/v2\/media?parent=16826"}],"wp:term":[{"taxonomy":"product_brand","embeddable":true,"href":"https:\/\/www.globaltools.pt\/en\/wp-json\/wp\/v2\/product_brand?post=16826"},{"taxonomy":"product_cat","embeddable":true,"href":"https:\/\/www.globaltools.pt\/en\/wp-json\/wp\/v2\/product_cat?post=16826"},{"taxonomy":"product_tag","embeddable":true,"href":"https:\/\/www.globaltools.pt\/en\/wp-json\/wp\/v2\/product_tag?post=16826"}],"curies":[{"name":"wp","href":"https:\/\/api.w.org\/{rel}","templated":true}]}}