{"id":16836,"date":"2025-05-08T08:18:14","date_gmt":"2025-05-08T08:18:14","guid":{"rendered":"https:\/\/www.globaltools.pt\/?post_type=product&#038;p=16836"},"modified":"2025-09-08T13:02:33","modified_gmt":"2025-09-08T13:02:33","slug":"broca-multimaterial","status":"publish","type":"product","link":"https:\/\/www.globaltools.pt\/en\/produto\/broca-multimaterial\/","title":{"rendered":"Broca Multimaterial"},"content":{"rendered":"\t\t<div data-elementor-type=\"product-post\" data-elementor-id=\"16836\" class=\"elementor elementor-16836\" data-elementor-post-type=\"product\">\n\t\t\t\t<div class=\"wd-negative-gap elementor-element elementor-element-9196392 e-grid e-con-boxed e-con e-parent\" data-id=\"9196392\" data-element_type=\"container\">\n\t\t\t\t\t<div class=\"e-con-inner\">\n\t\t\t\t<div class=\"elementor-element elementor-element-69ff81c elementor-widget elementor-widget-wd_text_block\" data-id=\"69ff81c\" data-element_type=\"widget\" data-widget_type=\"wd_text_block.default\">\n\t\t\t\t<div class=\"elementor-widget-container\">\n\t\t\t\t\t\t\t<div class=\"wd-text-block reset-last-child text-left\">\n\t\t\t\n\t\t\t<table border=\"0\" cellspacing=\"0\"><colgroup width=\"1160\"><\/colgroup><tbody><tr><td align=\"left\" valign=\"bottom\" height=\"18\"><p>\u00a0<\/p><p>\u00a0<\/p><p><span style=\"color: #000000;\">Brocas multimaterial DELTATOOLS <\/span><\/p><ul><li><span style=\"color: #000000;\">Ponta triangular de \u00e2ngulo de 115\u00ba centraliza a broca com facilidade permitindo perfura\u00e7\u00f5es r\u00e1pidas numa ampla gama de materiais.\u00a0<\/span><\/li><li><span style=\"color: #000000;\"> TCT \u2013 Carboneto de tungst\u00e9nio que \u00e9 um material robusto que promove cortes mais r\u00e1pidos e uma vida \u00fatil 4x mais longa \u2013 HRC 93. <\/span><\/li><li><span style=\"color: #000000;\">Espiral dupla em U que permite perfura\u00e7\u00f5es suaves que divide o escoamento dos res\u00edduos. O seu formato em U permite que a broca solte livremente os detritos, rentabilizando o tempo de trabalho. <\/span><\/li><li><span style=\"color: #000000;\">A\u00e7o especial material 40cr de alta qualidade com tratamento t\u00e9rmico. Grande resist\u00eancia ao impacto e ao desgaste. <\/span><\/li><li><span style=\"color: #000000;\">Haste triangular garante mais estabilidade e evita o desgaste interior da bucha.<\/span><\/li><\/ul><\/td><\/tr><\/tbody><\/table>\n\t\t\t\t\t<\/div>\n\t\t\t\t\t\t<\/div>\n\t\t\t\t<\/div>\n\t\t\t\t<div class=\"elementor-element elementor-element-146f0f3 elementor-widget elementor-widget-wd_image_or_svg\" data-id=\"146f0f3\" data-element_type=\"widget\" data-widget_type=\"wd_image_or_svg.default\">\n\t\t\t\t<div class=\"elementor-widget-container\">\n\t\t\t\t\t\n\t\t<div class=\"wd-image text-left\">\n\t\t\t\t\t\t\t\t<img fetchpriority=\"high\" decoding=\"async\" width=\"1200\" height=\"1200\" src=\"https:\/\/www.globaltools.pt\/wp-content\/uploads\/2025\/05\/19-BROCA-MULTIMATERIAL-1.jpg\" class=\"attachment-full size-full\" alt=\"\" srcset=\"https:\/\/www.globaltools.pt\/wp-content\/uploads\/2025\/05\/19-BROCA-MULTIMATERIAL-1.jpg 1200w, https:\/\/www.globaltools.pt\/wp-content\/uploads\/2025\/05\/19-BROCA-MULTIMATERIAL-1-300x300.jpg 300w, https:\/\/www.globaltools.pt\/wp-content\/uploads\/2025\/05\/19-BROCA-MULTIMATERIAL-1-800x800.jpg 800w, https:\/\/www.globaltools.pt\/wp-content\/uploads\/2025\/05\/19-BROCA-MULTIMATERIAL-1-150x150.jpg 150w, https:\/\/www.globaltools.pt\/wp-content\/uploads\/2025\/05\/19-BROCA-MULTIMATERIAL-1-768x768.jpg 768w, https:\/\/www.globaltools.pt\/wp-content\/uploads\/2025\/05\/19-BROCA-MULTIMATERIAL-1-430x430.jpg 430w, https:\/\/www.globaltools.pt\/wp-content\/uploads\/2025\/05\/19-BROCA-MULTIMATERIAL-1-700x700.jpg 700w\" sizes=\"(max-width: 1200px) 100vw, 1200px\" \/>\t\t\t\t\t<\/div>\n\n\t\t\t\t\t\t<\/div>\n\t\t\t\t<\/div>\n\t\t\t\t\t<\/div>\n\t\t\t\t<\/div>\n\t\t\t\t<\/div>\n\t\t","protected":false},"excerpt":{"rendered":"<p><span style=\"color: #000000;\"><img decoding=\"async\" class=\"alignnone wp-image-17863\" src=\"https:\/\/www.globaltools.pt\/wp-content\/uploads\/2025\/05\/DELTATOOLS-LOGO-400x89.jpg\" alt=\"\" width=\"153\" height=\"34\" srcset=\"https:\/\/www.globaltools.pt\/wp-content\/uploads\/2025\/05\/DELTATOOLS-LOGO-400x89.jpg 400w, https:\/\/www.globaltools.pt\/wp-content\/uploads\/2025\/05\/DELTATOOLS-LOGO-430x95.jpg 430w, https:\/\/www.globaltools.pt\/wp-content\/uploads\/2025\/05\/DELTATOOLS-LOGO-150x33.jpg 150w, https:\/\/www.globaltools.pt\/wp-content\/uploads\/2025\/05\/DELTATOOLS-LOGO.jpg 542w\" sizes=\"(max-width: 153px) 100vw, 153px\" \/><\/span><\/p>\n<p><span style=\"color: #000000;\">Brocas multimaterial com grande amplitude de utiliza\u00e7\u00e3o, podem ser usadas em <strong>metal, m\u00e1rmore, granito, alum\u00ednio, pl\u00e1stico, bet\u00e3o, tijolo e madeira.<\/strong><\/span><\/p>\n<p><img decoding=\"async\" class=\"alignnone wp-image-19633 size-full\" src=\"https:\/\/www.globaltools.pt\/wp-content\/uploads\/2025\/05\/TAB-B-MULTIMATERIAL.png\" alt=\"\" width=\"502\" height=\"297\" srcset=\"https:\/\/www.globaltools.pt\/wp-content\/uploads\/2025\/05\/TAB-B-MULTIMATERIAL.png 502w, https:\/\/www.globaltools.pt\/wp-content\/uploads\/2025\/05\/TAB-B-MULTIMATERIAL-400x237.png 400w, https:\/\/www.globaltools.pt\/wp-content\/uploads\/2025\/05\/TAB-B-MULTIMATERIAL-430x254.png 430w, https:\/\/www.globaltools.pt\/wp-content\/uploads\/2025\/05\/TAB-B-MULTIMATERIAL-150x89.png 150w\" sizes=\"(max-width: 502px) 100vw, 502px\" \/>\u00a0 \u00a0 \u00a0 \u00a0\u00a0<img loading=\"lazy\" decoding=\"async\" class=\"alignnone wp-image-16988\" src=\"https:\/\/www.globaltools.pt\/wp-content\/uploads\/2025\/05\/multimaterial-132x300.jpg\" alt=\"\" width=\"125\" height=\"284\" srcset=\"https:\/\/www.globaltools.pt\/wp-content\/uploads\/2025\/05\/multimaterial-132x300.jpg 132w, https:\/\/www.globaltools.pt\/wp-content\/uploads\/2025\/05\/multimaterial-351x800.jpg 351w, https:\/\/www.globaltools.pt\/wp-content\/uploads\/2025\/05\/multimaterial-430x979.jpg 430w, https:\/\/www.globaltools.pt\/wp-content\/uploads\/2025\/05\/multimaterial-150x341.jpg 150w, https:\/\/www.globaltools.pt\/wp-content\/uploads\/2025\/05\/multimaterial.jpg 529w\" sizes=\"(max-width: 125px) 100vw, 125px\" \/><\/p>\n","protected":false},"featured_media":18129,"template":"","meta":[],"product_brand":[],"product_cat":[46],"product_tag":[],"class_list":{"0":"post-16836","1":"product","2":"type-product","3":"status-publish","4":"has-post-thumbnail","6":"product_cat-brocas-escalonadas-cobalto-e-multimaterial","8":"first","9":"instock","10":"shipping-taxable","11":"product-type-simple"},"yoast_head":"<!-- This site is optimized with the Yoast SEO plugin v26.7 - https:\/\/yoast.com\/wordpress\/plugins\/seo\/ -->\n<title>Broca Multimaterial Broca multimaterial<\/title>\n<meta name=\"description\" content=\"Broca multimaterial com grande amplitude de utiliza\u00e7\u00e3o, podem ser usadas em metal, m\u00e1rmore, granito, alum\u00ednio, pl\u00e1stico, bet\u00e3o, tijolo e madeira.\" \/>\n<meta name=\"robots\" content=\"index, follow, max-snippet:-1, max-image-preview:large, max-video-preview:-1\" \/>\n<link rel=\"canonical\" href=\"https:\/\/www.globaltools.pt\/produto\/broca-multimaterial\/\" \/>\n<meta property=\"og:locale\" content=\"en_US\" \/>\n<meta property=\"og:type\" content=\"article\" \/>\n<meta property=\"og:title\" content=\"Broca Multimaterial Broca multimaterial\" \/>\n<meta property=\"og:description\" content=\"Broca multimaterial com grande amplitude de utiliza\u00e7\u00e3o, podem ser usadas em metal, m\u00e1rmore, granito, alum\u00ednio, pl\u00e1stico, bet\u00e3o, tijolo e madeira.\" \/>\n<meta property=\"og:url\" content=\"https:\/\/www.globaltools.pt\/produto\/broca-multimaterial\/\" \/>\n<meta property=\"og:site_name\" content=\"GlobalTools\" \/>\n<meta property=\"article:modified_time\" content=\"2025-09-08T13:02:33+00:00\" \/>\n<meta property=\"og:image\" content=\"https:\/\/www.globaltools.pt\/wp-content\/uploads\/2025\/05\/broca-multimaterial-2.jpg\" \/>\n\t<meta property=\"og:image:width\" content=\"952\" \/>\n\t<meta property=\"og:image:height\" content=\"952\" \/>\n\t<meta property=\"og:image:type\" content=\"image\/jpeg\" \/>\n<meta name=\"twitter:card\" content=\"summary_large_image\" \/>\n<meta name=\"twitter:label1\" content=\"Est. reading time\" \/>\n\t<meta name=\"twitter:data1\" content=\"1 minute\" \/>\n<script type=\"application\/ld+json\" class=\"yoast-schema-graph\">{\"@context\":\"https:\/\/schema.org\",\"@graph\":[{\"@type\":\"WebPage\",\"@id\":\"https:\/\/www.globaltools.pt\/produto\/broca-multimaterial\/\",\"url\":\"https:\/\/www.globaltools.pt\/produto\/broca-multimaterial\/\",\"name\":\"Broca Multimaterial Broca multimaterial\",\"isPartOf\":{\"@id\":\"https:\/\/www.globaltools.pt\/#website\"},\"primaryImageOfPage\":{\"@id\":\"https:\/\/www.globaltools.pt\/produto\/broca-multimaterial\/#primaryimage\"},\"image\":{\"@id\":\"https:\/\/www.globaltools.pt\/produto\/broca-multimaterial\/#primaryimage\"},\"thumbnailUrl\":\"https:\/\/www.globaltools.pt\/wp-content\/uploads\/2025\/05\/broca-multimaterial-2.jpg\",\"datePublished\":\"2025-05-08T08:18:14+00:00\",\"dateModified\":\"2025-09-08T13:02:33+00:00\",\"description\":\"Broca multimaterial com grande amplitude de utiliza\u00e7\u00e3o, podem ser usadas em metal, m\u00e1rmore, granito, alum\u00ednio, pl\u00e1stico, bet\u00e3o, tijolo e madeira.\",\"breadcrumb\":{\"@id\":\"https:\/\/www.globaltools.pt\/produto\/broca-multimaterial\/#breadcrumb\"},\"inLanguage\":\"en-US\",\"potentialAction\":[{\"@type\":\"ReadAction\",\"target\":[\"https:\/\/www.globaltools.pt\/produto\/broca-multimaterial\/\"]}]},{\"@type\":\"ImageObject\",\"inLanguage\":\"en-US\",\"@id\":\"https:\/\/www.globaltools.pt\/produto\/broca-multimaterial\/#primaryimage\",\"url\":\"https:\/\/www.globaltools.pt\/wp-content\/uploads\/2025\/05\/broca-multimaterial-2.jpg\",\"contentUrl\":\"https:\/\/www.globaltools.pt\/wp-content\/uploads\/2025\/05\/broca-multimaterial-2.jpg\",\"width\":952,\"height\":952},{\"@type\":\"BreadcrumbList\",\"@id\":\"https:\/\/www.globaltools.pt\/produto\/broca-multimaterial\/#breadcrumb\",\"itemListElement\":[{\"@type\":\"ListItem\",\"position\":1,\"name\":\"In\u00edcio\",\"item\":\"https:\/\/www.globaltools.pt\/\"},{\"@type\":\"ListItem\",\"position\":2,\"name\":\"Shop\",\"item\":\"https:\/\/www.globaltools.pt\/en\/shop\/\"},{\"@type\":\"ListItem\",\"position\":3,\"name\":\"Broca Multimaterial\"}]},{\"@type\":\"WebSite\",\"@id\":\"https:\/\/www.globaltools.pt\/#website\",\"url\":\"https:\/\/www.globaltools.pt\/\",\"name\":\"Globaltools\",\"description\":\"\",\"publisher\":{\"@id\":\"https:\/\/www.globaltools.pt\/#organization\"},\"potentialAction\":[{\"@type\":\"SearchAction\",\"target\":{\"@type\":\"EntryPoint\",\"urlTemplate\":\"https:\/\/www.globaltools.pt\/?s={search_term_string}\"},\"query-input\":{\"@type\":\"PropertyValueSpecification\",\"valueRequired\":true,\"valueName\":\"search_term_string\"}}],\"inLanguage\":\"en-US\"},{\"@type\":\"Organization\",\"@id\":\"https:\/\/www.globaltools.pt\/#organization\",\"name\":\"Globaltools\",\"url\":\"https:\/\/www.globaltools.pt\/\",\"logo\":{\"@type\":\"ImageObject\",\"inLanguage\":\"en-US\",\"@id\":\"https:\/\/www.globaltools.pt\/#\/schema\/logo\/image\/\",\"url\":\"https:\/\/www.globaltools.pt\/wp-content\/uploads\/2025\/05\/DELTATOOLS-LOGO.jpg\",\"contentUrl\":\"https:\/\/www.globaltools.pt\/wp-content\/uploads\/2025\/05\/DELTATOOLS-LOGO.jpg\",\"width\":542,\"height\":120,\"caption\":\"Globaltools\"},\"image\":{\"@id\":\"https:\/\/www.globaltools.pt\/#\/schema\/logo\/image\/\"}}]}<\/script>\n<!-- \/ Yoast SEO plugin. -->","yoast_head_json":{"title":"Broca Multimaterial Broca multimaterial","description":"Broca multimaterial com grande amplitude de utiliza\u00e7\u00e3o, podem ser usadas em metal, m\u00e1rmore, granito, alum\u00ednio, pl\u00e1stico, bet\u00e3o, tijolo e madeira.","robots":{"index":"index","follow":"follow","max-snippet":"max-snippet:-1","max-image-preview":"max-image-preview:large","max-video-preview":"max-video-preview:-1"},"canonical":"https:\/\/www.globaltools.pt\/produto\/broca-multimaterial\/","og_locale":"en_US","og_type":"article","og_title":"Broca Multimaterial Broca multimaterial","og_description":"Broca multimaterial com grande amplitude de utiliza\u00e7\u00e3o, podem ser usadas em metal, m\u00e1rmore, granito, alum\u00ednio, pl\u00e1stico, bet\u00e3o, tijolo e madeira.","og_url":"https:\/\/www.globaltools.pt\/produto\/broca-multimaterial\/","og_site_name":"GlobalTools","article_modified_time":"2025-09-08T13:02:33+00:00","og_image":[{"width":952,"height":952,"url":"https:\/\/www.globaltools.pt\/wp-content\/uploads\/2025\/05\/broca-multimaterial-2.jpg","type":"image\/jpeg"}],"twitter_card":"summary_large_image","twitter_misc":{"Est. reading time":"1 minute"},"schema":{"@context":"https:\/\/schema.org","@graph":[{"@type":"WebPage","@id":"https:\/\/www.globaltools.pt\/produto\/broca-multimaterial\/","url":"https:\/\/www.globaltools.pt\/produto\/broca-multimaterial\/","name":"Broca Multimaterial Broca multimaterial","isPartOf":{"@id":"https:\/\/www.globaltools.pt\/#website"},"primaryImageOfPage":{"@id":"https:\/\/www.globaltools.pt\/produto\/broca-multimaterial\/#primaryimage"},"image":{"@id":"https:\/\/www.globaltools.pt\/produto\/broca-multimaterial\/#primaryimage"},"thumbnailUrl":"https:\/\/www.globaltools.pt\/wp-content\/uploads\/2025\/05\/broca-multimaterial-2.jpg","datePublished":"2025-05-08T08:18:14+00:00","dateModified":"2025-09-08T13:02:33+00:00","description":"Broca multimaterial com grande amplitude de utiliza\u00e7\u00e3o, podem ser usadas em metal, m\u00e1rmore, granito, alum\u00ednio, pl\u00e1stico, bet\u00e3o, tijolo e madeira.","breadcrumb":{"@id":"https:\/\/www.globaltools.pt\/produto\/broca-multimaterial\/#breadcrumb"},"inLanguage":"en-US","potentialAction":[{"@type":"ReadAction","target":["https:\/\/www.globaltools.pt\/produto\/broca-multimaterial\/"]}]},{"@type":"ImageObject","inLanguage":"en-US","@id":"https:\/\/www.globaltools.pt\/produto\/broca-multimaterial\/#primaryimage","url":"https:\/\/www.globaltools.pt\/wp-content\/uploads\/2025\/05\/broca-multimaterial-2.jpg","contentUrl":"https:\/\/www.globaltools.pt\/wp-content\/uploads\/2025\/05\/broca-multimaterial-2.jpg","width":952,"height":952},{"@type":"BreadcrumbList","@id":"https:\/\/www.globaltools.pt\/produto\/broca-multimaterial\/#breadcrumb","itemListElement":[{"@type":"ListItem","position":1,"name":"In\u00edcio","item":"https:\/\/www.globaltools.pt\/"},{"@type":"ListItem","position":2,"name":"Shop","item":"https:\/\/www.globaltools.pt\/en\/shop\/"},{"@type":"ListItem","position":3,"name":"Broca Multimaterial"}]},{"@type":"WebSite","@id":"https:\/\/www.globaltools.pt\/#website","url":"https:\/\/www.globaltools.pt\/","name":"Globaltools","description":"","publisher":{"@id":"https:\/\/www.globaltools.pt\/#organization"},"potentialAction":[{"@type":"SearchAction","target":{"@type":"EntryPoint","urlTemplate":"https:\/\/www.globaltools.pt\/?s={search_term_string}"},"query-input":{"@type":"PropertyValueSpecification","valueRequired":true,"valueName":"search_term_string"}}],"inLanguage":"en-US"},{"@type":"Organization","@id":"https:\/\/www.globaltools.pt\/#organization","name":"Globaltools","url":"https:\/\/www.globaltools.pt\/","logo":{"@type":"ImageObject","inLanguage":"en-US","@id":"https:\/\/www.globaltools.pt\/#\/schema\/logo\/image\/","url":"https:\/\/www.globaltools.pt\/wp-content\/uploads\/2025\/05\/DELTATOOLS-LOGO.jpg","contentUrl":"https:\/\/www.globaltools.pt\/wp-content\/uploads\/2025\/05\/DELTATOOLS-LOGO.jpg","width":542,"height":120,"caption":"Globaltools"},"image":{"@id":"https:\/\/www.globaltools.pt\/#\/schema\/logo\/image\/"}}]}},"_links":{"self":[{"href":"https:\/\/www.globaltools.pt\/en\/wp-json\/wp\/v2\/product\/16836","targetHints":{"allow":["GET"]}}],"collection":[{"href":"https:\/\/www.globaltools.pt\/en\/wp-json\/wp\/v2\/product"}],"about":[{"href":"https:\/\/www.globaltools.pt\/en\/wp-json\/wp\/v2\/types\/product"}],"version-history":[{"count":17,"href":"https:\/\/www.globaltools.pt\/en\/wp-json\/wp\/v2\/product\/16836\/revisions"}],"predecessor-version":[{"id":19631,"href":"https:\/\/www.globaltools.pt\/en\/wp-json\/wp\/v2\/product\/16836\/revisions\/19631"}],"wp:featuredmedia":[{"embeddable":true,"href":"https:\/\/www.globaltools.pt\/en\/wp-json\/wp\/v2\/media\/18129"}],"wp:attachment":[{"href":"https:\/\/www.globaltools.pt\/en\/wp-json\/wp\/v2\/media?parent=16836"}],"wp:term":[{"taxonomy":"product_brand","embeddable":true,"href":"https:\/\/www.globaltools.pt\/en\/wp-json\/wp\/v2\/product_brand?post=16836"},{"taxonomy":"product_cat","embeddable":true,"href":"https:\/\/www.globaltools.pt\/en\/wp-json\/wp\/v2\/product_cat?post=16836"},{"taxonomy":"product_tag","embeddable":true,"href":"https:\/\/www.globaltools.pt\/en\/wp-json\/wp\/v2\/product_tag?post=16836"}],"curies":[{"name":"wp","href":"https:\/\/api.w.org\/{rel}","templated":true}]}}