{"id":16941,"date":"2025-05-08T09:52:52","date_gmt":"2025-05-08T09:52:52","guid":{"rendered":"https:\/\/www.globaltools.pt\/?post_type=product&#038;p=16941"},"modified":"2025-09-10T08:39:32","modified_gmt":"2025-09-10T08:39:32","slug":"rolo-de-fita-inox","status":"publish","type":"product","link":"https:\/\/www.globaltools.pt\/en\/produto\/rolo-de-fita-inox\/","title":{"rendered":"Rolo de Fita Inox"},"content":{"rendered":"\t\t<div data-elementor-type=\"product-post\" data-elementor-id=\"16941\" class=\"elementor elementor-16941\" data-elementor-post-type=\"product\">\n\t\t\t\t<div class=\"wd-negative-gap elementor-element elementor-element-9196392 e-grid e-con-boxed e-con e-parent\" data-id=\"9196392\" data-element_type=\"container\">\n\t\t\t\t\t<div class=\"e-con-inner\">\n\t\t\t\t<div class=\"elementor-element elementor-element-69ff81c elementor-widget elementor-widget-wd_text_block\" data-id=\"69ff81c\" data-element_type=\"widget\" data-widget_type=\"wd_text_block.default\">\n\t\t\t\t<div class=\"elementor-widget-container\">\n\t\t\t\t\t\t\t<div class=\"wd-text-block reset-last-child text-left\">\n\t\t\t\n\t\t\t<table border=\"0\" cellspacing=\"0\"><colgroup width=\"1160\"><\/colgroup><tbody><tr><td align=\"left\" valign=\"bottom\" height=\"18\"><p>\u00a0<\/p><p>\u00a0<\/p><p>\u00a0<\/p><p><span style=\"color: #000000;\">Rolos de fita Inox DELTATOOLS <\/span><\/p><ul><li><span style=\"color: #000000;\">Fita inox em metal 1.4310 com alto teor de Cobalto que garante grande resist\u00eancia \u00e0 temperatura e \u00e0 tra\u00e7\u00e3o. <\/span><\/li><li><span style=\"color: #000000;\">Ideal para efetuar esmerilamento de esquadrias em tubos planos de a\u00e7o inoxid\u00e1vel.<\/span><\/li><\/ul><\/td><\/tr><\/tbody><\/table>\n\t\t\t\t\t<\/div>\n\t\t\t\t\t\t<\/div>\n\t\t\t\t<\/div>\n\t\t\t\t<div class=\"elementor-element elementor-element-146f0f3 elementor-widget elementor-widget-wd_image_or_svg\" data-id=\"146f0f3\" data-element_type=\"widget\" data-widget_type=\"wd_image_or_svg.default\">\n\t\t\t\t<div class=\"elementor-widget-container\">\n\t\t\t\t\t\n\t\t<div class=\"wd-image text-left\">\n\t\t\t\t\t\t\t\t<img fetchpriority=\"high\" decoding=\"async\" width=\"1200\" height=\"1200\" src=\"https:\/\/www.globaltools.pt\/wp-content\/uploads\/2025\/05\/39-FITA-INOX-1.jpg\" class=\"attachment-full size-full\" alt=\"\" srcset=\"https:\/\/www.globaltools.pt\/wp-content\/uploads\/2025\/05\/39-FITA-INOX-1.jpg 1200w, https:\/\/www.globaltools.pt\/wp-content\/uploads\/2025\/05\/39-FITA-INOX-1-300x300.jpg 300w, https:\/\/www.globaltools.pt\/wp-content\/uploads\/2025\/05\/39-FITA-INOX-1-800x800.jpg 800w, https:\/\/www.globaltools.pt\/wp-content\/uploads\/2025\/05\/39-FITA-INOX-1-150x150.jpg 150w, https:\/\/www.globaltools.pt\/wp-content\/uploads\/2025\/05\/39-FITA-INOX-1-768x768.jpg 768w, https:\/\/www.globaltools.pt\/wp-content\/uploads\/2025\/05\/39-FITA-INOX-1-430x430.jpg 430w, https:\/\/www.globaltools.pt\/wp-content\/uploads\/2025\/05\/39-FITA-INOX-1-700x700.jpg 700w\" sizes=\"(max-width: 1200px) 100vw, 1200px\" \/>\t\t\t\t\t<\/div>\n\n\t\t\t\t\t\t<\/div>\n\t\t\t\t<\/div>\n\t\t\t\t\t<\/div>\n\t\t\t\t<\/div>\n\t\t\t\t<\/div>\n\t\t","protected":false},"excerpt":{"rendered":"<table border=\"0\" cellspacing=\"0\">\n<colgroup width=\"1126\"><\/colgroup>\n<tbody>\n<tr>\n<td align=\"left\" valign=\"bottom\" height=\"18\"><span style=\"color: #000000;\"><img decoding=\"async\" class=\"alignnone wp-image-17863\" src=\"https:\/\/www.globaltools.pt\/wp-content\/uploads\/2025\/05\/DELTATOOLS-LOGO-400x89.jpg\" alt=\"\" width=\"153\" height=\"34\" srcset=\"https:\/\/www.globaltools.pt\/wp-content\/uploads\/2025\/05\/DELTATOOLS-LOGO-400x89.jpg 400w, https:\/\/www.globaltools.pt\/wp-content\/uploads\/2025\/05\/DELTATOOLS-LOGO-430x95.jpg 430w, https:\/\/www.globaltools.pt\/wp-content\/uploads\/2025\/05\/DELTATOOLS-LOGO-150x33.jpg 150w, https:\/\/www.globaltools.pt\/wp-content\/uploads\/2025\/05\/DELTATOOLS-LOGO.jpg 542w\" sizes=\"(max-width: 153px) 100vw, 153px\" \/><\/span><\/p>\n<p><span style=\"color: #000000;\">Rolo de fita inox ideal para esmerilamento em esquadrias de tubos planos em<strong> a\u00e7o inoxid\u00e1vel<\/strong>. Alto teor em <strong>Cobalto<\/strong> que d\u00e1 resist\u00eancia \u00e0 temperatura, \u00e0 tra\u00e7\u00e3o e \u00e0 corros\u00e3o.<\/span><\/p>\n<p><img decoding=\"async\" class=\"alignnone wp-image-19804 size-full\" src=\"https:\/\/www.globaltools.pt\/wp-content\/uploads\/2025\/05\/TAB-FITA-INOX.png\" alt=\"\" width=\"501\" height=\"88\" srcset=\"https:\/\/www.globaltools.pt\/wp-content\/uploads\/2025\/05\/TAB-FITA-INOX.png 501w, https:\/\/www.globaltools.pt\/wp-content\/uploads\/2025\/05\/TAB-FITA-INOX-400x70.png 400w, https:\/\/www.globaltools.pt\/wp-content\/uploads\/2025\/05\/TAB-FITA-INOX-430x76.png 430w, https:\/\/www.globaltools.pt\/wp-content\/uploads\/2025\/05\/TAB-FITA-INOX-150x26.png 150w\" sizes=\"(max-width: 501px) 100vw, 501px\" \/><\/td>\n<\/tr>\n<\/tbody>\n<\/table>\n","protected":false},"featured_media":18309,"template":"","meta":[],"product_brand":[],"product_cat":[73],"product_tag":[],"class_list":{"0":"post-16941","1":"product","2":"type-product","3":"status-publish","4":"has-post-thumbnail","6":"product_cat-fitas-inox-para-esquadrias","8":"first","9":"instock","10":"shipping-taxable","11":"product-type-simple"},"yoast_head":"<!-- This site is optimized with the Yoast SEO plugin v26.7 - https:\/\/yoast.com\/wordpress\/plugins\/seo\/ -->\n<title>Rolo de Fita Inox - DELTATOOLS<\/title>\n<meta name=\"description\" content=\"Rolos de fita inox ideal para efetuar esmerilamento em esquadrias de tubos planos em a\u00e7o inoxid\u00e1vel. Largura de 50 mm e 100 mm DELTATOOLS\" \/>\n<meta name=\"robots\" content=\"index, follow, max-snippet:-1, max-image-preview:large, max-video-preview:-1\" \/>\n<link rel=\"canonical\" href=\"https:\/\/www.globaltools.pt\/produto\/rolo-de-fita-inox\/\" \/>\n<meta property=\"og:locale\" content=\"en_US\" \/>\n<meta property=\"og:type\" content=\"article\" \/>\n<meta property=\"og:title\" content=\"Rolo de Fita Inox - DELTATOOLS\" \/>\n<meta property=\"og:description\" content=\"Rolos de fita inox ideal para efetuar esmerilamento em esquadrias de tubos planos em a\u00e7o inoxid\u00e1vel. Largura de 50 mm e 100 mm DELTATOOLS\" \/>\n<meta property=\"og:url\" content=\"https:\/\/www.globaltools.pt\/produto\/rolo-de-fita-inox\/\" \/>\n<meta property=\"og:site_name\" content=\"GlobalTools\" \/>\n<meta property=\"article:modified_time\" content=\"2025-09-10T08:39:32+00:00\" \/>\n<meta property=\"og:image\" content=\"https:\/\/www.globaltools.pt\/wp-content\/uploads\/2025\/05\/fita-inox-2.jpg\" \/>\n\t<meta property=\"og:image:width\" content=\"952\" \/>\n\t<meta property=\"og:image:height\" content=\"952\" \/>\n\t<meta property=\"og:image:type\" content=\"image\/jpeg\" \/>\n<meta name=\"twitter:card\" content=\"summary_large_image\" \/>\n<meta name=\"twitter:label1\" content=\"Est. reading time\" \/>\n\t<meta name=\"twitter:data1\" content=\"1 minute\" \/>\n<script type=\"application\/ld+json\" class=\"yoast-schema-graph\">{\"@context\":\"https:\/\/schema.org\",\"@graph\":[{\"@type\":\"WebPage\",\"@id\":\"https:\/\/www.globaltools.pt\/produto\/rolo-de-fita-inox\/\",\"url\":\"https:\/\/www.globaltools.pt\/produto\/rolo-de-fita-inox\/\",\"name\":\"Rolo de Fita Inox - DELTATOOLS\",\"isPartOf\":{\"@id\":\"https:\/\/www.globaltools.pt\/#website\"},\"primaryImageOfPage\":{\"@id\":\"https:\/\/www.globaltools.pt\/produto\/rolo-de-fita-inox\/#primaryimage\"},\"image\":{\"@id\":\"https:\/\/www.globaltools.pt\/produto\/rolo-de-fita-inox\/#primaryimage\"},\"thumbnailUrl\":\"https:\/\/www.globaltools.pt\/wp-content\/uploads\/2025\/05\/fita-inox-2.jpg\",\"datePublished\":\"2025-05-08T09:52:52+00:00\",\"dateModified\":\"2025-09-10T08:39:32+00:00\",\"description\":\"Rolos de fita inox ideal para efetuar esmerilamento em esquadrias de tubos planos em a\u00e7o inoxid\u00e1vel. Largura de 50 mm e 100 mm DELTATOOLS\",\"breadcrumb\":{\"@id\":\"https:\/\/www.globaltools.pt\/produto\/rolo-de-fita-inox\/#breadcrumb\"},\"inLanguage\":\"en-US\",\"potentialAction\":[{\"@type\":\"ReadAction\",\"target\":[\"https:\/\/www.globaltools.pt\/produto\/rolo-de-fita-inox\/\"]}]},{\"@type\":\"ImageObject\",\"inLanguage\":\"en-US\",\"@id\":\"https:\/\/www.globaltools.pt\/produto\/rolo-de-fita-inox\/#primaryimage\",\"url\":\"https:\/\/www.globaltools.pt\/wp-content\/uploads\/2025\/05\/fita-inox-2.jpg\",\"contentUrl\":\"https:\/\/www.globaltools.pt\/wp-content\/uploads\/2025\/05\/fita-inox-2.jpg\",\"width\":952,\"height\":952},{\"@type\":\"BreadcrumbList\",\"@id\":\"https:\/\/www.globaltools.pt\/produto\/rolo-de-fita-inox\/#breadcrumb\",\"itemListElement\":[{\"@type\":\"ListItem\",\"position\":1,\"name\":\"In\u00edcio\",\"item\":\"https:\/\/www.globaltools.pt\/\"},{\"@type\":\"ListItem\",\"position\":2,\"name\":\"Shop\",\"item\":\"https:\/\/www.globaltools.pt\/en\/shop\/\"},{\"@type\":\"ListItem\",\"position\":3,\"name\":\"Rolo de Fita Inox\"}]},{\"@type\":\"WebSite\",\"@id\":\"https:\/\/www.globaltools.pt\/#website\",\"url\":\"https:\/\/www.globaltools.pt\/\",\"name\":\"Globaltools\",\"description\":\"\",\"publisher\":{\"@id\":\"https:\/\/www.globaltools.pt\/#organization\"},\"potentialAction\":[{\"@type\":\"SearchAction\",\"target\":{\"@type\":\"EntryPoint\",\"urlTemplate\":\"https:\/\/www.globaltools.pt\/?s={search_term_string}\"},\"query-input\":{\"@type\":\"PropertyValueSpecification\",\"valueRequired\":true,\"valueName\":\"search_term_string\"}}],\"inLanguage\":\"en-US\"},{\"@type\":\"Organization\",\"@id\":\"https:\/\/www.globaltools.pt\/#organization\",\"name\":\"Globaltools\",\"url\":\"https:\/\/www.globaltools.pt\/\",\"logo\":{\"@type\":\"ImageObject\",\"inLanguage\":\"en-US\",\"@id\":\"https:\/\/www.globaltools.pt\/#\/schema\/logo\/image\/\",\"url\":\"https:\/\/www.globaltools.pt\/wp-content\/uploads\/2025\/05\/DELTATOOLS-LOGO.jpg\",\"contentUrl\":\"https:\/\/www.globaltools.pt\/wp-content\/uploads\/2025\/05\/DELTATOOLS-LOGO.jpg\",\"width\":542,\"height\":120,\"caption\":\"Globaltools\"},\"image\":{\"@id\":\"https:\/\/www.globaltools.pt\/#\/schema\/logo\/image\/\"}}]}<\/script>\n<!-- \/ Yoast SEO plugin. -->","yoast_head_json":{"title":"Rolo de Fita Inox - DELTATOOLS","description":"Rolos de fita inox ideal para efetuar esmerilamento em esquadrias de tubos planos em a\u00e7o inoxid\u00e1vel. Largura de 50 mm e 100 mm DELTATOOLS","robots":{"index":"index","follow":"follow","max-snippet":"max-snippet:-1","max-image-preview":"max-image-preview:large","max-video-preview":"max-video-preview:-1"},"canonical":"https:\/\/www.globaltools.pt\/produto\/rolo-de-fita-inox\/","og_locale":"en_US","og_type":"article","og_title":"Rolo de Fita Inox - DELTATOOLS","og_description":"Rolos de fita inox ideal para efetuar esmerilamento em esquadrias de tubos planos em a\u00e7o inoxid\u00e1vel. Largura de 50 mm e 100 mm DELTATOOLS","og_url":"https:\/\/www.globaltools.pt\/produto\/rolo-de-fita-inox\/","og_site_name":"GlobalTools","article_modified_time":"2025-09-10T08:39:32+00:00","og_image":[{"width":952,"height":952,"url":"https:\/\/www.globaltools.pt\/wp-content\/uploads\/2025\/05\/fita-inox-2.jpg","type":"image\/jpeg"}],"twitter_card":"summary_large_image","twitter_misc":{"Est. reading time":"1 minute"},"schema":{"@context":"https:\/\/schema.org","@graph":[{"@type":"WebPage","@id":"https:\/\/www.globaltools.pt\/produto\/rolo-de-fita-inox\/","url":"https:\/\/www.globaltools.pt\/produto\/rolo-de-fita-inox\/","name":"Rolo de Fita Inox - DELTATOOLS","isPartOf":{"@id":"https:\/\/www.globaltools.pt\/#website"},"primaryImageOfPage":{"@id":"https:\/\/www.globaltools.pt\/produto\/rolo-de-fita-inox\/#primaryimage"},"image":{"@id":"https:\/\/www.globaltools.pt\/produto\/rolo-de-fita-inox\/#primaryimage"},"thumbnailUrl":"https:\/\/www.globaltools.pt\/wp-content\/uploads\/2025\/05\/fita-inox-2.jpg","datePublished":"2025-05-08T09:52:52+00:00","dateModified":"2025-09-10T08:39:32+00:00","description":"Rolos de fita inox ideal para efetuar esmerilamento em esquadrias de tubos planos em a\u00e7o inoxid\u00e1vel. Largura de 50 mm e 100 mm DELTATOOLS","breadcrumb":{"@id":"https:\/\/www.globaltools.pt\/produto\/rolo-de-fita-inox\/#breadcrumb"},"inLanguage":"en-US","potentialAction":[{"@type":"ReadAction","target":["https:\/\/www.globaltools.pt\/produto\/rolo-de-fita-inox\/"]}]},{"@type":"ImageObject","inLanguage":"en-US","@id":"https:\/\/www.globaltools.pt\/produto\/rolo-de-fita-inox\/#primaryimage","url":"https:\/\/www.globaltools.pt\/wp-content\/uploads\/2025\/05\/fita-inox-2.jpg","contentUrl":"https:\/\/www.globaltools.pt\/wp-content\/uploads\/2025\/05\/fita-inox-2.jpg","width":952,"height":952},{"@type":"BreadcrumbList","@id":"https:\/\/www.globaltools.pt\/produto\/rolo-de-fita-inox\/#breadcrumb","itemListElement":[{"@type":"ListItem","position":1,"name":"In\u00edcio","item":"https:\/\/www.globaltools.pt\/"},{"@type":"ListItem","position":2,"name":"Shop","item":"https:\/\/www.globaltools.pt\/en\/shop\/"},{"@type":"ListItem","position":3,"name":"Rolo de Fita Inox"}]},{"@type":"WebSite","@id":"https:\/\/www.globaltools.pt\/#website","url":"https:\/\/www.globaltools.pt\/","name":"Globaltools","description":"","publisher":{"@id":"https:\/\/www.globaltools.pt\/#organization"},"potentialAction":[{"@type":"SearchAction","target":{"@type":"EntryPoint","urlTemplate":"https:\/\/www.globaltools.pt\/?s={search_term_string}"},"query-input":{"@type":"PropertyValueSpecification","valueRequired":true,"valueName":"search_term_string"}}],"inLanguage":"en-US"},{"@type":"Organization","@id":"https:\/\/www.globaltools.pt\/#organization","name":"Globaltools","url":"https:\/\/www.globaltools.pt\/","logo":{"@type":"ImageObject","inLanguage":"en-US","@id":"https:\/\/www.globaltools.pt\/#\/schema\/logo\/image\/","url":"https:\/\/www.globaltools.pt\/wp-content\/uploads\/2025\/05\/DELTATOOLS-LOGO.jpg","contentUrl":"https:\/\/www.globaltools.pt\/wp-content\/uploads\/2025\/05\/DELTATOOLS-LOGO.jpg","width":542,"height":120,"caption":"Globaltools"},"image":{"@id":"https:\/\/www.globaltools.pt\/#\/schema\/logo\/image\/"}}]}},"_links":{"self":[{"href":"https:\/\/www.globaltools.pt\/en\/wp-json\/wp\/v2\/product\/16941","targetHints":{"allow":["GET"]}}],"collection":[{"href":"https:\/\/www.globaltools.pt\/en\/wp-json\/wp\/v2\/product"}],"about":[{"href":"https:\/\/www.globaltools.pt\/en\/wp-json\/wp\/v2\/types\/product"}],"version-history":[{"count":13,"href":"https:\/\/www.globaltools.pt\/en\/wp-json\/wp\/v2\/product\/16941\/revisions"}],"predecessor-version":[{"id":19806,"href":"https:\/\/www.globaltools.pt\/en\/wp-json\/wp\/v2\/product\/16941\/revisions\/19806"}],"wp:featuredmedia":[{"embeddable":true,"href":"https:\/\/www.globaltools.pt\/en\/wp-json\/wp\/v2\/media\/18309"}],"wp:attachment":[{"href":"https:\/\/www.globaltools.pt\/en\/wp-json\/wp\/v2\/media?parent=16941"}],"wp:term":[{"taxonomy":"product_brand","embeddable":true,"href":"https:\/\/www.globaltools.pt\/en\/wp-json\/wp\/v2\/product_brand?post=16941"},{"taxonomy":"product_cat","embeddable":true,"href":"https:\/\/www.globaltools.pt\/en\/wp-json\/wp\/v2\/product_cat?post=16941"},{"taxonomy":"product_tag","embeddable":true,"href":"https:\/\/www.globaltools.pt\/en\/wp-json\/wp\/v2\/product_tag?post=16941"}],"curies":[{"name":"wp","href":"https:\/\/api.w.org\/{rel}","templated":true}]}}