{"id":17122,"date":"2025-05-08T14:15:44","date_gmt":"2025-05-08T14:15:44","guid":{"rendered":"https:\/\/www.globaltools.pt\/?post_type=product&#038;p=17122"},"modified":"2025-09-08T14:48:15","modified_gmt":"2025-09-08T14:48:15","slug":"jogo-de-chaves-torx","status":"publish","type":"product","link":"https:\/\/www.globaltools.pt\/en\/produto\/jogo-de-chaves-torx\/","title":{"rendered":"Jogo de Chaves Torx"},"content":{"rendered":"\t\t<div data-elementor-type=\"product-post\" data-elementor-id=\"17122\" class=\"elementor elementor-17122\" data-elementor-post-type=\"product\">\n\t\t\t\t<div class=\"wd-negative-gap elementor-element elementor-element-9196392 e-grid e-con-boxed e-con e-parent\" data-id=\"9196392\" data-element_type=\"container\">\n\t\t\t\t\t<div class=\"e-con-inner\">\n\t\t\t\t<div class=\"elementor-element elementor-element-69ff81c elementor-widget elementor-widget-wd_text_block\" data-id=\"69ff81c\" data-element_type=\"widget\" data-widget_type=\"wd_text_block.default\">\n\t\t\t\t<div class=\"elementor-widget-container\">\n\t\t\t\t\t\t\t<div class=\"wd-text-block reset-last-child text-left\">\n\t\t\t\n\t\t\t<table border=\"0\" cellspacing=\"0\"><colgroup width=\"1160\"><\/colgroup><tbody><tr><td align=\"left\" valign=\"bottom\" height=\"18\"><p>\u00a0<\/p><p>\u00a0<\/p><p><span style=\"color: #000000;\">Jogo de chaves Torx DELTATOOLS <\/span><\/p><ul><li><span style=\"color: #000000;\">Material S2 (spring steel) a\u00e7o mola extra duro e de longa dura\u00e7\u00e3o. Grande resist\u00eancia ao impacto e \u00e0 tor\u00e7\u00e3o (HCR 59-61). <\/span><\/li><li><span style=\"color: #000000;\">Haste Torx chave indicada para parafusos com torx interno. Perfil do corpo em L possibilita o efeito de alavanca durante o aperto ou desaperto de parafusos.<\/span><\/li><\/ul><\/td><\/tr><\/tbody><\/table>\n\t\t\t\t\t<\/div>\n\t\t\t\t\t\t<\/div>\n\t\t\t\t<\/div>\n\t\t\t\t<div class=\"elementor-element elementor-element-146f0f3 elementor-widget elementor-widget-wd_image_or_svg\" data-id=\"146f0f3\" data-element_type=\"widget\" data-widget_type=\"wd_image_or_svg.default\">\n\t\t\t\t<div class=\"elementor-widget-container\">\n\t\t\t\t\t\n\t\t<div class=\"wd-image text-left\">\n\t\t\t\t\t\t\t\t<img fetchpriority=\"high\" decoding=\"async\" width=\"1200\" height=\"1200\" src=\"https:\/\/www.globaltools.pt\/wp-content\/uploads\/2025\/05\/32-JOGOS-CHAVES-1.jpg\" class=\"attachment-full size-full\" alt=\"\" srcset=\"https:\/\/www.globaltools.pt\/wp-content\/uploads\/2025\/05\/32-JOGOS-CHAVES-1.jpg 1200w, https:\/\/www.globaltools.pt\/wp-content\/uploads\/2025\/05\/32-JOGOS-CHAVES-1-300x300.jpg 300w, https:\/\/www.globaltools.pt\/wp-content\/uploads\/2025\/05\/32-JOGOS-CHAVES-1-800x800.jpg 800w, https:\/\/www.globaltools.pt\/wp-content\/uploads\/2025\/05\/32-JOGOS-CHAVES-1-150x150.jpg 150w, https:\/\/www.globaltools.pt\/wp-content\/uploads\/2025\/05\/32-JOGOS-CHAVES-1-768x768.jpg 768w, https:\/\/www.globaltools.pt\/wp-content\/uploads\/2025\/05\/32-JOGOS-CHAVES-1-430x430.jpg 430w, https:\/\/www.globaltools.pt\/wp-content\/uploads\/2025\/05\/32-JOGOS-CHAVES-1-700x700.jpg 700w\" sizes=\"(max-width: 1200px) 100vw, 1200px\" \/>\t\t\t\t\t<\/div>\n\n\t\t\t\t\t\t<\/div>\n\t\t\t\t<\/div>\n\t\t\t\t\t<\/div>\n\t\t\t\t<\/div>\n\t\t\t\t<\/div>\n\t\t","protected":false},"excerpt":{"rendered":"<table border=\"0\" cellspacing=\"0\">\n<colgroup width=\"1126\"><\/colgroup>\n<tbody>\n<tr>\n<td align=\"left\" valign=\"bottom\" height=\"18\"><span style=\"color: #000000;\"> <img decoding=\"async\" class=\"alignnone wp-image-17863\" src=\"https:\/\/www.globaltools.pt\/wp-content\/uploads\/2025\/05\/DELTATOOLS-LOGO-400x89.jpg\" alt=\"\" width=\"153\" height=\"34\" srcset=\"https:\/\/www.globaltools.pt\/wp-content\/uploads\/2025\/05\/DELTATOOLS-LOGO-400x89.jpg 400w, https:\/\/www.globaltools.pt\/wp-content\/uploads\/2025\/05\/DELTATOOLS-LOGO-430x95.jpg 430w, https:\/\/www.globaltools.pt\/wp-content\/uploads\/2025\/05\/DELTATOOLS-LOGO-150x33.jpg 150w, https:\/\/www.globaltools.pt\/wp-content\/uploads\/2025\/05\/DELTATOOLS-LOGO.jpg 542w\" sizes=\"(max-width: 153px) 100vw, 153px\" \/><\/span><\/p>\n<p><span style=\"color: #000000;\">Jogo de chaves Torx em <strong>a\u00e7o S2<\/strong> spring steel (a\u00e7o mola) extra duro de longa dura\u00e7\u00e3o,<strong> grande resist\u00eancia ao impacto<\/strong> e \u00e0 <strong>tor\u00e7\u00e3o<\/strong>.<\/span><\/td>\n<\/tr>\n<\/tbody>\n<\/table>\n<p><img decoding=\"async\" class=\"alignnone wp-image-19675 size-full\" src=\"https:\/\/www.globaltools.pt\/wp-content\/uploads\/2025\/05\/TAB-JOGOS-CHAVES-TORX.png\" alt=\"\" width=\"500\" height=\"75\" srcset=\"https:\/\/www.globaltools.pt\/wp-content\/uploads\/2025\/05\/TAB-JOGOS-CHAVES-TORX.png 500w, https:\/\/www.globaltools.pt\/wp-content\/uploads\/2025\/05\/TAB-JOGOS-CHAVES-TORX-400x60.png 400w, https:\/\/www.globaltools.pt\/wp-content\/uploads\/2025\/05\/TAB-JOGOS-CHAVES-TORX-430x65.png 430w, https:\/\/www.globaltools.pt\/wp-content\/uploads\/2025\/05\/TAB-JOGOS-CHAVES-TORX-150x23.png 150w\" sizes=\"(max-width: 500px) 100vw, 500px\" \/><\/p>\n","protected":false},"featured_media":18103,"template":"","meta":[],"product_brand":[],"product_cat":[72],"product_tag":[],"class_list":{"0":"post-17122","1":"product","2":"type-product","3":"status-publish","4":"has-post-thumbnail","6":"product_cat-jogos-chaves-bits-adaptadores-magneticos","8":"first","9":"instock","10":"shipping-taxable","11":"product-type-simple"},"yoast_head":"<!-- This site is optimized with the Yoast SEO plugin v26.7 - https:\/\/yoast.com\/wordpress\/plugins\/seo\/ -->\n<title>Chaves Torx - DELTATOOLS<\/title>\n<meta name=\"description\" content=\"Chaves Torx jogo em a\u00e7o S2 spring steel (a\u00e7o mola) extra duro de longa dura\u00e7\u00e3o, grande resist\u00eancia ao impacto e \u00e0 tor\u00e7\u00e3o.\" \/>\n<meta name=\"robots\" content=\"index, follow, max-snippet:-1, max-image-preview:large, max-video-preview:-1\" \/>\n<link rel=\"canonical\" href=\"https:\/\/www.globaltools.pt\/produto\/jogo-de-chaves-torx\/\" \/>\n<meta property=\"og:locale\" content=\"en_US\" \/>\n<meta property=\"og:type\" content=\"article\" \/>\n<meta property=\"og:title\" content=\"Chaves Torx - DELTATOOLS\" \/>\n<meta property=\"og:description\" content=\"Chaves Torx jogo em a\u00e7o S2 spring steel (a\u00e7o mola) extra duro de longa dura\u00e7\u00e3o, grande resist\u00eancia ao impacto e \u00e0 tor\u00e7\u00e3o.\" \/>\n<meta property=\"og:url\" content=\"https:\/\/www.globaltools.pt\/produto\/jogo-de-chaves-torx\/\" \/>\n<meta property=\"og:site_name\" content=\"GlobalTools\" \/>\n<meta property=\"article:modified_time\" content=\"2025-09-08T14:48:15+00:00\" \/>\n<meta property=\"og:image\" content=\"https:\/\/www.globaltools.pt\/wp-content\/uploads\/2025\/05\/jogo-chaves-torx-2.jpg\" \/>\n\t<meta property=\"og:image:width\" content=\"952\" \/>\n\t<meta property=\"og:image:height\" content=\"952\" \/>\n\t<meta property=\"og:image:type\" content=\"image\/jpeg\" \/>\n<meta name=\"twitter:card\" content=\"summary_large_image\" \/>\n<meta name=\"twitter:label1\" content=\"Est. reading time\" \/>\n\t<meta name=\"twitter:data1\" content=\"1 minute\" \/>\n<script type=\"application\/ld+json\" class=\"yoast-schema-graph\">{\"@context\":\"https:\/\/schema.org\",\"@graph\":[{\"@type\":\"WebPage\",\"@id\":\"https:\/\/www.globaltools.pt\/produto\/jogo-de-chaves-torx\/\",\"url\":\"https:\/\/www.globaltools.pt\/produto\/jogo-de-chaves-torx\/\",\"name\":\"Chaves Torx - DELTATOOLS\",\"isPartOf\":{\"@id\":\"https:\/\/www.globaltools.pt\/#website\"},\"primaryImageOfPage\":{\"@id\":\"https:\/\/www.globaltools.pt\/produto\/jogo-de-chaves-torx\/#primaryimage\"},\"image\":{\"@id\":\"https:\/\/www.globaltools.pt\/produto\/jogo-de-chaves-torx\/#primaryimage\"},\"thumbnailUrl\":\"https:\/\/www.globaltools.pt\/wp-content\/uploads\/2025\/05\/jogo-chaves-torx-2.jpg\",\"datePublished\":\"2025-05-08T14:15:44+00:00\",\"dateModified\":\"2025-09-08T14:48:15+00:00\",\"description\":\"Chaves Torx jogo em a\u00e7o S2 spring steel (a\u00e7o mola) extra duro de longa dura\u00e7\u00e3o, grande resist\u00eancia ao impacto e \u00e0 tor\u00e7\u00e3o.\",\"breadcrumb\":{\"@id\":\"https:\/\/www.globaltools.pt\/produto\/jogo-de-chaves-torx\/#breadcrumb\"},\"inLanguage\":\"en-US\",\"potentialAction\":[{\"@type\":\"ReadAction\",\"target\":[\"https:\/\/www.globaltools.pt\/produto\/jogo-de-chaves-torx\/\"]}]},{\"@type\":\"ImageObject\",\"inLanguage\":\"en-US\",\"@id\":\"https:\/\/www.globaltools.pt\/produto\/jogo-de-chaves-torx\/#primaryimage\",\"url\":\"https:\/\/www.globaltools.pt\/wp-content\/uploads\/2025\/05\/jogo-chaves-torx-2.jpg\",\"contentUrl\":\"https:\/\/www.globaltools.pt\/wp-content\/uploads\/2025\/05\/jogo-chaves-torx-2.jpg\",\"width\":952,\"height\":952},{\"@type\":\"BreadcrumbList\",\"@id\":\"https:\/\/www.globaltools.pt\/produto\/jogo-de-chaves-torx\/#breadcrumb\",\"itemListElement\":[{\"@type\":\"ListItem\",\"position\":1,\"name\":\"In\u00edcio\",\"item\":\"https:\/\/www.globaltools.pt\/\"},{\"@type\":\"ListItem\",\"position\":2,\"name\":\"Shop\",\"item\":\"https:\/\/www.globaltools.pt\/en\/shop\/\"},{\"@type\":\"ListItem\",\"position\":3,\"name\":\"Jogo de Chaves Torx\"}]},{\"@type\":\"WebSite\",\"@id\":\"https:\/\/www.globaltools.pt\/#website\",\"url\":\"https:\/\/www.globaltools.pt\/\",\"name\":\"Globaltools\",\"description\":\"\",\"publisher\":{\"@id\":\"https:\/\/www.globaltools.pt\/#organization\"},\"potentialAction\":[{\"@type\":\"SearchAction\",\"target\":{\"@type\":\"EntryPoint\",\"urlTemplate\":\"https:\/\/www.globaltools.pt\/?s={search_term_string}\"},\"query-input\":{\"@type\":\"PropertyValueSpecification\",\"valueRequired\":true,\"valueName\":\"search_term_string\"}}],\"inLanguage\":\"en-US\"},{\"@type\":\"Organization\",\"@id\":\"https:\/\/www.globaltools.pt\/#organization\",\"name\":\"Globaltools\",\"url\":\"https:\/\/www.globaltools.pt\/\",\"logo\":{\"@type\":\"ImageObject\",\"inLanguage\":\"en-US\",\"@id\":\"https:\/\/www.globaltools.pt\/#\/schema\/logo\/image\/\",\"url\":\"https:\/\/www.globaltools.pt\/wp-content\/uploads\/2025\/05\/DELTATOOLS-LOGO.jpg\",\"contentUrl\":\"https:\/\/www.globaltools.pt\/wp-content\/uploads\/2025\/05\/DELTATOOLS-LOGO.jpg\",\"width\":542,\"height\":120,\"caption\":\"Globaltools\"},\"image\":{\"@id\":\"https:\/\/www.globaltools.pt\/#\/schema\/logo\/image\/\"}}]}<\/script>\n<!-- \/ Yoast SEO plugin. -->","yoast_head_json":{"title":"Chaves Torx - DELTATOOLS","description":"Chaves Torx jogo em a\u00e7o S2 spring steel (a\u00e7o mola) extra duro de longa dura\u00e7\u00e3o, grande resist\u00eancia ao impacto e \u00e0 tor\u00e7\u00e3o.","robots":{"index":"index","follow":"follow","max-snippet":"max-snippet:-1","max-image-preview":"max-image-preview:large","max-video-preview":"max-video-preview:-1"},"canonical":"https:\/\/www.globaltools.pt\/produto\/jogo-de-chaves-torx\/","og_locale":"en_US","og_type":"article","og_title":"Chaves Torx - DELTATOOLS","og_description":"Chaves Torx jogo em a\u00e7o S2 spring steel (a\u00e7o mola) extra duro de longa dura\u00e7\u00e3o, grande resist\u00eancia ao impacto e \u00e0 tor\u00e7\u00e3o.","og_url":"https:\/\/www.globaltools.pt\/produto\/jogo-de-chaves-torx\/","og_site_name":"GlobalTools","article_modified_time":"2025-09-08T14:48:15+00:00","og_image":[{"width":952,"height":952,"url":"https:\/\/www.globaltools.pt\/wp-content\/uploads\/2025\/05\/jogo-chaves-torx-2.jpg","type":"image\/jpeg"}],"twitter_card":"summary_large_image","twitter_misc":{"Est. reading time":"1 minute"},"schema":{"@context":"https:\/\/schema.org","@graph":[{"@type":"WebPage","@id":"https:\/\/www.globaltools.pt\/produto\/jogo-de-chaves-torx\/","url":"https:\/\/www.globaltools.pt\/produto\/jogo-de-chaves-torx\/","name":"Chaves Torx - DELTATOOLS","isPartOf":{"@id":"https:\/\/www.globaltools.pt\/#website"},"primaryImageOfPage":{"@id":"https:\/\/www.globaltools.pt\/produto\/jogo-de-chaves-torx\/#primaryimage"},"image":{"@id":"https:\/\/www.globaltools.pt\/produto\/jogo-de-chaves-torx\/#primaryimage"},"thumbnailUrl":"https:\/\/www.globaltools.pt\/wp-content\/uploads\/2025\/05\/jogo-chaves-torx-2.jpg","datePublished":"2025-05-08T14:15:44+00:00","dateModified":"2025-09-08T14:48:15+00:00","description":"Chaves Torx jogo em a\u00e7o S2 spring steel (a\u00e7o mola) extra duro de longa dura\u00e7\u00e3o, grande resist\u00eancia ao impacto e \u00e0 tor\u00e7\u00e3o.","breadcrumb":{"@id":"https:\/\/www.globaltools.pt\/produto\/jogo-de-chaves-torx\/#breadcrumb"},"inLanguage":"en-US","potentialAction":[{"@type":"ReadAction","target":["https:\/\/www.globaltools.pt\/produto\/jogo-de-chaves-torx\/"]}]},{"@type":"ImageObject","inLanguage":"en-US","@id":"https:\/\/www.globaltools.pt\/produto\/jogo-de-chaves-torx\/#primaryimage","url":"https:\/\/www.globaltools.pt\/wp-content\/uploads\/2025\/05\/jogo-chaves-torx-2.jpg","contentUrl":"https:\/\/www.globaltools.pt\/wp-content\/uploads\/2025\/05\/jogo-chaves-torx-2.jpg","width":952,"height":952},{"@type":"BreadcrumbList","@id":"https:\/\/www.globaltools.pt\/produto\/jogo-de-chaves-torx\/#breadcrumb","itemListElement":[{"@type":"ListItem","position":1,"name":"In\u00edcio","item":"https:\/\/www.globaltools.pt\/"},{"@type":"ListItem","position":2,"name":"Shop","item":"https:\/\/www.globaltools.pt\/en\/shop\/"},{"@type":"ListItem","position":3,"name":"Jogo de Chaves Torx"}]},{"@type":"WebSite","@id":"https:\/\/www.globaltools.pt\/#website","url":"https:\/\/www.globaltools.pt\/","name":"Globaltools","description":"","publisher":{"@id":"https:\/\/www.globaltools.pt\/#organization"},"potentialAction":[{"@type":"SearchAction","target":{"@type":"EntryPoint","urlTemplate":"https:\/\/www.globaltools.pt\/?s={search_term_string}"},"query-input":{"@type":"PropertyValueSpecification","valueRequired":true,"valueName":"search_term_string"}}],"inLanguage":"en-US"},{"@type":"Organization","@id":"https:\/\/www.globaltools.pt\/#organization","name":"Globaltools","url":"https:\/\/www.globaltools.pt\/","logo":{"@type":"ImageObject","inLanguage":"en-US","@id":"https:\/\/www.globaltools.pt\/#\/schema\/logo\/image\/","url":"https:\/\/www.globaltools.pt\/wp-content\/uploads\/2025\/05\/DELTATOOLS-LOGO.jpg","contentUrl":"https:\/\/www.globaltools.pt\/wp-content\/uploads\/2025\/05\/DELTATOOLS-LOGO.jpg","width":542,"height":120,"caption":"Globaltools"},"image":{"@id":"https:\/\/www.globaltools.pt\/#\/schema\/logo\/image\/"}}]}},"_links":{"self":[{"href":"https:\/\/www.globaltools.pt\/en\/wp-json\/wp\/v2\/product\/17122","targetHints":{"allow":["GET"]}}],"collection":[{"href":"https:\/\/www.globaltools.pt\/en\/wp-json\/wp\/v2\/product"}],"about":[{"href":"https:\/\/www.globaltools.pt\/en\/wp-json\/wp\/v2\/types\/product"}],"version-history":[{"count":11,"href":"https:\/\/www.globaltools.pt\/en\/wp-json\/wp\/v2\/product\/17122\/revisions"}],"predecessor-version":[{"id":19678,"href":"https:\/\/www.globaltools.pt\/en\/wp-json\/wp\/v2\/product\/17122\/revisions\/19678"}],"wp:featuredmedia":[{"embeddable":true,"href":"https:\/\/www.globaltools.pt\/en\/wp-json\/wp\/v2\/media\/18103"}],"wp:attachment":[{"href":"https:\/\/www.globaltools.pt\/en\/wp-json\/wp\/v2\/media?parent=17122"}],"wp:term":[{"taxonomy":"product_brand","embeddable":true,"href":"https:\/\/www.globaltools.pt\/en\/wp-json\/wp\/v2\/product_brand?post=17122"},{"taxonomy":"product_cat","embeddable":true,"href":"https:\/\/www.globaltools.pt\/en\/wp-json\/wp\/v2\/product_cat?post=17122"},{"taxonomy":"product_tag","embeddable":true,"href":"https:\/\/www.globaltools.pt\/en\/wp-json\/wp\/v2\/product_tag?post=17122"}],"curies":[{"name":"wp","href":"https:\/\/api.w.org\/{rel}","templated":true}]}}