{"id":17137,"date":"2025-05-08T14:32:56","date_gmt":"2025-05-08T14:32:56","guid":{"rendered":"https:\/\/www.globaltools.pt\/?post_type=product&#038;p=17137"},"modified":"2025-09-09T14:44:30","modified_gmt":"2025-09-09T14:44:30","slug":"laminas-de-plaina-hss-m2-82x5-5x1-2-mm","status":"publish","type":"product","link":"https:\/\/www.globaltools.pt\/en\/produto\/laminas-de-plaina-hss-m2-82x5-5x1-2-mm\/","title":{"rendered":"L\u00e2minas de plaina  HSS-M2 82&#215;5.5&#215;1.2 mm"},"content":{"rendered":"\t\t<div data-elementor-type=\"product-post\" data-elementor-id=\"17137\" class=\"elementor elementor-17137\" data-elementor-post-type=\"product\">\n\t\t\t\t<div class=\"wd-negative-gap elementor-element elementor-element-9196392 e-grid e-con-boxed e-con e-parent\" data-id=\"9196392\" data-element_type=\"container\">\n\t\t\t\t\t<div class=\"e-con-inner\">\n\t\t\t\t<div class=\"elementor-element elementor-element-69ff81c elementor-widget elementor-widget-wd_text_block\" data-id=\"69ff81c\" data-element_type=\"widget\" data-widget_type=\"wd_text_block.default\">\n\t\t\t\t<div class=\"elementor-widget-container\">\n\t\t\t\t\t\t\t<div class=\"wd-text-block reset-last-child text-left\">\n\t\t\t\n\t\t\t<table border=\"0\" cellspacing=\"0\"><colgroup width=\"1160\"><\/colgroup><tbody><tr><td align=\"left\" valign=\"bottom\" height=\"18\"><p>\u00a0<\/p><p>\u00a0<\/p><p>\u00a0<\/p><p><span style=\"color: #000000;\">L\u00e2minas de Plaina DELTATOOLS <\/span><\/p><ul><li><span style=\"color: #000000;\">Material HSS-M2 a\u00e7o r\u00e1pido de elevada dureza (HRC 65) e boa resist\u00eancia ao desgaste. <\/span><span style=\"color: #000000;\">Indicado para materiais duros. <\/span><\/li><li><span style=\"color: #000000;\">Compat\u00edveis com a maioria das marcas.<\/span><\/li><\/ul><\/td><\/tr><\/tbody><\/table>\n\t\t\t\t\t<\/div>\n\t\t\t\t\t\t<\/div>\n\t\t\t\t<\/div>\n\t\t\t\t<div class=\"elementor-element elementor-element-146f0f3 elementor-widget elementor-widget-wd_image_or_svg\" data-id=\"146f0f3\" data-element_type=\"widget\" data-widget_type=\"wd_image_or_svg.default\">\n\t\t\t\t<div class=\"elementor-widget-container\">\n\t\t\t\t\t\n\t\t<div class=\"wd-image text-left\">\n\t\t\t\t\t\t\t\t<img fetchpriority=\"high\" decoding=\"async\" width=\"1200\" height=\"1200\" src=\"https:\/\/www.globaltools.pt\/wp-content\/uploads\/2025\/05\/28-LAMINAS-PLAINA-2.jpg\" class=\"attachment-full size-full\" alt=\"\" srcset=\"https:\/\/www.globaltools.pt\/wp-content\/uploads\/2025\/05\/28-LAMINAS-PLAINA-2.jpg 1200w, https:\/\/www.globaltools.pt\/wp-content\/uploads\/2025\/05\/28-LAMINAS-PLAINA-2-300x300.jpg 300w, https:\/\/www.globaltools.pt\/wp-content\/uploads\/2025\/05\/28-LAMINAS-PLAINA-2-800x800.jpg 800w, https:\/\/www.globaltools.pt\/wp-content\/uploads\/2025\/05\/28-LAMINAS-PLAINA-2-150x150.jpg 150w, https:\/\/www.globaltools.pt\/wp-content\/uploads\/2025\/05\/28-LAMINAS-PLAINA-2-768x768.jpg 768w, https:\/\/www.globaltools.pt\/wp-content\/uploads\/2025\/05\/28-LAMINAS-PLAINA-2-430x430.jpg 430w, https:\/\/www.globaltools.pt\/wp-content\/uploads\/2025\/05\/28-LAMINAS-PLAINA-2-700x700.jpg 700w\" sizes=\"(max-width: 1200px) 100vw, 1200px\" \/>\t\t\t\t\t<\/div>\n\n\t\t\t\t\t\t<\/div>\n\t\t\t\t<\/div>\n\t\t\t\t\t<\/div>\n\t\t\t\t<\/div>\n\t\t\t\t<\/div>\n\t\t","protected":false},"excerpt":{"rendered":"<table border=\"0\" cellspacing=\"0\">\n<colgroup width=\"1126\"><\/colgroup>\n<tbody>\n<tr>\n<td align=\"left\" valign=\"bottom\" height=\"18\"><span style=\"color: #000000;\"><img decoding=\"async\" class=\"alignnone wp-image-17863\" src=\"https:\/\/www.globaltools.pt\/wp-content\/uploads\/2025\/05\/DELTATOOLS-LOGO-400x89.jpg\" alt=\"\" width=\"153\" height=\"34\" srcset=\"https:\/\/www.globaltools.pt\/wp-content\/uploads\/2025\/05\/DELTATOOLS-LOGO-400x89.jpg 400w, https:\/\/www.globaltools.pt\/wp-content\/uploads\/2025\/05\/DELTATOOLS-LOGO-430x95.jpg 430w, https:\/\/www.globaltools.pt\/wp-content\/uploads\/2025\/05\/DELTATOOLS-LOGO-150x33.jpg 150w, https:\/\/www.globaltools.pt\/wp-content\/uploads\/2025\/05\/DELTATOOLS-LOGO.jpg 542w\" sizes=\"(max-width: 153px) 100vw, 153px\" \/><\/span><\/p>\n<p><span style=\"color: #000000;\">L\u00e2minas de plaina material <strong>HSS-M2 a\u00e7o r\u00e1pido de elevada dureza (HRC 65)<\/strong>, grande resist\u00eancia ao desgaste. Compat\u00edvel com a<strong> maioria das marcas<\/strong>.<\/span><\/p>\n<p><img decoding=\"async\" class=\"alignnone wp-image-19720 size-full\" src=\"https:\/\/www.globaltools.pt\/wp-content\/uploads\/2025\/05\/TAB-LAMINAS-PLAINA-5.5.png\" alt=\"\" width=\"500\" height=\"63\" srcset=\"https:\/\/www.globaltools.pt\/wp-content\/uploads\/2025\/05\/TAB-LAMINAS-PLAINA-5.5.png 500w, https:\/\/www.globaltools.pt\/wp-content\/uploads\/2025\/05\/TAB-LAMINAS-PLAINA-5.5-400x50.png 400w, https:\/\/www.globaltools.pt\/wp-content\/uploads\/2025\/05\/TAB-LAMINAS-PLAINA-5.5-430x54.png 430w, https:\/\/www.globaltools.pt\/wp-content\/uploads\/2025\/05\/TAB-LAMINAS-PLAINA-5.5-150x19.png 150w\" sizes=\"(max-width: 500px) 100vw, 500px\" \/><\/td>\n<\/tr>\n<\/tbody>\n<\/table>\n<p>&nbsp;<\/p>\n<p>&nbsp;<\/p>\n","protected":false},"featured_media":18107,"template":"","meta":[],"product_brand":[],"product_cat":[77],"product_tag":[],"class_list":{"0":"post-17137","1":"product","2":"type-product","3":"status-publish","4":"has-post-thumbnail","6":"product_cat-acessorios-para-ferramentas-eletricas","8":"first","9":"instock","10":"shipping-taxable","11":"product-type-simple"},"yoast_head":"<!-- This site is optimized with the Yoast SEO plugin v26.7 - https:\/\/yoast.com\/wordpress\/plugins\/seo\/ -->\n<title>L\u00e2minas de plaina HSS-M2 82x5.5x1.2 mm - DELTATOOLS<\/title>\n<meta name=\"description\" content=\"L\u00e2minas de plaina material HSS-M2 a\u00e7o r\u00e1pido de elevada dureza (HRC 65), grande resist\u00eancia ao desgaste. Compat\u00edvel com a maioria das marcas. DELTATOOLS\" \/>\n<meta name=\"robots\" content=\"index, follow, max-snippet:-1, max-image-preview:large, max-video-preview:-1\" \/>\n<link rel=\"canonical\" href=\"https:\/\/www.globaltools.pt\/produto\/laminas-de-plaina-hss-m2-82x5-5x1-2-mm\/\" \/>\n<meta property=\"og:locale\" content=\"en_US\" \/>\n<meta property=\"og:type\" content=\"article\" \/>\n<meta property=\"og:title\" content=\"L\u00e2minas de plaina HSS-M2 82x5.5x1.2 mm - DELTATOOLS\" \/>\n<meta property=\"og:description\" content=\"L\u00e2minas de plaina material HSS-M2 a\u00e7o r\u00e1pido de elevada dureza (HRC 65), grande resist\u00eancia ao desgaste. Compat\u00edvel com a maioria das marcas. DELTATOOLS\" \/>\n<meta property=\"og:url\" content=\"https:\/\/www.globaltools.pt\/produto\/laminas-de-plaina-hss-m2-82x5-5x1-2-mm\/\" \/>\n<meta property=\"og:site_name\" content=\"GlobalTools\" \/>\n<meta property=\"article:modified_time\" content=\"2025-09-09T14:44:30+00:00\" \/>\n<meta property=\"og:image\" content=\"https:\/\/www.globaltools.pt\/wp-content\/uploads\/2025\/05\/lam-plaina-5.5-1.jpg\" \/>\n\t<meta property=\"og:image:width\" content=\"952\" \/>\n\t<meta property=\"og:image:height\" content=\"952\" \/>\n\t<meta property=\"og:image:type\" content=\"image\/jpeg\" \/>\n<meta name=\"twitter:card\" content=\"summary_large_image\" \/>\n<meta name=\"twitter:label1\" content=\"Est. reading time\" \/>\n\t<meta name=\"twitter:data1\" content=\"1 minute\" \/>\n<script type=\"application\/ld+json\" class=\"yoast-schema-graph\">{\"@context\":\"https:\/\/schema.org\",\"@graph\":[{\"@type\":\"WebPage\",\"@id\":\"https:\/\/www.globaltools.pt\/produto\/laminas-de-plaina-hss-m2-82x5-5x1-2-mm\/\",\"url\":\"https:\/\/www.globaltools.pt\/produto\/laminas-de-plaina-hss-m2-82x5-5x1-2-mm\/\",\"name\":\"L\u00e2minas de plaina HSS-M2 82x5.5x1.2 mm - DELTATOOLS\",\"isPartOf\":{\"@id\":\"https:\/\/www.globaltools.pt\/#website\"},\"primaryImageOfPage\":{\"@id\":\"https:\/\/www.globaltools.pt\/produto\/laminas-de-plaina-hss-m2-82x5-5x1-2-mm\/#primaryimage\"},\"image\":{\"@id\":\"https:\/\/www.globaltools.pt\/produto\/laminas-de-plaina-hss-m2-82x5-5x1-2-mm\/#primaryimage\"},\"thumbnailUrl\":\"https:\/\/www.globaltools.pt\/wp-content\/uploads\/2025\/05\/lam-plaina-5.5-1.jpg\",\"datePublished\":\"2025-05-08T14:32:56+00:00\",\"dateModified\":\"2025-09-09T14:44:30+00:00\",\"description\":\"L\u00e2minas de plaina material HSS-M2 a\u00e7o r\u00e1pido de elevada dureza (HRC 65), grande resist\u00eancia ao desgaste. Compat\u00edvel com a maioria das marcas. DELTATOOLS\",\"breadcrumb\":{\"@id\":\"https:\/\/www.globaltools.pt\/produto\/laminas-de-plaina-hss-m2-82x5-5x1-2-mm\/#breadcrumb\"},\"inLanguage\":\"en-US\",\"potentialAction\":[{\"@type\":\"ReadAction\",\"target\":[\"https:\/\/www.globaltools.pt\/produto\/laminas-de-plaina-hss-m2-82x5-5x1-2-mm\/\"]}]},{\"@type\":\"ImageObject\",\"inLanguage\":\"en-US\",\"@id\":\"https:\/\/www.globaltools.pt\/produto\/laminas-de-plaina-hss-m2-82x5-5x1-2-mm\/#primaryimage\",\"url\":\"https:\/\/www.globaltools.pt\/wp-content\/uploads\/2025\/05\/lam-plaina-5.5-1.jpg\",\"contentUrl\":\"https:\/\/www.globaltools.pt\/wp-content\/uploads\/2025\/05\/lam-plaina-5.5-1.jpg\",\"width\":952,\"height\":952},{\"@type\":\"BreadcrumbList\",\"@id\":\"https:\/\/www.globaltools.pt\/produto\/laminas-de-plaina-hss-m2-82x5-5x1-2-mm\/#breadcrumb\",\"itemListElement\":[{\"@type\":\"ListItem\",\"position\":1,\"name\":\"In\u00edcio\",\"item\":\"https:\/\/www.globaltools.pt\/\"},{\"@type\":\"ListItem\",\"position\":2,\"name\":\"Shop\",\"item\":\"https:\/\/www.globaltools.pt\/en\/shop\/\"},{\"@type\":\"ListItem\",\"position\":3,\"name\":\"L\u00e2minas de plaina HSS-M2 82&#215;5.5&#215;1.2 mm\"}]},{\"@type\":\"WebSite\",\"@id\":\"https:\/\/www.globaltools.pt\/#website\",\"url\":\"https:\/\/www.globaltools.pt\/\",\"name\":\"Globaltools\",\"description\":\"\",\"publisher\":{\"@id\":\"https:\/\/www.globaltools.pt\/#organization\"},\"potentialAction\":[{\"@type\":\"SearchAction\",\"target\":{\"@type\":\"EntryPoint\",\"urlTemplate\":\"https:\/\/www.globaltools.pt\/?s={search_term_string}\"},\"query-input\":{\"@type\":\"PropertyValueSpecification\",\"valueRequired\":true,\"valueName\":\"search_term_string\"}}],\"inLanguage\":\"en-US\"},{\"@type\":\"Organization\",\"@id\":\"https:\/\/www.globaltools.pt\/#organization\",\"name\":\"Globaltools\",\"url\":\"https:\/\/www.globaltools.pt\/\",\"logo\":{\"@type\":\"ImageObject\",\"inLanguage\":\"en-US\",\"@id\":\"https:\/\/www.globaltools.pt\/#\/schema\/logo\/image\/\",\"url\":\"https:\/\/www.globaltools.pt\/wp-content\/uploads\/2025\/05\/DELTATOOLS-LOGO.jpg\",\"contentUrl\":\"https:\/\/www.globaltools.pt\/wp-content\/uploads\/2025\/05\/DELTATOOLS-LOGO.jpg\",\"width\":542,\"height\":120,\"caption\":\"Globaltools\"},\"image\":{\"@id\":\"https:\/\/www.globaltools.pt\/#\/schema\/logo\/image\/\"}}]}<\/script>\n<!-- \/ Yoast SEO plugin. -->","yoast_head_json":{"title":"L\u00e2minas de plaina HSS-M2 82x5.5x1.2 mm - DELTATOOLS","description":"L\u00e2minas de plaina material HSS-M2 a\u00e7o r\u00e1pido de elevada dureza (HRC 65), grande resist\u00eancia ao desgaste. Compat\u00edvel com a maioria das marcas. DELTATOOLS","robots":{"index":"index","follow":"follow","max-snippet":"max-snippet:-1","max-image-preview":"max-image-preview:large","max-video-preview":"max-video-preview:-1"},"canonical":"https:\/\/www.globaltools.pt\/produto\/laminas-de-plaina-hss-m2-82x5-5x1-2-mm\/","og_locale":"en_US","og_type":"article","og_title":"L\u00e2minas de plaina HSS-M2 82x5.5x1.2 mm - DELTATOOLS","og_description":"L\u00e2minas de plaina material HSS-M2 a\u00e7o r\u00e1pido de elevada dureza (HRC 65), grande resist\u00eancia ao desgaste. Compat\u00edvel com a maioria das marcas. DELTATOOLS","og_url":"https:\/\/www.globaltools.pt\/produto\/laminas-de-plaina-hss-m2-82x5-5x1-2-mm\/","og_site_name":"GlobalTools","article_modified_time":"2025-09-09T14:44:30+00:00","og_image":[{"width":952,"height":952,"url":"https:\/\/www.globaltools.pt\/wp-content\/uploads\/2025\/05\/lam-plaina-5.5-1.jpg","type":"image\/jpeg"}],"twitter_card":"summary_large_image","twitter_misc":{"Est. reading time":"1 minute"},"schema":{"@context":"https:\/\/schema.org","@graph":[{"@type":"WebPage","@id":"https:\/\/www.globaltools.pt\/produto\/laminas-de-plaina-hss-m2-82x5-5x1-2-mm\/","url":"https:\/\/www.globaltools.pt\/produto\/laminas-de-plaina-hss-m2-82x5-5x1-2-mm\/","name":"L\u00e2minas de plaina HSS-M2 82x5.5x1.2 mm - DELTATOOLS","isPartOf":{"@id":"https:\/\/www.globaltools.pt\/#website"},"primaryImageOfPage":{"@id":"https:\/\/www.globaltools.pt\/produto\/laminas-de-plaina-hss-m2-82x5-5x1-2-mm\/#primaryimage"},"image":{"@id":"https:\/\/www.globaltools.pt\/produto\/laminas-de-plaina-hss-m2-82x5-5x1-2-mm\/#primaryimage"},"thumbnailUrl":"https:\/\/www.globaltools.pt\/wp-content\/uploads\/2025\/05\/lam-plaina-5.5-1.jpg","datePublished":"2025-05-08T14:32:56+00:00","dateModified":"2025-09-09T14:44:30+00:00","description":"L\u00e2minas de plaina material HSS-M2 a\u00e7o r\u00e1pido de elevada dureza (HRC 65), grande resist\u00eancia ao desgaste. Compat\u00edvel com a maioria das marcas. DELTATOOLS","breadcrumb":{"@id":"https:\/\/www.globaltools.pt\/produto\/laminas-de-plaina-hss-m2-82x5-5x1-2-mm\/#breadcrumb"},"inLanguage":"en-US","potentialAction":[{"@type":"ReadAction","target":["https:\/\/www.globaltools.pt\/produto\/laminas-de-plaina-hss-m2-82x5-5x1-2-mm\/"]}]},{"@type":"ImageObject","inLanguage":"en-US","@id":"https:\/\/www.globaltools.pt\/produto\/laminas-de-plaina-hss-m2-82x5-5x1-2-mm\/#primaryimage","url":"https:\/\/www.globaltools.pt\/wp-content\/uploads\/2025\/05\/lam-plaina-5.5-1.jpg","contentUrl":"https:\/\/www.globaltools.pt\/wp-content\/uploads\/2025\/05\/lam-plaina-5.5-1.jpg","width":952,"height":952},{"@type":"BreadcrumbList","@id":"https:\/\/www.globaltools.pt\/produto\/laminas-de-plaina-hss-m2-82x5-5x1-2-mm\/#breadcrumb","itemListElement":[{"@type":"ListItem","position":1,"name":"In\u00edcio","item":"https:\/\/www.globaltools.pt\/"},{"@type":"ListItem","position":2,"name":"Shop","item":"https:\/\/www.globaltools.pt\/en\/shop\/"},{"@type":"ListItem","position":3,"name":"L\u00e2minas de plaina HSS-M2 82&#215;5.5&#215;1.2 mm"}]},{"@type":"WebSite","@id":"https:\/\/www.globaltools.pt\/#website","url":"https:\/\/www.globaltools.pt\/","name":"Globaltools","description":"","publisher":{"@id":"https:\/\/www.globaltools.pt\/#organization"},"potentialAction":[{"@type":"SearchAction","target":{"@type":"EntryPoint","urlTemplate":"https:\/\/www.globaltools.pt\/?s={search_term_string}"},"query-input":{"@type":"PropertyValueSpecification","valueRequired":true,"valueName":"search_term_string"}}],"inLanguage":"en-US"},{"@type":"Organization","@id":"https:\/\/www.globaltools.pt\/#organization","name":"Globaltools","url":"https:\/\/www.globaltools.pt\/","logo":{"@type":"ImageObject","inLanguage":"en-US","@id":"https:\/\/www.globaltools.pt\/#\/schema\/logo\/image\/","url":"https:\/\/www.globaltools.pt\/wp-content\/uploads\/2025\/05\/DELTATOOLS-LOGO.jpg","contentUrl":"https:\/\/www.globaltools.pt\/wp-content\/uploads\/2025\/05\/DELTATOOLS-LOGO.jpg","width":542,"height":120,"caption":"Globaltools"},"image":{"@id":"https:\/\/www.globaltools.pt\/#\/schema\/logo\/image\/"}}]}},"_links":{"self":[{"href":"https:\/\/www.globaltools.pt\/en\/wp-json\/wp\/v2\/product\/17137","targetHints":{"allow":["GET"]}}],"collection":[{"href":"https:\/\/www.globaltools.pt\/en\/wp-json\/wp\/v2\/product"}],"about":[{"href":"https:\/\/www.globaltools.pt\/en\/wp-json\/wp\/v2\/types\/product"}],"version-history":[{"count":11,"href":"https:\/\/www.globaltools.pt\/en\/wp-json\/wp\/v2\/product\/17137\/revisions"}],"predecessor-version":[{"id":19723,"href":"https:\/\/www.globaltools.pt\/en\/wp-json\/wp\/v2\/product\/17137\/revisions\/19723"}],"wp:featuredmedia":[{"embeddable":true,"href":"https:\/\/www.globaltools.pt\/en\/wp-json\/wp\/v2\/media\/18107"}],"wp:attachment":[{"href":"https:\/\/www.globaltools.pt\/en\/wp-json\/wp\/v2\/media?parent=17137"}],"wp:term":[{"taxonomy":"product_brand","embeddable":true,"href":"https:\/\/www.globaltools.pt\/en\/wp-json\/wp\/v2\/product_brand?post=17137"},{"taxonomy":"product_cat","embeddable":true,"href":"https:\/\/www.globaltools.pt\/en\/wp-json\/wp\/v2\/product_cat?post=17137"},{"taxonomy":"product_tag","embeddable":true,"href":"https:\/\/www.globaltools.pt\/en\/wp-json\/wp\/v2\/product_tag?post=17137"}],"curies":[{"name":"wp","href":"https:\/\/api.w.org\/{rel}","templated":true}]}}