{"id":17177,"date":"2025-05-08T15:45:38","date_gmt":"2025-05-08T15:45:38","guid":{"rendered":"https:\/\/www.globaltools.pt\/?post_type=product&#038;p=17177"},"modified":"2025-09-09T15:09:53","modified_gmt":"2025-09-09T15:09:53","slug":"lamina-sabre-metais-aco-inox-aluminio","status":"publish","type":"product","link":"https:\/\/www.globaltools.pt\/en\/produto\/lamina-sabre-metais-aco-inox-aluminio\/","title":{"rendered":"L\u00e2mina Sabre Metais \/ A\u00e7o Inox \/ Alum\u00ednio"},"content":{"rendered":"\t\t<div data-elementor-type=\"product-post\" data-elementor-id=\"17177\" class=\"elementor elementor-17177\" data-elementor-post-type=\"product\">\n\t\t\t\t<div class=\"wd-negative-gap elementor-element elementor-element-9196392 e-grid e-con-boxed e-con e-parent\" data-id=\"9196392\" data-element_type=\"container\">\n\t\t\t\t\t<div class=\"e-con-inner\">\n\t\t\t\t<div class=\"elementor-element elementor-element-69ff81c elementor-widget elementor-widget-wd_text_block\" data-id=\"69ff81c\" data-element_type=\"widget\" data-widget_type=\"wd_text_block.default\">\n\t\t\t\t<div class=\"elementor-widget-container\">\n\t\t\t\t\t\t\t<div class=\"wd-text-block reset-last-child text-left\">\n\t\t\t\n\t\t\t<table border=\"0\" cellspacing=\"0\"><colgroup width=\"1160\"><\/colgroup><tbody><tr><td align=\"left\" valign=\"bottom\" height=\"18\"><p>&nbsp;<span style=\"background-color: transparent; color: rgb(0, 0, 0); font-size: 14px;\">L\u00e2minas Sabre DELTATOOLS <\/span><\/p><ul><li><span style=\"color: #000000;\">Para metais, a\u00e7o inox e alum\u00ednio. Feitas com material BIM bimetal de alta qualidade (HRC 58-64) resist\u00eancia \u00e0 tra\u00e7\u00e3o e ao desgaste, oferece cortes flex\u00edveis e vida \u00fatil prolongada. <\/span><\/li><li><span style=\"color: #000000;\">Passo dos dentes maior: indicadas para corte de materiais macios gra\u00e7as ao bom escoamento de res\u00edduos. Passo dos dentes menor: corte de materiais mais duros. Passo dos dentes vari\u00e1vel: indicado para corte de v\u00e1rios materiais. <\/span><\/li><li><span style=\"color: #000000;\">Dentes fresados laterais: l\u00e2minas com um corte grosseiro e r\u00e1pido.<\/span><\/li><li>A largura da l\u00e2mina influ\u00eancia a condu\u00e7\u00e3o do corte. Maior largura: indicada para condu\u00e7\u00e3o de cortes lineares.<\/li><li><span style=\"color: #000000;\">Encaixe em S para utiliza\u00e7\u00e3o em serras Sabre das mais diversas marcas.<\/span><\/li><\/ul><\/td><\/tr><\/tbody><\/table>\n\t\t\t\t\t<\/div>\n\t\t\t\t\t\t<\/div>\n\t\t\t\t<\/div>\n\t\t\t\t<div class=\"elementor-element elementor-element-146f0f3 elementor-widget elementor-widget-wd_image_or_svg\" data-id=\"146f0f3\" data-element_type=\"widget\" data-widget_type=\"wd_image_or_svg.default\">\n\t\t\t\t<div class=\"elementor-widget-container\">\n\t\t\t\t\t\n\t\t<div class=\"wd-image text-left\">\n\t\t\t\t\t\t\t\t<img fetchpriority=\"high\" decoding=\"async\" width=\"1203\" height=\"1208\" src=\"https:\/\/www.globaltools.pt\/wp-content\/uploads\/2025\/05\/NOVO-LAMINA-SABRE-METAIS-2.jpg\" class=\"attachment-full size-full\" alt=\"\" srcset=\"https:\/\/www.globaltools.pt\/wp-content\/uploads\/2025\/05\/NOVO-LAMINA-SABRE-METAIS-2.jpg 1203w, https:\/\/www.globaltools.pt\/wp-content\/uploads\/2025\/05\/NOVO-LAMINA-SABRE-METAIS-2-299x300.jpg 299w, https:\/\/www.globaltools.pt\/wp-content\/uploads\/2025\/05\/NOVO-LAMINA-SABRE-METAIS-2-797x800.jpg 797w, https:\/\/www.globaltools.pt\/wp-content\/uploads\/2025\/05\/NOVO-LAMINA-SABRE-METAIS-2-150x151.jpg 150w, https:\/\/www.globaltools.pt\/wp-content\/uploads\/2025\/05\/NOVO-LAMINA-SABRE-METAIS-2-768x771.jpg 768w, https:\/\/www.globaltools.pt\/wp-content\/uploads\/2025\/05\/NOVO-LAMINA-SABRE-METAIS-2-430x432.jpg 430w, https:\/\/www.globaltools.pt\/wp-content\/uploads\/2025\/05\/NOVO-LAMINA-SABRE-METAIS-2-700x703.jpg 700w\" sizes=\"(max-width: 1203px) 100vw, 1203px\" \/>\t\t\t\t\t<\/div>\n\n\t\t\t\t\t\t<\/div>\n\t\t\t\t<\/div>\n\t\t\t\t\t<\/div>\n\t\t\t\t<\/div>\n\t\t\t\t<\/div>\n\t\t","protected":false},"excerpt":{"rendered":"<table border=\"0\" cellspacing=\"0\">\n<colgroup width=\"1126\"><\/colgroup>\n<tbody>\n<tr>\n<td align=\"left\" valign=\"bottom\" height=\"18\"><span style=\"color: #000000;\"><img decoding=\"async\" class=\"alignnone wp-image-17863\" src=\"https:\/\/www.globaltools.pt\/wp-content\/uploads\/2025\/05\/DELTATOOLS-LOGO-400x89.jpg\" alt=\"\" width=\"153\" height=\"34\" srcset=\"https:\/\/www.globaltools.pt\/wp-content\/uploads\/2025\/05\/DELTATOOLS-LOGO-400x89.jpg 400w, https:\/\/www.globaltools.pt\/wp-content\/uploads\/2025\/05\/DELTATOOLS-LOGO-430x95.jpg 430w, https:\/\/www.globaltools.pt\/wp-content\/uploads\/2025\/05\/DELTATOOLS-LOGO-150x33.jpg 150w, https:\/\/www.globaltools.pt\/wp-content\/uploads\/2025\/05\/DELTATOOLS-LOGO.jpg 542w\" sizes=\"(max-width: 153px) 100vw, 153px\" \/><\/span><\/p>\n<p><span style=\"color: #000000;\">L\u00e2minas Sabre BIM bi-metal alta qualidade, ideal para <strong>a\u00e7o Inox e outros metais<\/strong><\/span><\/td>\n<\/tr>\n<\/tbody>\n<\/table>\n<p><img decoding=\"async\" class=\"alignnone wp-image-19738 size-full\" src=\"https:\/\/www.globaltools.pt\/wp-content\/uploads\/2025\/05\/TAB-LAM-SABRE-METAIS.png\" alt=\"\" width=\"501\" height=\"94\" srcset=\"https:\/\/www.globaltools.pt\/wp-content\/uploads\/2025\/05\/TAB-LAM-SABRE-METAIS.png 501w, https:\/\/www.globaltools.pt\/wp-content\/uploads\/2025\/05\/TAB-LAM-SABRE-METAIS-400x75.png 400w, https:\/\/www.globaltools.pt\/wp-content\/uploads\/2025\/05\/TAB-LAM-SABRE-METAIS-430x81.png 430w, https:\/\/www.globaltools.pt\/wp-content\/uploads\/2025\/05\/TAB-LAM-SABRE-METAIS-150x28.png 150w\" sizes=\"(max-width: 501px) 100vw, 501px\" \/><\/p>\n<p>&nbsp;<\/p>\n<p>&nbsp;<\/p>\n<p>&nbsp;<\/p>\n","protected":false},"featured_media":18061,"template":"","meta":[],"product_brand":[],"product_cat":[78],"product_tag":[],"class_list":{"0":"post-17177","1":"product","2":"type-product","3":"status-publish","4":"has-post-thumbnail","6":"product_cat-laminas-tico-tico-e-serra-sabre","8":"first","9":"instock","10":"shipping-taxable","11":"product-type-simple"},"yoast_head":"<!-- This site is optimized with the Yoast SEO plugin v26.7 - https:\/\/yoast.com\/wordpress\/plugins\/seo\/ -->\n<title>L\u00e2mina Sabre Metais \/ A\u00e7o Inox \/ Alum\u00ednio - GlobalTools<\/title>\n<meta name=\"robots\" content=\"index, follow, max-snippet:-1, max-image-preview:large, max-video-preview:-1\" \/>\n<link rel=\"canonical\" href=\"https:\/\/www.globaltools.pt\/produto\/lamina-sabre-metais-aco-inox-aluminio\/\" \/>\n<meta property=\"og:locale\" content=\"en_US\" \/>\n<meta property=\"og:type\" content=\"article\" \/>\n<meta property=\"og:title\" content=\"L\u00e2mina Sabre Metais \/ A\u00e7o Inox \/ Alum\u00ednio - GlobalTools\" \/>\n<meta property=\"og:description\" content=\"L\u00e2minas Sabre BIM bi-metal alta qualidade, ideal para a\u00e7o Inox e outros metais      &nbsp;  &nbsp;  &nbsp;\" \/>\n<meta property=\"og:url\" content=\"https:\/\/www.globaltools.pt\/produto\/lamina-sabre-metais-aco-inox-aluminio\/\" \/>\n<meta property=\"og:site_name\" content=\"GlobalTools\" \/>\n<meta property=\"article:modified_time\" content=\"2025-09-09T15:09:53+00:00\" \/>\n<meta property=\"og:image\" content=\"https:\/\/www.globaltools.pt\/wp-content\/uploads\/2025\/05\/lam-sabre-metal.jpg\" \/>\n\t<meta property=\"og:image:width\" content=\"952\" \/>\n\t<meta property=\"og:image:height\" content=\"952\" \/>\n\t<meta property=\"og:image:type\" content=\"image\/jpeg\" \/>\n<meta name=\"twitter:card\" content=\"summary_large_image\" \/>\n<meta name=\"twitter:label1\" content=\"Est. reading time\" \/>\n\t<meta name=\"twitter:data1\" content=\"1 minute\" \/>\n<script type=\"application\/ld+json\" class=\"yoast-schema-graph\">{\"@context\":\"https:\/\/schema.org\",\"@graph\":[{\"@type\":\"WebPage\",\"@id\":\"https:\/\/www.globaltools.pt\/produto\/lamina-sabre-metais-aco-inox-aluminio\/\",\"url\":\"https:\/\/www.globaltools.pt\/produto\/lamina-sabre-metais-aco-inox-aluminio\/\",\"name\":\"L\u00e2mina Sabre Metais \/ A\u00e7o Inox \/ Alum\u00ednio - GlobalTools\",\"isPartOf\":{\"@id\":\"https:\/\/www.globaltools.pt\/#website\"},\"primaryImageOfPage\":{\"@id\":\"https:\/\/www.globaltools.pt\/produto\/lamina-sabre-metais-aco-inox-aluminio\/#primaryimage\"},\"image\":{\"@id\":\"https:\/\/www.globaltools.pt\/produto\/lamina-sabre-metais-aco-inox-aluminio\/#primaryimage\"},\"thumbnailUrl\":\"https:\/\/www.globaltools.pt\/wp-content\/uploads\/2025\/05\/lam-sabre-metal.jpg\",\"datePublished\":\"2025-05-08T15:45:38+00:00\",\"dateModified\":\"2025-09-09T15:09:53+00:00\",\"breadcrumb\":{\"@id\":\"https:\/\/www.globaltools.pt\/produto\/lamina-sabre-metais-aco-inox-aluminio\/#breadcrumb\"},\"inLanguage\":\"en-US\",\"potentialAction\":[{\"@type\":\"ReadAction\",\"target\":[\"https:\/\/www.globaltools.pt\/produto\/lamina-sabre-metais-aco-inox-aluminio\/\"]}]},{\"@type\":\"ImageObject\",\"inLanguage\":\"en-US\",\"@id\":\"https:\/\/www.globaltools.pt\/produto\/lamina-sabre-metais-aco-inox-aluminio\/#primaryimage\",\"url\":\"https:\/\/www.globaltools.pt\/wp-content\/uploads\/2025\/05\/lam-sabre-metal.jpg\",\"contentUrl\":\"https:\/\/www.globaltools.pt\/wp-content\/uploads\/2025\/05\/lam-sabre-metal.jpg\",\"width\":952,\"height\":952},{\"@type\":\"BreadcrumbList\",\"@id\":\"https:\/\/www.globaltools.pt\/produto\/lamina-sabre-metais-aco-inox-aluminio\/#breadcrumb\",\"itemListElement\":[{\"@type\":\"ListItem\",\"position\":1,\"name\":\"In\u00edcio\",\"item\":\"https:\/\/www.globaltools.pt\/\"},{\"@type\":\"ListItem\",\"position\":2,\"name\":\"Shop\",\"item\":\"https:\/\/www.globaltools.pt\/en\/shop\/\"},{\"@type\":\"ListItem\",\"position\":3,\"name\":\"L\u00e2mina Sabre Metais \/ A\u00e7o Inox \/ Alum\u00ednio\"}]},{\"@type\":\"WebSite\",\"@id\":\"https:\/\/www.globaltools.pt\/#website\",\"url\":\"https:\/\/www.globaltools.pt\/\",\"name\":\"Globaltools\",\"description\":\"\",\"publisher\":{\"@id\":\"https:\/\/www.globaltools.pt\/#organization\"},\"potentialAction\":[{\"@type\":\"SearchAction\",\"target\":{\"@type\":\"EntryPoint\",\"urlTemplate\":\"https:\/\/www.globaltools.pt\/?s={search_term_string}\"},\"query-input\":{\"@type\":\"PropertyValueSpecification\",\"valueRequired\":true,\"valueName\":\"search_term_string\"}}],\"inLanguage\":\"en-US\"},{\"@type\":\"Organization\",\"@id\":\"https:\/\/www.globaltools.pt\/#organization\",\"name\":\"Globaltools\",\"url\":\"https:\/\/www.globaltools.pt\/\",\"logo\":{\"@type\":\"ImageObject\",\"inLanguage\":\"en-US\",\"@id\":\"https:\/\/www.globaltools.pt\/#\/schema\/logo\/image\/\",\"url\":\"https:\/\/www.globaltools.pt\/wp-content\/uploads\/2025\/05\/DELTATOOLS-LOGO.jpg\",\"contentUrl\":\"https:\/\/www.globaltools.pt\/wp-content\/uploads\/2025\/05\/DELTATOOLS-LOGO.jpg\",\"width\":542,\"height\":120,\"caption\":\"Globaltools\"},\"image\":{\"@id\":\"https:\/\/www.globaltools.pt\/#\/schema\/logo\/image\/\"}}]}<\/script>\n<!-- \/ Yoast SEO plugin. -->","yoast_head_json":{"title":"L\u00e2mina Sabre Metais \/ A\u00e7o Inox \/ Alum\u00ednio - GlobalTools","robots":{"index":"index","follow":"follow","max-snippet":"max-snippet:-1","max-image-preview":"max-image-preview:large","max-video-preview":"max-video-preview:-1"},"canonical":"https:\/\/www.globaltools.pt\/produto\/lamina-sabre-metais-aco-inox-aluminio\/","og_locale":"en_US","og_type":"article","og_title":"L\u00e2mina Sabre Metais \/ A\u00e7o Inox \/ Alum\u00ednio - GlobalTools","og_description":"L\u00e2minas Sabre BIM bi-metal alta qualidade, ideal para a\u00e7o Inox e outros metais      &nbsp;  &nbsp;  &nbsp;","og_url":"https:\/\/www.globaltools.pt\/produto\/lamina-sabre-metais-aco-inox-aluminio\/","og_site_name":"GlobalTools","article_modified_time":"2025-09-09T15:09:53+00:00","og_image":[{"width":952,"height":952,"url":"https:\/\/www.globaltools.pt\/wp-content\/uploads\/2025\/05\/lam-sabre-metal.jpg","type":"image\/jpeg"}],"twitter_card":"summary_large_image","twitter_misc":{"Est. reading time":"1 minute"},"schema":{"@context":"https:\/\/schema.org","@graph":[{"@type":"WebPage","@id":"https:\/\/www.globaltools.pt\/produto\/lamina-sabre-metais-aco-inox-aluminio\/","url":"https:\/\/www.globaltools.pt\/produto\/lamina-sabre-metais-aco-inox-aluminio\/","name":"L\u00e2mina Sabre Metais \/ A\u00e7o Inox \/ Alum\u00ednio - GlobalTools","isPartOf":{"@id":"https:\/\/www.globaltools.pt\/#website"},"primaryImageOfPage":{"@id":"https:\/\/www.globaltools.pt\/produto\/lamina-sabre-metais-aco-inox-aluminio\/#primaryimage"},"image":{"@id":"https:\/\/www.globaltools.pt\/produto\/lamina-sabre-metais-aco-inox-aluminio\/#primaryimage"},"thumbnailUrl":"https:\/\/www.globaltools.pt\/wp-content\/uploads\/2025\/05\/lam-sabre-metal.jpg","datePublished":"2025-05-08T15:45:38+00:00","dateModified":"2025-09-09T15:09:53+00:00","breadcrumb":{"@id":"https:\/\/www.globaltools.pt\/produto\/lamina-sabre-metais-aco-inox-aluminio\/#breadcrumb"},"inLanguage":"en-US","potentialAction":[{"@type":"ReadAction","target":["https:\/\/www.globaltools.pt\/produto\/lamina-sabre-metais-aco-inox-aluminio\/"]}]},{"@type":"ImageObject","inLanguage":"en-US","@id":"https:\/\/www.globaltools.pt\/produto\/lamina-sabre-metais-aco-inox-aluminio\/#primaryimage","url":"https:\/\/www.globaltools.pt\/wp-content\/uploads\/2025\/05\/lam-sabre-metal.jpg","contentUrl":"https:\/\/www.globaltools.pt\/wp-content\/uploads\/2025\/05\/lam-sabre-metal.jpg","width":952,"height":952},{"@type":"BreadcrumbList","@id":"https:\/\/www.globaltools.pt\/produto\/lamina-sabre-metais-aco-inox-aluminio\/#breadcrumb","itemListElement":[{"@type":"ListItem","position":1,"name":"In\u00edcio","item":"https:\/\/www.globaltools.pt\/"},{"@type":"ListItem","position":2,"name":"Shop","item":"https:\/\/www.globaltools.pt\/en\/shop\/"},{"@type":"ListItem","position":3,"name":"L\u00e2mina Sabre Metais \/ A\u00e7o Inox \/ Alum\u00ednio"}]},{"@type":"WebSite","@id":"https:\/\/www.globaltools.pt\/#website","url":"https:\/\/www.globaltools.pt\/","name":"Globaltools","description":"","publisher":{"@id":"https:\/\/www.globaltools.pt\/#organization"},"potentialAction":[{"@type":"SearchAction","target":{"@type":"EntryPoint","urlTemplate":"https:\/\/www.globaltools.pt\/?s={search_term_string}"},"query-input":{"@type":"PropertyValueSpecification","valueRequired":true,"valueName":"search_term_string"}}],"inLanguage":"en-US"},{"@type":"Organization","@id":"https:\/\/www.globaltools.pt\/#organization","name":"Globaltools","url":"https:\/\/www.globaltools.pt\/","logo":{"@type":"ImageObject","inLanguage":"en-US","@id":"https:\/\/www.globaltools.pt\/#\/schema\/logo\/image\/","url":"https:\/\/www.globaltools.pt\/wp-content\/uploads\/2025\/05\/DELTATOOLS-LOGO.jpg","contentUrl":"https:\/\/www.globaltools.pt\/wp-content\/uploads\/2025\/05\/DELTATOOLS-LOGO.jpg","width":542,"height":120,"caption":"Globaltools"},"image":{"@id":"https:\/\/www.globaltools.pt\/#\/schema\/logo\/image\/"}}]}},"_links":{"self":[{"href":"https:\/\/www.globaltools.pt\/en\/wp-json\/wp\/v2\/product\/17177","targetHints":{"allow":["GET"]}}],"collection":[{"href":"https:\/\/www.globaltools.pt\/en\/wp-json\/wp\/v2\/product"}],"about":[{"href":"https:\/\/www.globaltools.pt\/en\/wp-json\/wp\/v2\/types\/product"}],"version-history":[{"count":16,"href":"https:\/\/www.globaltools.pt\/en\/wp-json\/wp\/v2\/product\/17177\/revisions"}],"predecessor-version":[{"id":19741,"href":"https:\/\/www.globaltools.pt\/en\/wp-json\/wp\/v2\/product\/17177\/revisions\/19741"}],"wp:featuredmedia":[{"embeddable":true,"href":"https:\/\/www.globaltools.pt\/en\/wp-json\/wp\/v2\/media\/18061"}],"wp:attachment":[{"href":"https:\/\/www.globaltools.pt\/en\/wp-json\/wp\/v2\/media?parent=17177"}],"wp:term":[{"taxonomy":"product_brand","embeddable":true,"href":"https:\/\/www.globaltools.pt\/en\/wp-json\/wp\/v2\/product_brand?post=17177"},{"taxonomy":"product_cat","embeddable":true,"href":"https:\/\/www.globaltools.pt\/en\/wp-json\/wp\/v2\/product_cat?post=17177"},{"taxonomy":"product_tag","embeddable":true,"href":"https:\/\/www.globaltools.pt\/en\/wp-json\/wp\/v2\/product_tag?post=17177"}],"curies":[{"name":"wp","href":"https:\/\/api.w.org\/{rel}","templated":true}]}}