{"id":17346,"date":"2025-05-09T10:52:10","date_gmt":"2025-05-09T10:52:10","guid":{"rendered":"https:\/\/www.globaltools.pt\/?post_type=product&#038;p=17346"},"modified":"2025-09-10T08:33:27","modified_gmt":"2025-09-10T08:33:27","slug":"mangueira-de-ar-comprimido-poliuretano","status":"publish","type":"product","link":"https:\/\/www.globaltools.pt\/en\/produto\/mangueira-de-ar-comprimido-poliuretano\/","title":{"rendered":"Mangueira de Ar Comprimido Poliuretano"},"content":{"rendered":"\t\t<div data-elementor-type=\"product-post\" data-elementor-id=\"17346\" class=\"elementor elementor-17346\" data-elementor-post-type=\"product\">\n\t\t\t\t<div class=\"wd-negative-gap elementor-element elementor-element-9196392 e-grid e-con-boxed e-con e-parent\" data-id=\"9196392\" data-element_type=\"container\">\n\t\t\t\t\t<div class=\"e-con-inner\">\n\t\t\t\t<div class=\"elementor-element elementor-element-69ff81c elementor-widget elementor-widget-wd_text_block\" data-id=\"69ff81c\" data-element_type=\"widget\" data-widget_type=\"wd_text_block.default\">\n\t\t\t\t<div class=\"elementor-widget-container\">\n\t\t\t\t\t\t\t<div class=\"wd-text-block reset-last-child text-left\">\n\t\t\t\n\t\t\t<p>\u00a0<\/p><p>\u00a0<\/p><p>\u00a0<\/p><p>Mangueiras de ar comprimido DELTATOOLS<\/p><ul><li>Tubo em Poliuretano 95A, suporta altas cargas de tra\u00e7\u00e3o, compress\u00e3o, impacto e abras\u00e3o, possui excelente flexibilidade\u00a0 (aumenta o fluxo de ar e evita quebras de press\u00e3o). M\u00e1ximo: 13 Bar<\/li><li>Molas de prote\u00e7\u00e3o, oferecem resist\u00eancia \u00e0s extremidades de mangueiras.<\/li><li>Liga\u00e7\u00f5es 1\/4M-1\/4M liga\u00e7\u00f5es universais com rosca.<\/li><\/ul>\n\t\t\t\t\t<\/div>\n\t\t\t\t\t\t<\/div>\n\t\t\t\t<\/div>\n\t\t\t\t<div class=\"elementor-element elementor-element-146f0f3 elementor-widget elementor-widget-wd_image_or_svg\" data-id=\"146f0f3\" data-element_type=\"widget\" data-widget_type=\"wd_image_or_svg.default\">\n\t\t\t\t<div class=\"elementor-widget-container\">\n\t\t\t\t\t\n\t\t<div class=\"wd-image text-left\">\n\t\t\t\t\t\t\t\t<img fetchpriority=\"high\" decoding=\"async\" width=\"1200\" height=\"1200\" src=\"https:\/\/www.globaltools.pt\/wp-content\/uploads\/2025\/05\/38-MANGUEIRA-1.jpg\" class=\"attachment-full size-full\" alt=\"\" srcset=\"https:\/\/www.globaltools.pt\/wp-content\/uploads\/2025\/05\/38-MANGUEIRA-1.jpg 1200w, https:\/\/www.globaltools.pt\/wp-content\/uploads\/2025\/05\/38-MANGUEIRA-1-300x300.jpg 300w, https:\/\/www.globaltools.pt\/wp-content\/uploads\/2025\/05\/38-MANGUEIRA-1-800x800.jpg 800w, https:\/\/www.globaltools.pt\/wp-content\/uploads\/2025\/05\/38-MANGUEIRA-1-150x150.jpg 150w, https:\/\/www.globaltools.pt\/wp-content\/uploads\/2025\/05\/38-MANGUEIRA-1-768x768.jpg 768w, https:\/\/www.globaltools.pt\/wp-content\/uploads\/2025\/05\/38-MANGUEIRA-1-430x430.jpg 430w, https:\/\/www.globaltools.pt\/wp-content\/uploads\/2025\/05\/38-MANGUEIRA-1-700x700.jpg 700w\" sizes=\"(max-width: 1200px) 100vw, 1200px\" \/>\t\t\t\t\t<\/div>\n\n\t\t\t\t\t\t<\/div>\n\t\t\t\t<\/div>\n\t\t\t\t\t<\/div>\n\t\t\t\t<\/div>\n\t\t\t\t<\/div>\n\t\t","protected":false},"excerpt":{"rendered":"<p><img decoding=\"async\" class=\"alignnone wp-image-17863\" src=\"https:\/\/www.globaltools.pt\/wp-content\/uploads\/2025\/05\/DELTATOOLS-LOGO-400x89.jpg\" alt=\"\" width=\"153\" height=\"34\" srcset=\"https:\/\/www.globaltools.pt\/wp-content\/uploads\/2025\/05\/DELTATOOLS-LOGO-400x89.jpg 400w, https:\/\/www.globaltools.pt\/wp-content\/uploads\/2025\/05\/DELTATOOLS-LOGO-430x95.jpg 430w, https:\/\/www.globaltools.pt\/wp-content\/uploads\/2025\/05\/DELTATOOLS-LOGO-150x33.jpg 150w, https:\/\/www.globaltools.pt\/wp-content\/uploads\/2025\/05\/DELTATOOLS-LOGO.jpg 542w\" sizes=\"(max-width: 153px) 100vw, 153px\" \/><\/p>\n<p>Mangueira de ar comprimido com tubo em Poliuretano (PU), oferece <strong>flexibilidade, leveza <\/strong>e<strong> resist\u00eancia<\/strong> \u00e0 abras\u00e3o e tor\u00e7\u00e3o.<\/p>\n<p><img decoding=\"async\" class=\"alignnone wp-image-19796 size-full\" src=\"https:\/\/www.globaltools.pt\/wp-content\/uploads\/2025\/05\/TAB-MANGUEIRAS.png\" alt=\"\" width=\"501\" height=\"99\" srcset=\"https:\/\/www.globaltools.pt\/wp-content\/uploads\/2025\/05\/TAB-MANGUEIRAS.png 501w, https:\/\/www.globaltools.pt\/wp-content\/uploads\/2025\/05\/TAB-MANGUEIRAS-400x79.png 400w, https:\/\/www.globaltools.pt\/wp-content\/uploads\/2025\/05\/TAB-MANGUEIRAS-430x85.png 430w, https:\/\/www.globaltools.pt\/wp-content\/uploads\/2025\/05\/TAB-MANGUEIRAS-150x30.png 150w\" sizes=\"(max-width: 501px) 100vw, 501px\" \/><\/p>\n<p>&nbsp;<\/p>\n<p>&nbsp;<\/p>\n<p>&nbsp;<\/p>\n","protected":false},"featured_media":18027,"template":"","meta":[],"product_brand":[],"product_cat":[81],"product_tag":[],"class_list":{"0":"post-17346","1":"product","2":"type-product","3":"status-publish","4":"has-post-thumbnail","6":"product_cat-mangueiras-e-acessorios-ar-comprimido","8":"first","9":"instock","10":"shipping-taxable","11":"product-type-simple"},"yoast_head":"<!-- This site is optimized with the Yoast SEO plugin v26.7 - https:\/\/yoast.com\/wordpress\/plugins\/seo\/ -->\n<title>Mangueira de Ar Comprimido Poliuretano - GlobalTools<\/title>\n<meta name=\"robots\" content=\"index, follow, max-snippet:-1, max-image-preview:large, max-video-preview:-1\" \/>\n<link rel=\"canonical\" href=\"https:\/\/www.globaltools.pt\/produto\/mangueira-de-ar-comprimido-poliuretano\/\" \/>\n<meta property=\"og:locale\" content=\"en_US\" \/>\n<meta property=\"og:type\" content=\"article\" \/>\n<meta property=\"og:title\" content=\"Mangueira de Ar Comprimido Poliuretano - GlobalTools\" \/>\n<meta property=\"og:description\" content=\"Mangueira de ar comprimido com tubo em Poliuretano (PU), oferece flexibilidade, leveza e resist\u00eancia \u00e0 abras\u00e3o e tor\u00e7\u00e3o.    &nbsp;  &nbsp;  &nbsp;\" \/>\n<meta property=\"og:url\" content=\"https:\/\/www.globaltools.pt\/produto\/mangueira-de-ar-comprimido-poliuretano\/\" \/>\n<meta property=\"og:site_name\" content=\"GlobalTools\" \/>\n<meta property=\"article:modified_time\" content=\"2025-09-10T08:33:27+00:00\" \/>\n<meta property=\"og:image\" content=\"https:\/\/www.globaltools.pt\/wp-content\/uploads\/2025\/05\/mangueira.jpg\" \/>\n\t<meta property=\"og:image:width\" content=\"952\" \/>\n\t<meta property=\"og:image:height\" content=\"952\" \/>\n\t<meta property=\"og:image:type\" content=\"image\/jpeg\" \/>\n<meta name=\"twitter:card\" content=\"summary_large_image\" \/>\n<script type=\"application\/ld+json\" class=\"yoast-schema-graph\">{\"@context\":\"https:\/\/schema.org\",\"@graph\":[{\"@type\":\"WebPage\",\"@id\":\"https:\/\/www.globaltools.pt\/produto\/mangueira-de-ar-comprimido-poliuretano\/\",\"url\":\"https:\/\/www.globaltools.pt\/produto\/mangueira-de-ar-comprimido-poliuretano\/\",\"name\":\"Mangueira de Ar Comprimido Poliuretano - GlobalTools\",\"isPartOf\":{\"@id\":\"https:\/\/www.globaltools.pt\/#website\"},\"primaryImageOfPage\":{\"@id\":\"https:\/\/www.globaltools.pt\/produto\/mangueira-de-ar-comprimido-poliuretano\/#primaryimage\"},\"image\":{\"@id\":\"https:\/\/www.globaltools.pt\/produto\/mangueira-de-ar-comprimido-poliuretano\/#primaryimage\"},\"thumbnailUrl\":\"https:\/\/www.globaltools.pt\/wp-content\/uploads\/2025\/05\/mangueira.jpg\",\"datePublished\":\"2025-05-09T10:52:10+00:00\",\"dateModified\":\"2025-09-10T08:33:27+00:00\",\"breadcrumb\":{\"@id\":\"https:\/\/www.globaltools.pt\/produto\/mangueira-de-ar-comprimido-poliuretano\/#breadcrumb\"},\"inLanguage\":\"en-US\",\"potentialAction\":[{\"@type\":\"ReadAction\",\"target\":[\"https:\/\/www.globaltools.pt\/produto\/mangueira-de-ar-comprimido-poliuretano\/\"]}]},{\"@type\":\"ImageObject\",\"inLanguage\":\"en-US\",\"@id\":\"https:\/\/www.globaltools.pt\/produto\/mangueira-de-ar-comprimido-poliuretano\/#primaryimage\",\"url\":\"https:\/\/www.globaltools.pt\/wp-content\/uploads\/2025\/05\/mangueira.jpg\",\"contentUrl\":\"https:\/\/www.globaltools.pt\/wp-content\/uploads\/2025\/05\/mangueira.jpg\",\"width\":952,\"height\":952},{\"@type\":\"BreadcrumbList\",\"@id\":\"https:\/\/www.globaltools.pt\/produto\/mangueira-de-ar-comprimido-poliuretano\/#breadcrumb\",\"itemListElement\":[{\"@type\":\"ListItem\",\"position\":1,\"name\":\"In\u00edcio\",\"item\":\"https:\/\/www.globaltools.pt\/\"},{\"@type\":\"ListItem\",\"position\":2,\"name\":\"Shop\",\"item\":\"https:\/\/www.globaltools.pt\/en\/shop\/\"},{\"@type\":\"ListItem\",\"position\":3,\"name\":\"Mangueira de Ar Comprimido Poliuretano\"}]},{\"@type\":\"WebSite\",\"@id\":\"https:\/\/www.globaltools.pt\/#website\",\"url\":\"https:\/\/www.globaltools.pt\/\",\"name\":\"Globaltools\",\"description\":\"\",\"publisher\":{\"@id\":\"https:\/\/www.globaltools.pt\/#organization\"},\"potentialAction\":[{\"@type\":\"SearchAction\",\"target\":{\"@type\":\"EntryPoint\",\"urlTemplate\":\"https:\/\/www.globaltools.pt\/?s={search_term_string}\"},\"query-input\":{\"@type\":\"PropertyValueSpecification\",\"valueRequired\":true,\"valueName\":\"search_term_string\"}}],\"inLanguage\":\"en-US\"},{\"@type\":\"Organization\",\"@id\":\"https:\/\/www.globaltools.pt\/#organization\",\"name\":\"Globaltools\",\"url\":\"https:\/\/www.globaltools.pt\/\",\"logo\":{\"@type\":\"ImageObject\",\"inLanguage\":\"en-US\",\"@id\":\"https:\/\/www.globaltools.pt\/#\/schema\/logo\/image\/\",\"url\":\"https:\/\/www.globaltools.pt\/wp-content\/uploads\/2025\/05\/DELTATOOLS-LOGO.jpg\",\"contentUrl\":\"https:\/\/www.globaltools.pt\/wp-content\/uploads\/2025\/05\/DELTATOOLS-LOGO.jpg\",\"width\":542,\"height\":120,\"caption\":\"Globaltools\"},\"image\":{\"@id\":\"https:\/\/www.globaltools.pt\/#\/schema\/logo\/image\/\"}}]}<\/script>\n<!-- \/ Yoast SEO plugin. -->","yoast_head_json":{"title":"Mangueira de Ar Comprimido Poliuretano - GlobalTools","robots":{"index":"index","follow":"follow","max-snippet":"max-snippet:-1","max-image-preview":"max-image-preview:large","max-video-preview":"max-video-preview:-1"},"canonical":"https:\/\/www.globaltools.pt\/produto\/mangueira-de-ar-comprimido-poliuretano\/","og_locale":"en_US","og_type":"article","og_title":"Mangueira de Ar Comprimido Poliuretano - GlobalTools","og_description":"Mangueira de ar comprimido com tubo em Poliuretano (PU), oferece flexibilidade, leveza e resist\u00eancia \u00e0 abras\u00e3o e tor\u00e7\u00e3o.    &nbsp;  &nbsp;  &nbsp;","og_url":"https:\/\/www.globaltools.pt\/produto\/mangueira-de-ar-comprimido-poliuretano\/","og_site_name":"GlobalTools","article_modified_time":"2025-09-10T08:33:27+00:00","og_image":[{"width":952,"height":952,"url":"https:\/\/www.globaltools.pt\/wp-content\/uploads\/2025\/05\/mangueira.jpg","type":"image\/jpeg"}],"twitter_card":"summary_large_image","schema":{"@context":"https:\/\/schema.org","@graph":[{"@type":"WebPage","@id":"https:\/\/www.globaltools.pt\/produto\/mangueira-de-ar-comprimido-poliuretano\/","url":"https:\/\/www.globaltools.pt\/produto\/mangueira-de-ar-comprimido-poliuretano\/","name":"Mangueira de Ar Comprimido Poliuretano - GlobalTools","isPartOf":{"@id":"https:\/\/www.globaltools.pt\/#website"},"primaryImageOfPage":{"@id":"https:\/\/www.globaltools.pt\/produto\/mangueira-de-ar-comprimido-poliuretano\/#primaryimage"},"image":{"@id":"https:\/\/www.globaltools.pt\/produto\/mangueira-de-ar-comprimido-poliuretano\/#primaryimage"},"thumbnailUrl":"https:\/\/www.globaltools.pt\/wp-content\/uploads\/2025\/05\/mangueira.jpg","datePublished":"2025-05-09T10:52:10+00:00","dateModified":"2025-09-10T08:33:27+00:00","breadcrumb":{"@id":"https:\/\/www.globaltools.pt\/produto\/mangueira-de-ar-comprimido-poliuretano\/#breadcrumb"},"inLanguage":"en-US","potentialAction":[{"@type":"ReadAction","target":["https:\/\/www.globaltools.pt\/produto\/mangueira-de-ar-comprimido-poliuretano\/"]}]},{"@type":"ImageObject","inLanguage":"en-US","@id":"https:\/\/www.globaltools.pt\/produto\/mangueira-de-ar-comprimido-poliuretano\/#primaryimage","url":"https:\/\/www.globaltools.pt\/wp-content\/uploads\/2025\/05\/mangueira.jpg","contentUrl":"https:\/\/www.globaltools.pt\/wp-content\/uploads\/2025\/05\/mangueira.jpg","width":952,"height":952},{"@type":"BreadcrumbList","@id":"https:\/\/www.globaltools.pt\/produto\/mangueira-de-ar-comprimido-poliuretano\/#breadcrumb","itemListElement":[{"@type":"ListItem","position":1,"name":"In\u00edcio","item":"https:\/\/www.globaltools.pt\/"},{"@type":"ListItem","position":2,"name":"Shop","item":"https:\/\/www.globaltools.pt\/en\/shop\/"},{"@type":"ListItem","position":3,"name":"Mangueira de Ar Comprimido Poliuretano"}]},{"@type":"WebSite","@id":"https:\/\/www.globaltools.pt\/#website","url":"https:\/\/www.globaltools.pt\/","name":"Globaltools","description":"","publisher":{"@id":"https:\/\/www.globaltools.pt\/#organization"},"potentialAction":[{"@type":"SearchAction","target":{"@type":"EntryPoint","urlTemplate":"https:\/\/www.globaltools.pt\/?s={search_term_string}"},"query-input":{"@type":"PropertyValueSpecification","valueRequired":true,"valueName":"search_term_string"}}],"inLanguage":"en-US"},{"@type":"Organization","@id":"https:\/\/www.globaltools.pt\/#organization","name":"Globaltools","url":"https:\/\/www.globaltools.pt\/","logo":{"@type":"ImageObject","inLanguage":"en-US","@id":"https:\/\/www.globaltools.pt\/#\/schema\/logo\/image\/","url":"https:\/\/www.globaltools.pt\/wp-content\/uploads\/2025\/05\/DELTATOOLS-LOGO.jpg","contentUrl":"https:\/\/www.globaltools.pt\/wp-content\/uploads\/2025\/05\/DELTATOOLS-LOGO.jpg","width":542,"height":120,"caption":"Globaltools"},"image":{"@id":"https:\/\/www.globaltools.pt\/#\/schema\/logo\/image\/"}}]}},"_links":{"self":[{"href":"https:\/\/www.globaltools.pt\/en\/wp-json\/wp\/v2\/product\/17346","targetHints":{"allow":["GET"]}}],"collection":[{"href":"https:\/\/www.globaltools.pt\/en\/wp-json\/wp\/v2\/product"}],"about":[{"href":"https:\/\/www.globaltools.pt\/en\/wp-json\/wp\/v2\/types\/product"}],"version-history":[{"count":12,"href":"https:\/\/www.globaltools.pt\/en\/wp-json\/wp\/v2\/product\/17346\/revisions"}],"predecessor-version":[{"id":19799,"href":"https:\/\/www.globaltools.pt\/en\/wp-json\/wp\/v2\/product\/17346\/revisions\/19799"}],"wp:featuredmedia":[{"embeddable":true,"href":"https:\/\/www.globaltools.pt\/en\/wp-json\/wp\/v2\/media\/18027"}],"wp:attachment":[{"href":"https:\/\/www.globaltools.pt\/en\/wp-json\/wp\/v2\/media?parent=17346"}],"wp:term":[{"taxonomy":"product_brand","embeddable":true,"href":"https:\/\/www.globaltools.pt\/en\/wp-json\/wp\/v2\/product_brand?post=17346"},{"taxonomy":"product_cat","embeddable":true,"href":"https:\/\/www.globaltools.pt\/en\/wp-json\/wp\/v2\/product_cat?post=17346"},{"taxonomy":"product_tag","embeddable":true,"href":"https:\/\/www.globaltools.pt\/en\/wp-json\/wp\/v2\/product_tag?post=17346"}],"curies":[{"name":"wp","href":"https:\/\/api.w.org\/{rel}","templated":true}]}}