{"id":18772,"date":"2025-08-26T14:33:28","date_gmt":"2025-08-26T14:33:28","guid":{"rendered":"https:\/\/www.globaltools.pt\/?post_type=product&#038;p=18772"},"modified":"2026-01-30T12:14:09","modified_gmt":"2026-01-30T12:14:09","slug":"jogo-de-chaves-fendas-phillips-6-pcs","status":"publish","type":"product","link":"https:\/\/www.globaltools.pt\/en\/produto\/jogo-de-chaves-fendas-phillips-6-pcs\/","title":{"rendered":"Jogo de Chaves Fendas \/ Phillips &#8211; 6 Pcs"},"content":{"rendered":"\t\t<div data-elementor-type=\"product-post\" data-elementor-id=\"18772\" class=\"elementor elementor-18772\" data-elementor-post-type=\"product\">\n\t\t\t\t<div class=\"wd-negative-gap elementor-element elementor-element-8d51241 e-grid e-con-boxed e-con e-parent\" data-id=\"8d51241\" data-element_type=\"container\">\n\t\t\t\t\t<div class=\"e-con-inner\">\n\t\t\t\t<div class=\"elementor-element elementor-element-9c63db7 elementor-widget elementor-widget-wd_text_block\" data-id=\"9c63db7\" data-element_type=\"widget\" data-widget_type=\"wd_text_block.default\">\n\t\t\t\t<div class=\"elementor-widget-container\">\n\t\t\t\t\t\t\t<div class=\"wd-text-block reset-last-child text-left\">\n\t\t\t\n\t\t\t<p>\u00a0<\/p><p>Chaves de Fendas\/Phillips da DELTATOOLS<\/p><ul><li>Ponta Magn\u00e9tica com elevada ader\u00eancia, alta precis\u00e3o durante o aperto e melhor posicionamento dos parafusos.<\/li><li>\u00a0Material S2 (Spring Steel) A\u00e7o mo\u00e7a extra duro e de longa dura\u00e7\u00e3o com grande resist\u00eancia ao impacto e \u00e0 tor\u00e7\u00e3o (HRC 59-61)<\/li><li>Corpo em PP + TPR<br \/>PP: Material leve facilita o manuseio da chave. Resist\u00eancia ao impacto, tor\u00e7\u00f5es e desgaste do uso di\u00e1rio. <br \/>TPR: Material suave e ergon\u00f3mico torna o uso da chave mais confort\u00e1vel. Protege o corpo da chave contra danos e impactos.<\/li><\/ul>\n\t\t\t\t\t<\/div>\n\t\t\t\t\t\t<\/div>\n\t\t\t\t<\/div>\n\t\t\t\t<div class=\"elementor-element elementor-element-419147c elementor-widget elementor-widget-wd_image_or_svg\" data-id=\"419147c\" data-element_type=\"widget\" data-widget_type=\"wd_image_or_svg.default\">\n\t\t\t\t<div class=\"elementor-widget-container\">\n\t\t\t\t\t\n\t\t<div class=\"wd-image text-left\">\n\t\t\t\t\t\t\t\t<img fetchpriority=\"high\" decoding=\"async\" width=\"1200\" height=\"1200\" src=\"https:\/\/www.globaltools.pt\/wp-content\/uploads\/2025\/08\/NOVO-CHAVES-FENDAS-PHILLIPS-2.jpg\" class=\"attachment-full size-full\" alt=\"\" srcset=\"https:\/\/www.globaltools.pt\/wp-content\/uploads\/2025\/08\/NOVO-CHAVES-FENDAS-PHILLIPS-2.jpg 1200w, https:\/\/www.globaltools.pt\/wp-content\/uploads\/2025\/08\/NOVO-CHAVES-FENDAS-PHILLIPS-2-300x300.jpg 300w, https:\/\/www.globaltools.pt\/wp-content\/uploads\/2025\/08\/NOVO-CHAVES-FENDAS-PHILLIPS-2-800x800.jpg 800w, https:\/\/www.globaltools.pt\/wp-content\/uploads\/2025\/08\/NOVO-CHAVES-FENDAS-PHILLIPS-2-150x150.jpg 150w, https:\/\/www.globaltools.pt\/wp-content\/uploads\/2025\/08\/NOVO-CHAVES-FENDAS-PHILLIPS-2-768x768.jpg 768w, https:\/\/www.globaltools.pt\/wp-content\/uploads\/2025\/08\/NOVO-CHAVES-FENDAS-PHILLIPS-2-430x430.jpg 430w, https:\/\/www.globaltools.pt\/wp-content\/uploads\/2025\/08\/NOVO-CHAVES-FENDAS-PHILLIPS-2-700x700.jpg 700w\" sizes=\"(max-width: 1200px) 100vw, 1200px\" \/>\t\t\t\t\t<\/div>\n\n\t\t\t\t\t\t<\/div>\n\t\t\t\t<\/div>\n\t\t\t\t\t<\/div>\n\t\t\t\t<\/div>\n\t\t\t\t<\/div>\n\t\t","protected":false},"excerpt":{"rendered":"<p><img decoding=\"async\" class=\"alignnone wp-image-17863\" src=\"https:\/\/www.globaltools.pt\/wp-content\/uploads\/2025\/05\/DELTATOOLS-LOGO-400x89.jpg\" alt=\"\" width=\"153\" height=\"34\" srcset=\"https:\/\/www.globaltools.pt\/wp-content\/uploads\/2025\/05\/DELTATOOLS-LOGO-400x89.jpg 400w, https:\/\/www.globaltools.pt\/wp-content\/uploads\/2025\/05\/DELTATOOLS-LOGO-430x95.jpg 430w, https:\/\/www.globaltools.pt\/wp-content\/uploads\/2025\/05\/DELTATOOLS-LOGO-150x33.jpg 150w, https:\/\/www.globaltools.pt\/wp-content\/uploads\/2025\/05\/DELTATOOLS-LOGO.jpg 542w\" sizes=\"(max-width: 153px) 100vw, 153px\" \/><\/p>\n<p>Conjunto de 6 chaves de fendas \/ phillips com <strong>punhos ergon\u00f3micos anti-derrapantes<\/strong>.<\/p>\n<p><img decoding=\"async\" class=\"alignnone wp-image-20331 size-medium\" src=\"https:\/\/www.globaltools.pt\/wp-content\/uploads\/2025\/08\/JOGO-CHAVES-SL-PH-6P-TABELA-2-381x300.png\" alt=\"\" width=\"381\" height=\"300\" srcset=\"https:\/\/www.globaltools.pt\/wp-content\/uploads\/2025\/08\/JOGO-CHAVES-SL-PH-6P-TABELA-2-381x300.png 381w, https:\/\/www.globaltools.pt\/wp-content\/uploads\/2025\/08\/JOGO-CHAVES-SL-PH-6P-TABELA-2-430x338.png 430w, https:\/\/www.globaltools.pt\/wp-content\/uploads\/2025\/08\/JOGO-CHAVES-SL-PH-6P-TABELA-2-150x118.png 150w, https:\/\/www.globaltools.pt\/wp-content\/uploads\/2025\/08\/JOGO-CHAVES-SL-PH-6P-TABELA-2.png 501w\" sizes=\"(max-width: 381px) 100vw, 381px\" \/><\/p>\n<p>&nbsp;<\/p>\n<p>&nbsp;<\/p>\n","protected":false},"featured_media":18775,"template":"","meta":[],"product_brand":[],"product_cat":[72],"product_tag":[],"class_list":{"0":"post-18772","1":"product","2":"type-product","3":"status-publish","4":"has-post-thumbnail","6":"product_cat-jogos-chaves-bits-adaptadores-magneticos","8":"first","9":"instock","10":"featured","11":"shipping-taxable","12":"product-type-simple"},"yoast_head":"<!-- This site is optimized with the Yoast SEO plugin v26.7 - https:\/\/yoast.com\/wordpress\/plugins\/seo\/ -->\n<title>Jogo de Chaves Fendas \/ Phillips - 6 Pcs Disco cer\u00e2mico<\/title>\n<meta name=\"description\" content=\"Disco cer\u00e2mico diamantado HKTline com segmento K, oferece mais rendimento e precis\u00e3o no corte, com arestas mais perfeitas.\" \/>\n<meta name=\"robots\" content=\"index, follow, max-snippet:-1, max-image-preview:large, max-video-preview:-1\" \/>\n<link rel=\"canonical\" href=\"https:\/\/www.globaltools.pt\/produto\/jogo-de-chaves-fendas-phillips-6-pcs\/\" \/>\n<meta property=\"og:locale\" content=\"en_US\" \/>\n<meta property=\"og:type\" content=\"article\" \/>\n<meta property=\"og:title\" content=\"Jogo de Chaves Fendas \/ Phillips - 6 Pcs Disco cer\u00e2mico\" \/>\n<meta property=\"og:description\" content=\"Disco cer\u00e2mico diamantado HKTline com segmento K, oferece mais rendimento e precis\u00e3o no corte, com arestas mais perfeitas.\" \/>\n<meta property=\"og:url\" content=\"https:\/\/www.globaltools.pt\/produto\/jogo-de-chaves-fendas-phillips-6-pcs\/\" \/>\n<meta property=\"og:site_name\" content=\"GlobalTools\" \/>\n<meta property=\"article:modified_time\" content=\"2026-01-30T12:14:09+00:00\" \/>\n<meta property=\"og:image\" content=\"https:\/\/www.globaltools.pt\/wp-content\/uploads\/2025\/08\/JOGO-CHAVES-SL-PH-6P-WEBSITE.png\" \/>\n\t<meta property=\"og:image:width\" content=\"501\" \/>\n\t<meta property=\"og:image:height\" content=\"523\" \/>\n\t<meta property=\"og:image:type\" content=\"image\/png\" \/>\n<meta name=\"twitter:card\" content=\"summary_large_image\" \/>\n<meta name=\"twitter:label1\" content=\"Est. reading time\" \/>\n\t<meta name=\"twitter:data1\" content=\"1 minute\" \/>\n<script type=\"application\/ld+json\" class=\"yoast-schema-graph\">{\"@context\":\"https:\/\/schema.org\",\"@graph\":[{\"@type\":\"WebPage\",\"@id\":\"https:\/\/www.globaltools.pt\/produto\/jogo-de-chaves-fendas-phillips-6-pcs\/\",\"url\":\"https:\/\/www.globaltools.pt\/produto\/jogo-de-chaves-fendas-phillips-6-pcs\/\",\"name\":\"Jogo de Chaves Fendas \/ Phillips - 6 Pcs Disco cer\u00e2mico\",\"isPartOf\":{\"@id\":\"https:\/\/www.globaltools.pt\/#website\"},\"primaryImageOfPage\":{\"@id\":\"https:\/\/www.globaltools.pt\/produto\/jogo-de-chaves-fendas-phillips-6-pcs\/#primaryimage\"},\"image\":{\"@id\":\"https:\/\/www.globaltools.pt\/produto\/jogo-de-chaves-fendas-phillips-6-pcs\/#primaryimage\"},\"thumbnailUrl\":\"https:\/\/www.globaltools.pt\/wp-content\/uploads\/2025\/08\/JOGO-CHAVES-SL-PH-6P-WEBSITE.png\",\"datePublished\":\"2025-08-26T14:33:28+00:00\",\"dateModified\":\"2026-01-30T12:14:09+00:00\",\"description\":\"Disco cer\u00e2mico diamantado HKTline com segmento K, oferece mais rendimento e precis\u00e3o no corte, com arestas mais perfeitas.\",\"breadcrumb\":{\"@id\":\"https:\/\/www.globaltools.pt\/produto\/jogo-de-chaves-fendas-phillips-6-pcs\/#breadcrumb\"},\"inLanguage\":\"en-US\",\"potentialAction\":[{\"@type\":\"ReadAction\",\"target\":[\"https:\/\/www.globaltools.pt\/produto\/jogo-de-chaves-fendas-phillips-6-pcs\/\"]}]},{\"@type\":\"ImageObject\",\"inLanguage\":\"en-US\",\"@id\":\"https:\/\/www.globaltools.pt\/produto\/jogo-de-chaves-fendas-phillips-6-pcs\/#primaryimage\",\"url\":\"https:\/\/www.globaltools.pt\/wp-content\/uploads\/2025\/08\/JOGO-CHAVES-SL-PH-6P-WEBSITE.png\",\"contentUrl\":\"https:\/\/www.globaltools.pt\/wp-content\/uploads\/2025\/08\/JOGO-CHAVES-SL-PH-6P-WEBSITE.png\",\"width\":501,\"height\":523},{\"@type\":\"BreadcrumbList\",\"@id\":\"https:\/\/www.globaltools.pt\/produto\/jogo-de-chaves-fendas-phillips-6-pcs\/#breadcrumb\",\"itemListElement\":[{\"@type\":\"ListItem\",\"position\":1,\"name\":\"In\u00edcio\",\"item\":\"https:\/\/www.globaltools.pt\/\"},{\"@type\":\"ListItem\",\"position\":2,\"name\":\"Shop\",\"item\":\"https:\/\/www.globaltools.pt\/en\/shop\/\"},{\"@type\":\"ListItem\",\"position\":3,\"name\":\"Jogo de Chaves Fendas \/ Phillips &#8211; 6 Pcs\"}]},{\"@type\":\"WebSite\",\"@id\":\"https:\/\/www.globaltools.pt\/#website\",\"url\":\"https:\/\/www.globaltools.pt\/\",\"name\":\"Globaltools\",\"description\":\"\",\"publisher\":{\"@id\":\"https:\/\/www.globaltools.pt\/#organization\"},\"potentialAction\":[{\"@type\":\"SearchAction\",\"target\":{\"@type\":\"EntryPoint\",\"urlTemplate\":\"https:\/\/www.globaltools.pt\/?s={search_term_string}\"},\"query-input\":{\"@type\":\"PropertyValueSpecification\",\"valueRequired\":true,\"valueName\":\"search_term_string\"}}],\"inLanguage\":\"en-US\"},{\"@type\":\"Organization\",\"@id\":\"https:\/\/www.globaltools.pt\/#organization\",\"name\":\"Globaltools\",\"url\":\"https:\/\/www.globaltools.pt\/\",\"logo\":{\"@type\":\"ImageObject\",\"inLanguage\":\"en-US\",\"@id\":\"https:\/\/www.globaltools.pt\/#\/schema\/logo\/image\/\",\"url\":\"https:\/\/www.globaltools.pt\/wp-content\/uploads\/2025\/05\/DELTATOOLS-LOGO.jpg\",\"contentUrl\":\"https:\/\/www.globaltools.pt\/wp-content\/uploads\/2025\/05\/DELTATOOLS-LOGO.jpg\",\"width\":542,\"height\":120,\"caption\":\"Globaltools\"},\"image\":{\"@id\":\"https:\/\/www.globaltools.pt\/#\/schema\/logo\/image\/\"}}]}<\/script>\n<!-- \/ Yoast SEO plugin. -->","yoast_head_json":{"title":"Jogo de Chaves Fendas \/ Phillips - 6 Pcs Disco cer\u00e2mico","description":"Disco cer\u00e2mico diamantado HKTline com segmento K, oferece mais rendimento e precis\u00e3o no corte, com arestas mais perfeitas.","robots":{"index":"index","follow":"follow","max-snippet":"max-snippet:-1","max-image-preview":"max-image-preview:large","max-video-preview":"max-video-preview:-1"},"canonical":"https:\/\/www.globaltools.pt\/produto\/jogo-de-chaves-fendas-phillips-6-pcs\/","og_locale":"en_US","og_type":"article","og_title":"Jogo de Chaves Fendas \/ Phillips - 6 Pcs Disco cer\u00e2mico","og_description":"Disco cer\u00e2mico diamantado HKTline com segmento K, oferece mais rendimento e precis\u00e3o no corte, com arestas mais perfeitas.","og_url":"https:\/\/www.globaltools.pt\/produto\/jogo-de-chaves-fendas-phillips-6-pcs\/","og_site_name":"GlobalTools","article_modified_time":"2026-01-30T12:14:09+00:00","og_image":[{"width":501,"height":523,"url":"https:\/\/www.globaltools.pt\/wp-content\/uploads\/2025\/08\/JOGO-CHAVES-SL-PH-6P-WEBSITE.png","type":"image\/png"}],"twitter_card":"summary_large_image","twitter_misc":{"Est. reading time":"1 minute"},"schema":{"@context":"https:\/\/schema.org","@graph":[{"@type":"WebPage","@id":"https:\/\/www.globaltools.pt\/produto\/jogo-de-chaves-fendas-phillips-6-pcs\/","url":"https:\/\/www.globaltools.pt\/produto\/jogo-de-chaves-fendas-phillips-6-pcs\/","name":"Jogo de Chaves Fendas \/ Phillips - 6 Pcs Disco cer\u00e2mico","isPartOf":{"@id":"https:\/\/www.globaltools.pt\/#website"},"primaryImageOfPage":{"@id":"https:\/\/www.globaltools.pt\/produto\/jogo-de-chaves-fendas-phillips-6-pcs\/#primaryimage"},"image":{"@id":"https:\/\/www.globaltools.pt\/produto\/jogo-de-chaves-fendas-phillips-6-pcs\/#primaryimage"},"thumbnailUrl":"https:\/\/www.globaltools.pt\/wp-content\/uploads\/2025\/08\/JOGO-CHAVES-SL-PH-6P-WEBSITE.png","datePublished":"2025-08-26T14:33:28+00:00","dateModified":"2026-01-30T12:14:09+00:00","description":"Disco cer\u00e2mico diamantado HKTline com segmento K, oferece mais rendimento e precis\u00e3o no corte, com arestas mais perfeitas.","breadcrumb":{"@id":"https:\/\/www.globaltools.pt\/produto\/jogo-de-chaves-fendas-phillips-6-pcs\/#breadcrumb"},"inLanguage":"en-US","potentialAction":[{"@type":"ReadAction","target":["https:\/\/www.globaltools.pt\/produto\/jogo-de-chaves-fendas-phillips-6-pcs\/"]}]},{"@type":"ImageObject","inLanguage":"en-US","@id":"https:\/\/www.globaltools.pt\/produto\/jogo-de-chaves-fendas-phillips-6-pcs\/#primaryimage","url":"https:\/\/www.globaltools.pt\/wp-content\/uploads\/2025\/08\/JOGO-CHAVES-SL-PH-6P-WEBSITE.png","contentUrl":"https:\/\/www.globaltools.pt\/wp-content\/uploads\/2025\/08\/JOGO-CHAVES-SL-PH-6P-WEBSITE.png","width":501,"height":523},{"@type":"BreadcrumbList","@id":"https:\/\/www.globaltools.pt\/produto\/jogo-de-chaves-fendas-phillips-6-pcs\/#breadcrumb","itemListElement":[{"@type":"ListItem","position":1,"name":"In\u00edcio","item":"https:\/\/www.globaltools.pt\/"},{"@type":"ListItem","position":2,"name":"Shop","item":"https:\/\/www.globaltools.pt\/en\/shop\/"},{"@type":"ListItem","position":3,"name":"Jogo de Chaves Fendas \/ Phillips &#8211; 6 Pcs"}]},{"@type":"WebSite","@id":"https:\/\/www.globaltools.pt\/#website","url":"https:\/\/www.globaltools.pt\/","name":"Globaltools","description":"","publisher":{"@id":"https:\/\/www.globaltools.pt\/#organization"},"potentialAction":[{"@type":"SearchAction","target":{"@type":"EntryPoint","urlTemplate":"https:\/\/www.globaltools.pt\/?s={search_term_string}"},"query-input":{"@type":"PropertyValueSpecification","valueRequired":true,"valueName":"search_term_string"}}],"inLanguage":"en-US"},{"@type":"Organization","@id":"https:\/\/www.globaltools.pt\/#organization","name":"Globaltools","url":"https:\/\/www.globaltools.pt\/","logo":{"@type":"ImageObject","inLanguage":"en-US","@id":"https:\/\/www.globaltools.pt\/#\/schema\/logo\/image\/","url":"https:\/\/www.globaltools.pt\/wp-content\/uploads\/2025\/05\/DELTATOOLS-LOGO.jpg","contentUrl":"https:\/\/www.globaltools.pt\/wp-content\/uploads\/2025\/05\/DELTATOOLS-LOGO.jpg","width":542,"height":120,"caption":"Globaltools"},"image":{"@id":"https:\/\/www.globaltools.pt\/#\/schema\/logo\/image\/"}}]}},"_links":{"self":[{"href":"https:\/\/www.globaltools.pt\/en\/wp-json\/wp\/v2\/product\/18772","targetHints":{"allow":["GET"]}}],"collection":[{"href":"https:\/\/www.globaltools.pt\/en\/wp-json\/wp\/v2\/product"}],"about":[{"href":"https:\/\/www.globaltools.pt\/en\/wp-json\/wp\/v2\/types\/product"}],"version-history":[{"count":19,"href":"https:\/\/www.globaltools.pt\/en\/wp-json\/wp\/v2\/product\/18772\/revisions"}],"predecessor-version":[{"id":20332,"href":"https:\/\/www.globaltools.pt\/en\/wp-json\/wp\/v2\/product\/18772\/revisions\/20332"}],"wp:featuredmedia":[{"embeddable":true,"href":"https:\/\/www.globaltools.pt\/en\/wp-json\/wp\/v2\/media\/18775"}],"wp:attachment":[{"href":"https:\/\/www.globaltools.pt\/en\/wp-json\/wp\/v2\/media?parent=18772"}],"wp:term":[{"taxonomy":"product_brand","embeddable":true,"href":"https:\/\/www.globaltools.pt\/en\/wp-json\/wp\/v2\/product_brand?post=18772"},{"taxonomy":"product_cat","embeddable":true,"href":"https:\/\/www.globaltools.pt\/en\/wp-json\/wp\/v2\/product_cat?post=18772"},{"taxonomy":"product_tag","embeddable":true,"href":"https:\/\/www.globaltools.pt\/en\/wp-json\/wp\/v2\/product_tag?post=18772"}],"curies":[{"name":"wp","href":"https:\/\/api.w.org\/{rel}","templated":true}]}}