{"id":20235,"date":"2026-01-12T15:15:41","date_gmt":"2026-01-12T15:15:41","guid":{"rendered":"https:\/\/www.globaltools.pt\/?post_type=product&#038;p=20235"},"modified":"2026-01-12T15:29:04","modified_gmt":"2026-01-12T15:29:04","slug":"raspador-de-chao-angular-sds-plus","status":"publish","type":"product","link":"https:\/\/www.globaltools.pt\/en\/produto\/raspador-de-chao-angular-sds-plus\/","title":{"rendered":"Raspador de Ch\u00e3o Angular SDS Plus"},"content":{"rendered":"\t\t<div data-elementor-type=\"product-post\" data-elementor-id=\"20235\" class=\"elementor elementor-20235\" data-elementor-post-type=\"product\">\n\t\t\t\t<div class=\"wd-negative-gap elementor-element elementor-element-b2f44d9 e-grid e-con-boxed e-con e-parent\" data-id=\"b2f44d9\" data-element_type=\"container\">\n\t\t\t\t\t<div class=\"e-con-inner\">\n\t\t\t\t<div class=\"elementor-element elementor-element-22dce44 elementor-widget elementor-widget-wd_text_block\" data-id=\"22dce44\" data-element_type=\"widget\" data-widget_type=\"wd_text_block.default\">\n\t\t\t\t<div class=\"elementor-widget-container\">\n\t\t\t\t\t\t\t<div class=\"wd-text-block reset-last-child text-left\">\n\t\t\t\n\t\t\t<p>Raspador de ch\u00e3o angular da DELTATOOLS<\/p><ul><li>50 mm de largura que torna qualquer trabalho de raspagem r\u00e1pido e simples.<\/li><li>\u00c2ngulo de 15\u00ba-20\u00ba que garante mais rentabilidade e efici\u00eancia no trabalho. Efeito de alavanca ajuda a remover os res\u00edduos com maior facilidade, protegendo sempre a superf\u00edcie de trabalho.<\/li><li>Material 40Cr: a\u00e7o especial de alta qualidade com tratamento t\u00e9rmico. Grande resist\u00eancia ao impacto e ao desgaste.<\/li><\/ul>\n\t\t\t\t\t<\/div>\n\t\t\t\t\t\t<\/div>\n\t\t\t\t<\/div>\n\t\t\t\t<div class=\"elementor-element elementor-element-cb6d43f elementor-widget elementor-widget-wd_image_or_svg\" data-id=\"cb6d43f\" data-element_type=\"widget\" data-widget_type=\"wd_image_or_svg.default\">\n\t\t\t\t<div class=\"elementor-widget-container\">\n\t\t\t\t\t\n\t\t<div class=\"wd-image text-left\">\n\t\t\t\t\t\t\t\t<img fetchpriority=\"high\" decoding=\"async\" width=\"1237\" height=\"1200\" src=\"https:\/\/www.globaltools.pt\/wp-content\/uploads\/2026\/01\/NOVO-RASPADOR-SDS-PLUS.jpg\" class=\"attachment-full size-full\" alt=\"\" srcset=\"https:\/\/www.globaltools.pt\/wp-content\/uploads\/2026\/01\/NOVO-RASPADOR-SDS-PLUS.jpg 1237w, https:\/\/www.globaltools.pt\/wp-content\/uploads\/2026\/01\/NOVO-RASPADOR-SDS-PLUS-309x300.jpg 309w, https:\/\/www.globaltools.pt\/wp-content\/uploads\/2026\/01\/NOVO-RASPADOR-SDS-PLUS-825x800.jpg 825w, https:\/\/www.globaltools.pt\/wp-content\/uploads\/2026\/01\/NOVO-RASPADOR-SDS-PLUS-768x745.jpg 768w, https:\/\/www.globaltools.pt\/wp-content\/uploads\/2026\/01\/NOVO-RASPADOR-SDS-PLUS-430x417.jpg 430w, https:\/\/www.globaltools.pt\/wp-content\/uploads\/2026\/01\/NOVO-RASPADOR-SDS-PLUS-700x679.jpg 700w, https:\/\/www.globaltools.pt\/wp-content\/uploads\/2026\/01\/NOVO-RASPADOR-SDS-PLUS-150x146.jpg 150w\" sizes=\"(max-width: 1237px) 100vw, 1237px\" \/>\t\t\t\t\t<\/div>\n\n\t\t\t\t\t\t<\/div>\n\t\t\t\t<\/div>\n\t\t\t\t\t<\/div>\n\t\t\t\t<\/div>\n\t\t\t\t<\/div>\n\t\t","protected":false},"excerpt":{"rendered":"<p><img decoding=\"async\" class=\"alignnone wp-image-17863\" src=\"https:\/\/www.globaltools.pt\/wp-content\/uploads\/2025\/05\/DELTATOOLS-LOGO-400x89.jpg\" alt=\"\" width=\"153\" height=\"34\" srcset=\"https:\/\/www.globaltools.pt\/wp-content\/uploads\/2025\/05\/DELTATOOLS-LOGO-400x89.jpg 400w, https:\/\/www.globaltools.pt\/wp-content\/uploads\/2025\/05\/DELTATOOLS-LOGO-430x95.jpg 430w, https:\/\/www.globaltools.pt\/wp-content\/uploads\/2025\/05\/DELTATOOLS-LOGO-150x33.jpg 150w, https:\/\/www.globaltools.pt\/wp-content\/uploads\/2025\/05\/DELTATOOLS-LOGO.jpg 542w\" sizes=\"(max-width: 153px) 100vw, 153px\" \/><\/p>\n<p><img decoding=\"async\" class=\"alignnone wp-image-19955\" src=\"https:\/\/www.globaltools.pt\/wp-content\/uploads\/2025\/10\/DISPONIVEL-BREVEMENTE-2-400x125.png\" alt=\"\" width=\"200\" height=\"62\" srcset=\"https:\/\/www.globaltools.pt\/wp-content\/uploads\/2025\/10\/DISPONIVEL-BREVEMENTE-2-400x125.png 400w, https:\/\/www.globaltools.pt\/wp-content\/uploads\/2025\/10\/DISPONIVEL-BREVEMENTE-2-768x240.png 768w, https:\/\/www.globaltools.pt\/wp-content\/uploads\/2025\/10\/DISPONIVEL-BREVEMENTE-2-430x134.png 430w, https:\/\/www.globaltools.pt\/wp-content\/uploads\/2025\/10\/DISPONIVEL-BREVEMENTE-2-700x219.png 700w, https:\/\/www.globaltools.pt\/wp-content\/uploads\/2025\/10\/DISPONIVEL-BREVEMENTE-2-150x47.png 150w, https:\/\/www.globaltools.pt\/wp-content\/uploads\/2025\/10\/DISPONIVEL-BREVEMENTE-2.png 820w\" sizes=\"(max-width: 200px) 100vw, 200px\" \/><\/p>\n<p>Raspador de ch\u00e3o angular com<strong> \u00e2ngulo de 15\u00ba-20\u00ba<\/strong> que oferece <strong>maior rentabilidade<\/strong> de trabalho. Produzido com <strong>material 40Cr<\/strong>, a\u00e7o especial de alta qualidade com grande resist\u00eancia ao impacto e ao desgaste.<\/p>\n<p><img loading=\"lazy\" decoding=\"async\" class=\"alignnone wp-image-20239 \" src=\"https:\/\/www.globaltools.pt\/wp-content\/uploads\/2026\/01\/TABELA-RASPADOR-SDS-PLUS.png\" alt=\"\" width=\"768\" height=\"81\" srcset=\"https:\/\/www.globaltools.pt\/wp-content\/uploads\/2026\/01\/TABELA-RASPADOR-SDS-PLUS.png 1317w, https:\/\/www.globaltools.pt\/wp-content\/uploads\/2026\/01\/TABELA-RASPADOR-SDS-PLUS-400x42.png 400w, https:\/\/www.globaltools.pt\/wp-content\/uploads\/2026\/01\/TABELA-RASPADOR-SDS-PLUS-1300x137.png 1300w, https:\/\/www.globaltools.pt\/wp-content\/uploads\/2026\/01\/TABELA-RASPADOR-SDS-PLUS-768x81.png 768w, https:\/\/www.globaltools.pt\/wp-content\/uploads\/2026\/01\/TABELA-RASPADOR-SDS-PLUS-430x45.png 430w, https:\/\/www.globaltools.pt\/wp-content\/uploads\/2026\/01\/TABELA-RASPADOR-SDS-PLUS-700x74.png 700w, https:\/\/www.globaltools.pt\/wp-content\/uploads\/2026\/01\/TABELA-RASPADOR-SDS-PLUS-150x16.png 150w\" sizes=\"(max-width: 768px) 100vw, 768px\" \/><\/p>\n<p>&nbsp;<\/p>\n","protected":false},"featured_media":20236,"template":"","meta":[],"product_brand":[],"product_cat":[37],"product_tag":[],"class_list":{"0":"post-20235","1":"product","2":"type-product","3":"status-publish","4":"has-post-thumbnail","6":"product_cat-brocas-ponteiros-escopros-sds-plus-e-max","8":"first","9":"instock","10":"shipping-taxable","11":"product-type-simple"},"yoast_head":"<!-- This site is optimized with the Yoast SEO plugin v26.7 - https:\/\/yoast.com\/wordpress\/plugins\/seo\/ -->\n<title>Raspador de Ch\u00e3o Angular SDS Plus Raspador de Ch\u00e3o SDS Plus<\/title>\n<meta name=\"description\" content=\"Raspador de ch\u00e3o angular com \u00e2ngulo de 15\u00ba-20\u00ba que oferece maior rentabilidade. Material 40Cr, a\u00e7o especial alta qualidade grande resist\u00eancia ao impacto e ao desgaste.\" \/>\n<meta name=\"robots\" content=\"index, follow, max-snippet:-1, max-image-preview:large, max-video-preview:-1\" \/>\n<link rel=\"canonical\" href=\"https:\/\/www.globaltools.pt\/produto\/raspador-de-chao-angular-sds-plus\/\" \/>\n<meta property=\"og:locale\" content=\"en_US\" \/>\n<meta property=\"og:type\" content=\"article\" \/>\n<meta property=\"og:title\" content=\"Raspador de Ch\u00e3o Angular SDS Plus Raspador de Ch\u00e3o SDS Plus\" \/>\n<meta property=\"og:description\" content=\"Raspador de ch\u00e3o angular com \u00e2ngulo de 15\u00ba-20\u00ba que oferece maior rentabilidade. Material 40Cr, a\u00e7o especial alta qualidade grande resist\u00eancia ao impacto e ao desgaste.\" \/>\n<meta property=\"og:url\" content=\"https:\/\/www.globaltools.pt\/produto\/raspador-de-chao-angular-sds-plus\/\" \/>\n<meta property=\"og:site_name\" content=\"GlobalTools\" \/>\n<meta property=\"article:modified_time\" content=\"2026-01-12T15:29:04+00:00\" \/>\n<meta property=\"og:image\" content=\"https:\/\/www.globaltools.pt\/wp-content\/uploads\/2026\/01\/raspador-sds-plus.jpg\" \/>\n\t<meta property=\"og:image:width\" content=\"953\" \/>\n\t<meta property=\"og:image:height\" content=\"953\" \/>\n\t<meta property=\"og:image:type\" content=\"image\/jpeg\" \/>\n<meta name=\"twitter:card\" content=\"summary_large_image\" \/>\n<meta name=\"twitter:label1\" content=\"Est. reading time\" \/>\n\t<meta name=\"twitter:data1\" content=\"1 minute\" \/>\n<script type=\"application\/ld+json\" class=\"yoast-schema-graph\">{\"@context\":\"https:\/\/schema.org\",\"@graph\":[{\"@type\":\"WebPage\",\"@id\":\"https:\/\/www.globaltools.pt\/produto\/raspador-de-chao-angular-sds-plus\/\",\"url\":\"https:\/\/www.globaltools.pt\/produto\/raspador-de-chao-angular-sds-plus\/\",\"name\":\"Raspador de Ch\u00e3o Angular SDS Plus Raspador de Ch\u00e3o SDS Plus\",\"isPartOf\":{\"@id\":\"https:\/\/www.globaltools.pt\/#website\"},\"primaryImageOfPage\":{\"@id\":\"https:\/\/www.globaltools.pt\/produto\/raspador-de-chao-angular-sds-plus\/#primaryimage\"},\"image\":{\"@id\":\"https:\/\/www.globaltools.pt\/produto\/raspador-de-chao-angular-sds-plus\/#primaryimage\"},\"thumbnailUrl\":\"https:\/\/www.globaltools.pt\/wp-content\/uploads\/2026\/01\/raspador-sds-plus.jpg\",\"datePublished\":\"2026-01-12T15:15:41+00:00\",\"dateModified\":\"2026-01-12T15:29:04+00:00\",\"description\":\"Raspador de ch\u00e3o angular com \u00e2ngulo de 15\u00ba-20\u00ba que oferece maior rentabilidade. Material 40Cr, a\u00e7o especial alta qualidade grande resist\u00eancia ao impacto e ao desgaste.\",\"breadcrumb\":{\"@id\":\"https:\/\/www.globaltools.pt\/produto\/raspador-de-chao-angular-sds-plus\/#breadcrumb\"},\"inLanguage\":\"en-US\",\"potentialAction\":[{\"@type\":\"ReadAction\",\"target\":[\"https:\/\/www.globaltools.pt\/produto\/raspador-de-chao-angular-sds-plus\/\"]}]},{\"@type\":\"ImageObject\",\"inLanguage\":\"en-US\",\"@id\":\"https:\/\/www.globaltools.pt\/produto\/raspador-de-chao-angular-sds-plus\/#primaryimage\",\"url\":\"https:\/\/www.globaltools.pt\/wp-content\/uploads\/2026\/01\/raspador-sds-plus.jpg\",\"contentUrl\":\"https:\/\/www.globaltools.pt\/wp-content\/uploads\/2026\/01\/raspador-sds-plus.jpg\",\"width\":953,\"height\":953},{\"@type\":\"BreadcrumbList\",\"@id\":\"https:\/\/www.globaltools.pt\/produto\/raspador-de-chao-angular-sds-plus\/#breadcrumb\",\"itemListElement\":[{\"@type\":\"ListItem\",\"position\":1,\"name\":\"In\u00edcio\",\"item\":\"https:\/\/www.globaltools.pt\/\"},{\"@type\":\"ListItem\",\"position\":2,\"name\":\"Shop\",\"item\":\"https:\/\/www.globaltools.pt\/en\/shop\/\"},{\"@type\":\"ListItem\",\"position\":3,\"name\":\"Raspador de Ch\u00e3o Angular SDS Plus\"}]},{\"@type\":\"WebSite\",\"@id\":\"https:\/\/www.globaltools.pt\/#website\",\"url\":\"https:\/\/www.globaltools.pt\/\",\"name\":\"Globaltools\",\"description\":\"\",\"publisher\":{\"@id\":\"https:\/\/www.globaltools.pt\/#organization\"},\"potentialAction\":[{\"@type\":\"SearchAction\",\"target\":{\"@type\":\"EntryPoint\",\"urlTemplate\":\"https:\/\/www.globaltools.pt\/?s={search_term_string}\"},\"query-input\":{\"@type\":\"PropertyValueSpecification\",\"valueRequired\":true,\"valueName\":\"search_term_string\"}}],\"inLanguage\":\"en-US\"},{\"@type\":\"Organization\",\"@id\":\"https:\/\/www.globaltools.pt\/#organization\",\"name\":\"Globaltools\",\"url\":\"https:\/\/www.globaltools.pt\/\",\"logo\":{\"@type\":\"ImageObject\",\"inLanguage\":\"en-US\",\"@id\":\"https:\/\/www.globaltools.pt\/#\/schema\/logo\/image\/\",\"url\":\"https:\/\/www.globaltools.pt\/wp-content\/uploads\/2025\/05\/DELTATOOLS-LOGO.jpg\",\"contentUrl\":\"https:\/\/www.globaltools.pt\/wp-content\/uploads\/2025\/05\/DELTATOOLS-LOGO.jpg\",\"width\":542,\"height\":120,\"caption\":\"Globaltools\"},\"image\":{\"@id\":\"https:\/\/www.globaltools.pt\/#\/schema\/logo\/image\/\"}}]}<\/script>\n<!-- \/ Yoast SEO plugin. -->","yoast_head_json":{"title":"Raspador de Ch\u00e3o Angular SDS Plus Raspador de Ch\u00e3o SDS Plus","description":"Raspador de ch\u00e3o angular com \u00e2ngulo de 15\u00ba-20\u00ba que oferece maior rentabilidade. Material 40Cr, a\u00e7o especial alta qualidade grande resist\u00eancia ao impacto e ao desgaste.","robots":{"index":"index","follow":"follow","max-snippet":"max-snippet:-1","max-image-preview":"max-image-preview:large","max-video-preview":"max-video-preview:-1"},"canonical":"https:\/\/www.globaltools.pt\/produto\/raspador-de-chao-angular-sds-plus\/","og_locale":"en_US","og_type":"article","og_title":"Raspador de Ch\u00e3o Angular SDS Plus Raspador de Ch\u00e3o SDS Plus","og_description":"Raspador de ch\u00e3o angular com \u00e2ngulo de 15\u00ba-20\u00ba que oferece maior rentabilidade. Material 40Cr, a\u00e7o especial alta qualidade grande resist\u00eancia ao impacto e ao desgaste.","og_url":"https:\/\/www.globaltools.pt\/produto\/raspador-de-chao-angular-sds-plus\/","og_site_name":"GlobalTools","article_modified_time":"2026-01-12T15:29:04+00:00","og_image":[{"width":953,"height":953,"url":"https:\/\/www.globaltools.pt\/wp-content\/uploads\/2026\/01\/raspador-sds-plus.jpg","type":"image\/jpeg"}],"twitter_card":"summary_large_image","twitter_misc":{"Est. reading time":"1 minute"},"schema":{"@context":"https:\/\/schema.org","@graph":[{"@type":"WebPage","@id":"https:\/\/www.globaltools.pt\/produto\/raspador-de-chao-angular-sds-plus\/","url":"https:\/\/www.globaltools.pt\/produto\/raspador-de-chao-angular-sds-plus\/","name":"Raspador de Ch\u00e3o Angular SDS Plus Raspador de Ch\u00e3o SDS Plus","isPartOf":{"@id":"https:\/\/www.globaltools.pt\/#website"},"primaryImageOfPage":{"@id":"https:\/\/www.globaltools.pt\/produto\/raspador-de-chao-angular-sds-plus\/#primaryimage"},"image":{"@id":"https:\/\/www.globaltools.pt\/produto\/raspador-de-chao-angular-sds-plus\/#primaryimage"},"thumbnailUrl":"https:\/\/www.globaltools.pt\/wp-content\/uploads\/2026\/01\/raspador-sds-plus.jpg","datePublished":"2026-01-12T15:15:41+00:00","dateModified":"2026-01-12T15:29:04+00:00","description":"Raspador de ch\u00e3o angular com \u00e2ngulo de 15\u00ba-20\u00ba que oferece maior rentabilidade. Material 40Cr, a\u00e7o especial alta qualidade grande resist\u00eancia ao impacto e ao desgaste.","breadcrumb":{"@id":"https:\/\/www.globaltools.pt\/produto\/raspador-de-chao-angular-sds-plus\/#breadcrumb"},"inLanguage":"en-US","potentialAction":[{"@type":"ReadAction","target":["https:\/\/www.globaltools.pt\/produto\/raspador-de-chao-angular-sds-plus\/"]}]},{"@type":"ImageObject","inLanguage":"en-US","@id":"https:\/\/www.globaltools.pt\/produto\/raspador-de-chao-angular-sds-plus\/#primaryimage","url":"https:\/\/www.globaltools.pt\/wp-content\/uploads\/2026\/01\/raspador-sds-plus.jpg","contentUrl":"https:\/\/www.globaltools.pt\/wp-content\/uploads\/2026\/01\/raspador-sds-plus.jpg","width":953,"height":953},{"@type":"BreadcrumbList","@id":"https:\/\/www.globaltools.pt\/produto\/raspador-de-chao-angular-sds-plus\/#breadcrumb","itemListElement":[{"@type":"ListItem","position":1,"name":"In\u00edcio","item":"https:\/\/www.globaltools.pt\/"},{"@type":"ListItem","position":2,"name":"Shop","item":"https:\/\/www.globaltools.pt\/en\/shop\/"},{"@type":"ListItem","position":3,"name":"Raspador de Ch\u00e3o Angular SDS Plus"}]},{"@type":"WebSite","@id":"https:\/\/www.globaltools.pt\/#website","url":"https:\/\/www.globaltools.pt\/","name":"Globaltools","description":"","publisher":{"@id":"https:\/\/www.globaltools.pt\/#organization"},"potentialAction":[{"@type":"SearchAction","target":{"@type":"EntryPoint","urlTemplate":"https:\/\/www.globaltools.pt\/?s={search_term_string}"},"query-input":{"@type":"PropertyValueSpecification","valueRequired":true,"valueName":"search_term_string"}}],"inLanguage":"en-US"},{"@type":"Organization","@id":"https:\/\/www.globaltools.pt\/#organization","name":"Globaltools","url":"https:\/\/www.globaltools.pt\/","logo":{"@type":"ImageObject","inLanguage":"en-US","@id":"https:\/\/www.globaltools.pt\/#\/schema\/logo\/image\/","url":"https:\/\/www.globaltools.pt\/wp-content\/uploads\/2025\/05\/DELTATOOLS-LOGO.jpg","contentUrl":"https:\/\/www.globaltools.pt\/wp-content\/uploads\/2025\/05\/DELTATOOLS-LOGO.jpg","width":542,"height":120,"caption":"Globaltools"},"image":{"@id":"https:\/\/www.globaltools.pt\/#\/schema\/logo\/image\/"}}]}},"_links":{"self":[{"href":"https:\/\/www.globaltools.pt\/en\/wp-json\/wp\/v2\/product\/20235","targetHints":{"allow":["GET"]}}],"collection":[{"href":"https:\/\/www.globaltools.pt\/en\/wp-json\/wp\/v2\/product"}],"about":[{"href":"https:\/\/www.globaltools.pt\/en\/wp-json\/wp\/v2\/types\/product"}],"version-history":[{"count":7,"href":"https:\/\/www.globaltools.pt\/en\/wp-json\/wp\/v2\/product\/20235\/revisions"}],"predecessor-version":[{"id":20246,"href":"https:\/\/www.globaltools.pt\/en\/wp-json\/wp\/v2\/product\/20235\/revisions\/20246"}],"wp:featuredmedia":[{"embeddable":true,"href":"https:\/\/www.globaltools.pt\/en\/wp-json\/wp\/v2\/media\/20236"}],"wp:attachment":[{"href":"https:\/\/www.globaltools.pt\/en\/wp-json\/wp\/v2\/media?parent=20235"}],"wp:term":[{"taxonomy":"product_brand","embeddable":true,"href":"https:\/\/www.globaltools.pt\/en\/wp-json\/wp\/v2\/product_brand?post=20235"},{"taxonomy":"product_cat","embeddable":true,"href":"https:\/\/www.globaltools.pt\/en\/wp-json\/wp\/v2\/product_cat?post=20235"},{"taxonomy":"product_tag","embeddable":true,"href":"https:\/\/www.globaltools.pt\/en\/wp-json\/wp\/v2\/product_tag?post=20235"}],"curies":[{"name":"wp","href":"https:\/\/api.w.org\/{rel}","templated":true}]}}